{"id":5957,"date":"2023-04-24T08:58:42","date_gmt":"2023-04-24T06:58:42","guid":{"rendered":"https:\/\/www.axioprisa.de\/product\/sam-3-professional-digital-plus-kit\/"},"modified":"2025-07-11T08:38:41","modified_gmt":"2025-07-11T06:38:41","slug":"sam-3-professional-digital-plus-kit","status":"publish","type":"product","link":"https:\/\/www.axioprisa.de\/de\/produkt\/sam-3-professional-digital-plus-kit\/","title":{"rendered":"SAM 3 Professional Digital Plus Kit"},"content":{"rendered":"<p>Die professional Version des SAM 3 Artikulators ist in diesem Kit enthalten. Dieser Artikulator bietet die h\u00f6chste Genauigkeit f\u00fcr alle zahn\u00e4rztlichen Arbeitsablauf. Mit dem mikroverstellbaren Inzisalstift und dem verstellbaren Inzisaltisch ist es m\u00f6glich, jede Patientensituation zu simulieren. Im Kondylenh\u00e4usern sind Protrusions-\/Retrusionsschrauben sind enthalten. Mit den Schrauben kann eine stufenlos Protrusion zwischen 0 &#8211; 6 mm und eine stufenlos Retrusion 0 &#8211; 2 mm eingestellt werden. Die Flexibilit\u00e4t der einzelnen Teile wurde unter Ber\u00fccksichtigung der Komplexit\u00e4t des menschlichen Kiefergelenks entwickelt. Durch die jahrelange Entwicklungsarbeit von SAM wurde ein Ger\u00e4t geschaffen, das keine Wunsch offen l\u00e4sst.<\/p>\n<p>&nbsp;<\/p>\n<p>Ebenfalls im Lieferumfang enthalten ist das AxioPrisa Kit mit der AxioQuick Transferbox und der AxioPrisa Bissgabeltr\u00e4ger. Mit dem AxioQuick Transferbogen kann die Achsen-Orbitalebene vom Patienten auf die Situation im Artikulator \u00fcbertragen werden. Erg\u00e4nzt mit der AxioPrisa ist dies die beste M\u00f6glichkeit, den digitalen Workflow zu vervollst\u00e4ndigen. Die Bissgabeltr\u00e4ger verf\u00fcgt \u00fcber ein scannbares Muster, um die Scans direkt in Ihrer CAD-Software zu nutzen. Bei diesem Konzept wird ein weiterer Oberkieferscan ben\u00f6tigt, um die korrekte Oberkieferposition in das digitale Format zu \u00fcbertragen.<\/p>\n<p>Axiojigs f\u00fcr den einmaligen Gebrauch machen die Desinfektion leicht und einfach. Die gelben Axiojigs aus Kunststoff sind k\u00f6rperfreundlich und werden nach EU- und FDA-Normen kontrolliert. Axiojigs sind die Verbindung zwischen Patient und Transferbogen und werden mit einem kleinen St\u00fcck Bissregistriermaterial im Oberkiefer fixiert. Dies gew\u00e4hrleistet einen perfekten Sitz auf den Schneidez\u00e4hnen w\u00e4hrend des Scanvorgangs.<\/p>\n<p>Die AxioPrisa Software integriert die Patientenebene direkt in die Scandateien. Auf diese Weise kann die digitale Arbeit in der nat\u00fcrlichen Patientensituation konstruiert werden. Mit der Axioprisa-Software ist es m\u00f6glich, alle Scans in fertige STL-Dateien zu \u00fcbertragen. Dieses Dateiformat garantiert, dass alle CAD-Programme die angepassten Scans verwenden k\u00f6nnen. Auf diese Weise wird der digitale Prozess in digitalen Schritten abgeschlossen.<\/p>\n<p>&nbsp;<\/p>\n<p>Das Konzept von AxioSnapMount besteht darin, 3D-gedruckte Modelle in SAM-Artikulatoren zu verwenden. Die mit dem AxioPrisa-System gescannte Patientenebene wird direkt in die Basis der 3D-gedruckten Modelle gedruckt. Dies erm\u00f6glicht ein Arbeiten ohne das Risiko, die korrekte Position des Oberkiefers zu verlieren. Die gedruckten Modelle werden auf Distanzbl\u00f6cken montiert, die den Gips ersetzen. Die Distanzbl\u00f6cke k\u00f6nnen mit dem SAM-Schraubsystem oder dem MPS-Magnetsystem befestigt werden. Auf der Oberseite befindet sich eine Aussparung zur Befestigung eines normalen oder starken Magnettopfes mit einer Schraube. Mit der magnetischen Befestigung ist es m\u00f6glich, gedruckte Modelle mit ASM-Montageplatten zu befestigen. Die Montageplatten sind in vier verschiedenen H\u00f6hen erh\u00e4ltlich und werden direkt mit den Modellen verbunden. Dies gew\u00e4hrleistet die Langzeitstabilit\u00e4t der Modelle und eine integrierte Metallplatte erleichtert das Modelwechsel.<\/p>\n<p>Dieser Satz besteht aus neun Abstandshaltern in verschiedenen H\u00f6hen. Durch die Flexibilit\u00e4t des Konzepts ist es m\u00f6glich, alle Modelle zeit- und materialsparend zu drucken. In Kombination mit den unterschiedlichen H\u00f6hen der SAM-Montageplatten ist es m\u00f6glich, die Druckh\u00f6he in 2,5 mm Schritten zu minimieren. Das ASM-Display ist eine gute M\u00f6glichkeit, die Abstandshalter sicher und sauber zu halten. Er ist aus Aluminium gefertigt, damit er lange Zeit verwendet werden kann und leicht zu reinigen ist.<\/p>\n<p>&nbsp;<\/p>\n<p>Die AxioPrisa Software und AxioSnapMount Software sind ebenfalls enthalten. Wenige Schritte gen\u00fcgen, um den gesamten digitalen Workflow zu vervollst\u00e4ndigen. Die Lizenzen f\u00fcr die Software sind zwei Jahre lang g\u00fcltig.<\/p>\n<p>&nbsp;<\/p>\n<p>Besteht aus:<br \/>\nSAM\u00ae 3 Artikulator Professional<br \/>\nmit MPS-System, verstellbarem Inzisalstift und verstellbarem Inzisaltisch. AxioPrisa Windows Kit mit dem AxioQuick Transferbogen und dem AxioPrisa Bissgabeltr\u00e4ger.<\/p>\n<p>AxioPrisa:<br \/>\n1 x ATB 303 &#8211; Transferb\u00fcgel AxioQuick<br \/>\n1 x ATB 394 &#8211; Nasion relator AX-S<br \/>\n1 x AXP 100 &#8211; Axioprisa Transfereinheit<br \/>\n100 x Axiojig Einweg-Transfergabeln<br \/>\n240 x blaue Positionierungsb\u00fcgelkappenAxioSnapMount Windows Kit<\/p>\n<p>AxioSnapMount:<br \/>\n4 x UPPER JAW Abstandshalter<br \/>\npro 1 x ASM 225 \/ ASM 235 \/ ASM 245 \/ ASM 255<br \/>\n4 x LOWER JAW Abstandshalter<br \/>\npro 1 x ASM 315 \/ ASM 325 \/ ASM 335 \/ ASM 345<br \/>\n8 x ASP 580 &#8211; Magnete N<br \/>\n1x ASM 210 &#8211; SAM Abstandshalter SAM Abstandshalter XSS<br \/>\n1x ART 113 &#8211; Montageplatte R\u00e4ndelschraube f\u00fcr ASM 210<br \/>\n1 x ASM 103 &#8211; ASM Display<br \/>\n5x ASM 125 &#8211; AxioSnapMount Montageplatten (5x) 4&#215;20<br \/>\nJe 20 Montageplatten in verschiedenen H\u00f6hen (+0,0mm, +2,5mm, +5,0mm, +7,5mm)<\/p>\n<p>&nbsp;<\/p>\n<p>Software:<br \/>\nAxioPrisa 24 Monate Lizenz f\u00fcr Windows.<br \/>\nSie k\u00f6nnen die AxioPrisa Software <a href=\"https:\/\/axiocompstatic.azureedge.net\/repos\/1\/InstallAxioprisa.exe\">hier<\/a> herunterladen.<\/p>\n<p>AxioSnapmount 24 Monate Lizenz f\u00fcr Windows.<br \/>\n<a href=\"https:\/\/axiocompstatic.azureedge.net\/repos\/1\/InstallAxioSnapMount.exe\">Hier<\/a> k\u00f6nnen Sie die AxioSnapMount Software herunterladen.<\/p>\n<p>&nbsp;<\/p>\n<p>Mit diesem Paket enth\u00e4lt einen Rabatt von 7,5 %.<\/p>\n","protected":false},"excerpt":{"rendered":"<p>Die professional Version des SAM 3 Artikulators ist in diesem Kit enthalten. Dieser Artikulator bietet die h\u00f6chste Genauigkeit f\u00fcr alle zahn\u00e4rztlichen Arbeitsablauf. Mit dem mikroverstellbaren Inzisalstift und dem verstellbaren Inzisaltisch ist es m\u00f6glich, jede Patientensituation zu simulieren. Im Kondylenh\u00e4usern sind Protrusions-\/Retrusionsschrauben sind enthalten. Mit den Schrauben kann eine stufenlos Protrusion zwischen 0 &#8211; 6 mm &#8230; <a title=\"SAM 3 Professional Digital Plus Kit\" class=\"read-more\" href=\"https:\/\/www.axioprisa.de\/de\/produkt\/sam-3-professional-digital-plus-kit\/\" aria-label=\"Mehr zu SAM 3 Professional Digital Plus Kit\">Read more<\/a><\/p>\n","protected":false},"featured_media":0,"comment_status":"open","ping_status":"closed","template":"","meta":[],"product_brand":[],"product_cat":[90,89,91,92,93,63,66],"product_tag":[],"class_list":{"0":"post-5957","1":"product","2":"type-product","3":"status-publish","5":"product_cat-distanzblocke","6":"product_cat-hardware-de","7":"product_cat-montageplattten","8":"product_cat-sam-hardware-de","9":"product_cat-windows-10-11-de","10":"product_cat-kits-de","11":"product_cat-software-de","13":"first","14":"instock","15":"taxable","16":"shipping-taxable","17":"purchasable","18":"product-type-simple"},"yoast_head":"<!-- This site is optimized with the Yoast SEO plugin v25.4 - https:\/\/yoast.com\/wordpress\/plugins\/seo\/ -->\r\n<title>SAM 3 Professional Digital Plus Kit - axioprisa<\/title>\r\n<meta name=\"robots\" content=\"index, follow, max-snippet:-1, max-image-preview:large, max-video-preview:-1\" \/>\r\n<link rel=\"canonical\" href=\"https:\/\/www.axioprisa.de\/de\/produkt\/sam-3-professional-digital-plus-kit\/\" \/>\r\n<meta property=\"og:locale\" content=\"de_DE\" \/>\r\n<meta property=\"og:type\" content=\"article\" \/>\r\n<meta property=\"og:title\" content=\"SAM 3 Professional Digital Plus Kit - axioprisa\" \/>\r\n<meta property=\"og:description\" content=\"Die professional Version des SAM 3 Artikulators ist in diesem Kit enthalten. Dieser Artikulator bietet die h\u00f6chste Genauigkeit f\u00fcr alle zahn\u00e4rztlichen Arbeitsablauf. Mit dem mikroverstellbaren Inzisalstift und dem verstellbaren Inzisaltisch ist es m\u00f6glich, jede Patientensituation zu simulieren. Im Kondylenh\u00e4usern sind Protrusions-\/Retrusionsschrauben sind enthalten. Mit den Schrauben kann eine stufenlos Protrusion zwischen 0 &#8211; 6 mm ... Read more\" \/>\r\n<meta property=\"og:url\" content=\"https:\/\/www.axioprisa.de\/de\/produkt\/sam-3-professional-digital-plus-kit\/\" \/>\r\n<meta property=\"og:site_name\" content=\"axioprisa\" \/>\r\n<meta property=\"article:publisher\" content=\"https:\/\/www.facebook.com\/AxioPrisa-108822991713111\" \/>\r\n<meta property=\"article:modified_time\" content=\"2025-07-11T06:38:41+00:00\" \/>\r\n<meta name=\"twitter:card\" content=\"summary_large_image\" \/>\r\n<meta name=\"twitter:label1\" content=\"Gesch\u00e4tzte Lesezeit\" \/>\n\t<meta name=\"twitter:data1\" content=\"4\u00a0Minuten\" \/>\r\n<script type=\"application\/ld+json\" class=\"yoast-schema-graph\">{\"@context\":\"https:\/\/schema.org\",\"@graph\":[{\"@type\":\"WebPage\",\"@id\":\"https:\/\/www.axioprisa.de\/de\/produkt\/sam-3-professional-digital-plus-kit\/\",\"url\":\"https:\/\/www.axioprisa.de\/de\/produkt\/sam-3-professional-digital-plus-kit\/\",\"name\":\"SAM 3 Professional Digital Plus Kit - axioprisa\",\"isPartOf\":{\"@id\":\"https:\/\/www.axioprisa.de\/de\/#website\"},\"datePublished\":\"2023-04-24T06:58:42+00:00\",\"dateModified\":\"2025-07-11T06:38:41+00:00\",\"breadcrumb\":{\"@id\":\"https:\/\/www.axioprisa.de\/de\/produkt\/sam-3-professional-digital-plus-kit\/#breadcrumb\"},\"inLanguage\":\"de\",\"potentialAction\":[{\"@type\":\"ReadAction\",\"target\":[\"https:\/\/www.axioprisa.de\/de\/produkt\/sam-3-professional-digital-plus-kit\/\"]}]},{\"@type\":\"BreadcrumbList\",\"@id\":\"https:\/\/www.axioprisa.de\/de\/produkt\/sam-3-professional-digital-plus-kit\/#breadcrumb\",\"itemListElement\":[{\"@type\":\"ListItem\",\"position\":1,\"name\":\"Home\",\"item\":\"https:\/\/www.axioprisa.de\/de\/\"},{\"@type\":\"ListItem\",\"position\":2,\"name\":\"Shop\",\"item\":\"https:\/\/www.axioprisa.de\/de\/shop-2\/\"},{\"@type\":\"ListItem\",\"position\":3,\"name\":\"SAM 3 Professional Digital Plus Kit\"}]},{\"@type\":\"WebSite\",\"@id\":\"https:\/\/www.axioprisa.de\/de\/#website\",\"url\":\"https:\/\/www.axioprisa.de\/de\/\",\"name\":\"axioprisa\",\"description\":\"\",\"publisher\":{\"@id\":\"https:\/\/www.axioprisa.de\/de\/#organization\"},\"potentialAction\":[{\"@type\":\"SearchAction\",\"target\":{\"@type\":\"EntryPoint\",\"urlTemplate\":\"https:\/\/www.axioprisa.de\/de\/?s={search_term_string}\"},\"query-input\":{\"@type\":\"PropertyValueSpecification\",\"valueRequired\":true,\"valueName\":\"search_term_string\"}}],\"inLanguage\":\"de\"},{\"@type\":\"Organization\",\"@id\":\"https:\/\/www.axioprisa.de\/de\/#organization\",\"name\":\"AxioPrisa\",\"url\":\"https:\/\/www.axioprisa.de\/de\/\",\"logo\":{\"@type\":\"ImageObject\",\"inLanguage\":\"de\",\"@id\":\"https:\/\/www.axioprisa.de\/de\/#\/schema\/logo\/image\/\",\"url\":\"https:\/\/www.axioprisa.de\/wp-content\/uploads\/2022\/02\/axp-logo.png\",\"contentUrl\":\"https:\/\/www.axioprisa.de\/wp-content\/uploads\/2022\/02\/axp-logo.png\",\"width\":105,\"height\":105,\"caption\":\"AxioPrisa\"},\"image\":{\"@id\":\"https:\/\/www.axioprisa.de\/de\/#\/schema\/logo\/image\/\"},\"sameAs\":[\"https:\/\/www.facebook.com\/AxioPrisa-108822991713111\",\"https:\/\/www.youtube.com\/channel\/UCFJJU5CN1sKReM0Iz-XJHQw\"]}]}<\/script>\r\n<!-- \/ Yoast SEO plugin. -->","yoast_head_json":{"title":"SAM 3 Professional Digital Plus Kit - axioprisa","robots":{"index":"index","follow":"follow","max-snippet":"max-snippet:-1","max-image-preview":"max-image-preview:large","max-video-preview":"max-video-preview:-1"},"canonical":"https:\/\/www.axioprisa.de\/de\/produkt\/sam-3-professional-digital-plus-kit\/","og_locale":"de_DE","og_type":"article","og_title":"SAM 3 Professional Digital Plus Kit - axioprisa","og_description":"Die professional Version des SAM 3 Artikulators ist in diesem Kit enthalten. Dieser Artikulator bietet die h\u00f6chste Genauigkeit f\u00fcr alle zahn\u00e4rztlichen Arbeitsablauf. Mit dem mikroverstellbaren Inzisalstift und dem verstellbaren Inzisaltisch ist es m\u00f6glich, jede Patientensituation zu simulieren. Im Kondylenh\u00e4usern sind Protrusions-\/Retrusionsschrauben sind enthalten. Mit den Schrauben kann eine stufenlos Protrusion zwischen 0 &#8211; 6 mm ... Read more","og_url":"https:\/\/www.axioprisa.de\/de\/produkt\/sam-3-professional-digital-plus-kit\/","og_site_name":"axioprisa","article_publisher":"https:\/\/www.facebook.com\/AxioPrisa-108822991713111","article_modified_time":"2025-07-11T06:38:41+00:00","twitter_card":"summary_large_image","twitter_misc":{"Gesch\u00e4tzte Lesezeit":"4\u00a0Minuten"},"schema":{"@context":"https:\/\/schema.org","@graph":[{"@type":"WebPage","@id":"https:\/\/www.axioprisa.de\/de\/produkt\/sam-3-professional-digital-plus-kit\/","url":"https:\/\/www.axioprisa.de\/de\/produkt\/sam-3-professional-digital-plus-kit\/","name":"SAM 3 Professional Digital Plus Kit - axioprisa","isPartOf":{"@id":"https:\/\/www.axioprisa.de\/de\/#website"},"datePublished":"2023-04-24T06:58:42+00:00","dateModified":"2025-07-11T06:38:41+00:00","breadcrumb":{"@id":"https:\/\/www.axioprisa.de\/de\/produkt\/sam-3-professional-digital-plus-kit\/#breadcrumb"},"inLanguage":"de","potentialAction":[{"@type":"ReadAction","target":["https:\/\/www.axioprisa.de\/de\/produkt\/sam-3-professional-digital-plus-kit\/"]}]},{"@type":"BreadcrumbList","@id":"https:\/\/www.axioprisa.de\/de\/produkt\/sam-3-professional-digital-plus-kit\/#breadcrumb","itemListElement":[{"@type":"ListItem","position":1,"name":"Home","item":"https:\/\/www.axioprisa.de\/de\/"},{"@type":"ListItem","position":2,"name":"Shop","item":"https:\/\/www.axioprisa.de\/de\/shop-2\/"},{"@type":"ListItem","position":3,"name":"SAM 3 Professional Digital Plus Kit"}]},{"@type":"WebSite","@id":"https:\/\/www.axioprisa.de\/de\/#website","url":"https:\/\/www.axioprisa.de\/de\/","name":"axioprisa","description":"","publisher":{"@id":"https:\/\/www.axioprisa.de\/de\/#organization"},"potentialAction":[{"@type":"SearchAction","target":{"@type":"EntryPoint","urlTemplate":"https:\/\/www.axioprisa.de\/de\/?s={search_term_string}"},"query-input":{"@type":"PropertyValueSpecification","valueRequired":true,"valueName":"search_term_string"}}],"inLanguage":"de"},{"@type":"Organization","@id":"https:\/\/www.axioprisa.de\/de\/#organization","name":"AxioPrisa","url":"https:\/\/www.axioprisa.de\/de\/","logo":{"@type":"ImageObject","inLanguage":"de","@id":"https:\/\/www.axioprisa.de\/de\/#\/schema\/logo\/image\/","url":"https:\/\/www.axioprisa.de\/wp-content\/uploads\/2022\/02\/axp-logo.png","contentUrl":"https:\/\/www.axioprisa.de\/wp-content\/uploads\/2022\/02\/axp-logo.png","width":105,"height":105,"caption":"AxioPrisa"},"image":{"@id":"https:\/\/www.axioprisa.de\/de\/#\/schema\/logo\/image\/"},"sameAs":["https:\/\/www.facebook.com\/AxioPrisa-108822991713111","https:\/\/www.youtube.com\/channel\/UCFJJU5CN1sKReM0Iz-XJHQw"]}]}},"jetpack_sharing_enabled":true,"wcpa_form_fields":null,"_links":{"self":[{"href":"https:\/\/www.axioprisa.de\/de\/wp-json\/wp\/v2\/product\/5957","targetHints":{"allow":["GET"]}}],"collection":[{"href":"https:\/\/www.axioprisa.de\/de\/wp-json\/wp\/v2\/product"}],"about":[{"href":"https:\/\/www.axioprisa.de\/de\/wp-json\/wp\/v2\/types\/product"}],"replies":[{"embeddable":true,"href":"https:\/\/www.axioprisa.de\/de\/wp-json\/wp\/v2\/comments?post=5957"}],"wp:attachment":[{"href":"https:\/\/www.axioprisa.de\/de\/wp-json\/wp\/v2\/media?parent=5957"}],"wp:term":[{"taxonomy":"product_brand","embeddable":true,"href":"https:\/\/www.axioprisa.de\/de\/wp-json\/wp\/v2\/product_brand?post=5957"},{"taxonomy":"product_cat","embeddable":true,"href":"https:\/\/www.axioprisa.de\/de\/wp-json\/wp\/v2\/product_cat?post=5957"},{"taxonomy":"product_tag","embeddable":true,"href":"https:\/\/www.axioprisa.de\/de\/wp-json\/wp\/v2\/product_tag?post=5957"}],"curies":[{"name":"wp","href":"https:\/\/api.w.org\/{rel}","templated":true}]}}