{"id":5956,"date":"2023-05-08T10:44:41","date_gmt":"2023-05-08T08:44:41","guid":{"rendered":"https:\/\/www.axioprisa.de\/product\/internationales-face-treffen\/"},"modified":"2025-07-11T08:38:39","modified_gmt":"2025-07-11T06:38:39","slug":"internationales-face-treffen","status":"publish","type":"product","link":"https:\/\/www.axioprisa.de\/de\/produkt\/internationales-face-treffen\/","title":{"rendered":"Internationales FACE Treffen"},"content":{"rendered":"<h4>Sichern Sie sich Ihr Ticket f\u00fcr das internationale Treffen in Bukarest, Rum\u00e4nien.<\/h4>\n<h4>Sichern Sie sich Ihren Rabatt mit dem Gutscheincode <strong>FIMDSK20<\/strong> und genie\u00dfen Sie die Veranstaltung.<\/h4>\n<h2><a href=\"http:\/\/www.face2023.com\"><strong>www.face2023.com<\/strong><\/a><\/h2>\n","protected":false},"excerpt":{"rendered":"<p>Sichern Sie sich Ihr Ticket f\u00fcr das internationale Treffen in Bukarest, Rum\u00e4nien. Sichern Sie sich Ihren Rabatt mit dem Gutscheincode FIMDSK20 und genie\u00dfen Sie die Veranstaltung. www.face2023.com<\/p>\n","protected":false},"featured_media":3169,"comment_status":"open","ping_status":"closed","template":"","meta":[],"product_brand":[],"product_cat":[99],"product_tag":[],"class_list":{"0":"post-5956","1":"product","2":"type-product","3":"status-publish","4":"has-post-thumbnail","6":"product_cat-ausbildung","8":"first","9":"instock","10":"taxable","11":"shipping-taxable","12":"product-type-simple"},"yoast_head":"<!-- This site is optimized with the Yoast SEO plugin v25.4 - https:\/\/yoast.com\/wordpress\/plugins\/seo\/ -->\r\n<title>Internationales FACE Treffen - axioprisa<\/title>\r\n<meta name=\"robots\" content=\"index, follow, max-snippet:-1, max-image-preview:large, max-video-preview:-1\" \/>\r\n<link rel=\"canonical\" href=\"https:\/\/www.axioprisa.de\/de\/produkt\/internationales-face-treffen\/\" \/>\r\n<meta property=\"og:locale\" content=\"de_DE\" \/>\r\n<meta property=\"og:type\" content=\"article\" \/>\r\n<meta property=\"og:title\" content=\"Internationales FACE Treffen - axioprisa\" \/>\r\n<meta property=\"og:description\" content=\"Sichern Sie sich Ihr Ticket f\u00fcr das internationale Treffen in Bukarest, Rum\u00e4nien. Sichern Sie sich Ihren Rabatt mit dem Gutscheincode FIMDSK20 und genie\u00dfen Sie die Veranstaltung. www.face2023.com\" \/>\r\n<meta property=\"og:url\" content=\"https:\/\/www.axioprisa.de\/de\/produkt\/internationales-face-treffen\/\" \/>\r\n<meta property=\"og:site_name\" content=\"axioprisa\" \/>\r\n<meta property=\"article:publisher\" content=\"https:\/\/www.facebook.com\/AxioPrisa-108822991713111\" \/>\r\n<meta property=\"article:modified_time\" content=\"2025-07-11T06:38:39+00:00\" \/>\r\n<meta property=\"og:image\" content=\"https:\/\/www.axioprisa.de\/wp-content\/uploads\/2023\/05\/FACE.jpeg\" \/>\r\n\t<meta property=\"og:image:width\" content=\"512\" \/>\r\n\t<meta property=\"og:image:height\" content=\"512\" \/>\r\n\t<meta property=\"og:image:type\" content=\"image\/jpeg\" \/>\r\n<meta name=\"twitter:card\" content=\"summary_large_image\" \/>\r\n<script type=\"application\/ld+json\" class=\"yoast-schema-graph\">{\"@context\":\"https:\/\/schema.org\",\"@graph\":[{\"@type\":\"WebPage\",\"@id\":\"https:\/\/www.axioprisa.de\/de\/produkt\/internationales-face-treffen\/\",\"url\":\"https:\/\/www.axioprisa.de\/de\/produkt\/internationales-face-treffen\/\",\"name\":\"Internationales FACE Treffen - axioprisa\",\"isPartOf\":{\"@id\":\"https:\/\/www.axioprisa.de\/de\/#website\"},\"primaryImageOfPage\":{\"@id\":\"https:\/\/www.axioprisa.de\/de\/produkt\/internationales-face-treffen\/#primaryimage\"},\"image\":{\"@id\":\"https:\/\/www.axioprisa.de\/de\/produkt\/internationales-face-treffen\/#primaryimage\"},\"thumbnailUrl\":\"https:\/\/www.axioprisa.de\/wp-content\/uploads\/2023\/05\/FACE.jpeg\",\"datePublished\":\"2023-05-08T08:44:41+00:00\",\"dateModified\":\"2025-07-11T06:38:39+00:00\",\"breadcrumb\":{\"@id\":\"https:\/\/www.axioprisa.de\/de\/produkt\/internationales-face-treffen\/#breadcrumb\"},\"inLanguage\":\"de\",\"potentialAction\":[{\"@type\":\"ReadAction\",\"target\":[\"https:\/\/www.axioprisa.de\/de\/produkt\/internationales-face-treffen\/\"]}]},{\"@type\":\"ImageObject\",\"inLanguage\":\"de\",\"@id\":\"https:\/\/www.axioprisa.de\/de\/produkt\/internationales-face-treffen\/#primaryimage\",\"url\":\"https:\/\/www.axioprisa.de\/wp-content\/uploads\/2023\/05\/FACE.jpeg\",\"contentUrl\":\"https:\/\/www.axioprisa.de\/wp-content\/uploads\/2023\/05\/FACE.jpeg\",\"width\":512,\"height\":512},{\"@type\":\"BreadcrumbList\",\"@id\":\"https:\/\/www.axioprisa.de\/de\/produkt\/internationales-face-treffen\/#breadcrumb\",\"itemListElement\":[{\"@type\":\"ListItem\",\"position\":1,\"name\":\"Home\",\"item\":\"https:\/\/www.axioprisa.de\/de\/\"},{\"@type\":\"ListItem\",\"position\":2,\"name\":\"Shop\",\"item\":\"https:\/\/www.axioprisa.de\/de\/shop-2\/\"},{\"@type\":\"ListItem\",\"position\":3,\"name\":\"Internationales FACE Treffen\"}]},{\"@type\":\"WebSite\",\"@id\":\"https:\/\/www.axioprisa.de\/de\/#website\",\"url\":\"https:\/\/www.axioprisa.de\/de\/\",\"name\":\"axioprisa\",\"description\":\"\",\"publisher\":{\"@id\":\"https:\/\/www.axioprisa.de\/de\/#organization\"},\"potentialAction\":[{\"@type\":\"SearchAction\",\"target\":{\"@type\":\"EntryPoint\",\"urlTemplate\":\"https:\/\/www.axioprisa.de\/de\/?s={search_term_string}\"},\"query-input\":{\"@type\":\"PropertyValueSpecification\",\"valueRequired\":true,\"valueName\":\"search_term_string\"}}],\"inLanguage\":\"de\"},{\"@type\":\"Organization\",\"@id\":\"https:\/\/www.axioprisa.de\/de\/#organization\",\"name\":\"AxioPrisa\",\"url\":\"https:\/\/www.axioprisa.de\/de\/\",\"logo\":{\"@type\":\"ImageObject\",\"inLanguage\":\"de\",\"@id\":\"https:\/\/www.axioprisa.de\/de\/#\/schema\/logo\/image\/\",\"url\":\"https:\/\/www.axioprisa.de\/wp-content\/uploads\/2022\/02\/axp-logo.png\",\"contentUrl\":\"https:\/\/www.axioprisa.de\/wp-content\/uploads\/2022\/02\/axp-logo.png\",\"width\":105,\"height\":105,\"caption\":\"AxioPrisa\"},\"image\":{\"@id\":\"https:\/\/www.axioprisa.de\/de\/#\/schema\/logo\/image\/\"},\"sameAs\":[\"https:\/\/www.facebook.com\/AxioPrisa-108822991713111\",\"https:\/\/www.youtube.com\/channel\/UCFJJU5CN1sKReM0Iz-XJHQw\"]}]}<\/script>\r\n<!-- \/ Yoast SEO plugin. -->","yoast_head_json":{"title":"Internationales FACE Treffen - axioprisa","robots":{"index":"index","follow":"follow","max-snippet":"max-snippet:-1","max-image-preview":"max-image-preview:large","max-video-preview":"max-video-preview:-1"},"canonical":"https:\/\/www.axioprisa.de\/de\/produkt\/internationales-face-treffen\/","og_locale":"de_DE","og_type":"article","og_title":"Internationales FACE Treffen - axioprisa","og_description":"Sichern Sie sich Ihr Ticket f\u00fcr das internationale Treffen in Bukarest, Rum\u00e4nien. Sichern Sie sich Ihren Rabatt mit dem Gutscheincode FIMDSK20 und genie\u00dfen Sie die Veranstaltung. www.face2023.com","og_url":"https:\/\/www.axioprisa.de\/de\/produkt\/internationales-face-treffen\/","og_site_name":"axioprisa","article_publisher":"https:\/\/www.facebook.com\/AxioPrisa-108822991713111","article_modified_time":"2025-07-11T06:38:39+00:00","og_image":[{"width":512,"height":512,"url":"https:\/\/www.axioprisa.de\/wp-content\/uploads\/2023\/05\/FACE.jpeg","type":"image\/jpeg"}],"twitter_card":"summary_large_image","schema":{"@context":"https:\/\/schema.org","@graph":[{"@type":"WebPage","@id":"https:\/\/www.axioprisa.de\/de\/produkt\/internationales-face-treffen\/","url":"https:\/\/www.axioprisa.de\/de\/produkt\/internationales-face-treffen\/","name":"Internationales FACE Treffen - axioprisa","isPartOf":{"@id":"https:\/\/www.axioprisa.de\/de\/#website"},"primaryImageOfPage":{"@id":"https:\/\/www.axioprisa.de\/de\/produkt\/internationales-face-treffen\/#primaryimage"},"image":{"@id":"https:\/\/www.axioprisa.de\/de\/produkt\/internationales-face-treffen\/#primaryimage"},"thumbnailUrl":"https:\/\/www.axioprisa.de\/wp-content\/uploads\/2023\/05\/FACE.jpeg","datePublished":"2023-05-08T08:44:41+00:00","dateModified":"2025-07-11T06:38:39+00:00","breadcrumb":{"@id":"https:\/\/www.axioprisa.de\/de\/produkt\/internationales-face-treffen\/#breadcrumb"},"inLanguage":"de","potentialAction":[{"@type":"ReadAction","target":["https:\/\/www.axioprisa.de\/de\/produkt\/internationales-face-treffen\/"]}]},{"@type":"ImageObject","inLanguage":"de","@id":"https:\/\/www.axioprisa.de\/de\/produkt\/internationales-face-treffen\/#primaryimage","url":"https:\/\/www.axioprisa.de\/wp-content\/uploads\/2023\/05\/FACE.jpeg","contentUrl":"https:\/\/www.axioprisa.de\/wp-content\/uploads\/2023\/05\/FACE.jpeg","width":512,"height":512},{"@type":"BreadcrumbList","@id":"https:\/\/www.axioprisa.de\/de\/produkt\/internationales-face-treffen\/#breadcrumb","itemListElement":[{"@type":"ListItem","position":1,"name":"Home","item":"https:\/\/www.axioprisa.de\/de\/"},{"@type":"ListItem","position":2,"name":"Shop","item":"https:\/\/www.axioprisa.de\/de\/shop-2\/"},{"@type":"ListItem","position":3,"name":"Internationales FACE Treffen"}]},{"@type":"WebSite","@id":"https:\/\/www.axioprisa.de\/de\/#website","url":"https:\/\/www.axioprisa.de\/de\/","name":"axioprisa","description":"","publisher":{"@id":"https:\/\/www.axioprisa.de\/de\/#organization"},"potentialAction":[{"@type":"SearchAction","target":{"@type":"EntryPoint","urlTemplate":"https:\/\/www.axioprisa.de\/de\/?s={search_term_string}"},"query-input":{"@type":"PropertyValueSpecification","valueRequired":true,"valueName":"search_term_string"}}],"inLanguage":"de"},{"@type":"Organization","@id":"https:\/\/www.axioprisa.de\/de\/#organization","name":"AxioPrisa","url":"https:\/\/www.axioprisa.de\/de\/","logo":{"@type":"ImageObject","inLanguage":"de","@id":"https:\/\/www.axioprisa.de\/de\/#\/schema\/logo\/image\/","url":"https:\/\/www.axioprisa.de\/wp-content\/uploads\/2022\/02\/axp-logo.png","contentUrl":"https:\/\/www.axioprisa.de\/wp-content\/uploads\/2022\/02\/axp-logo.png","width":105,"height":105,"caption":"AxioPrisa"},"image":{"@id":"https:\/\/www.axioprisa.de\/de\/#\/schema\/logo\/image\/"},"sameAs":["https:\/\/www.facebook.com\/AxioPrisa-108822991713111","https:\/\/www.youtube.com\/channel\/UCFJJU5CN1sKReM0Iz-XJHQw"]}]}},"jetpack_sharing_enabled":true,"wcpa_form_fields":null,"_links":{"self":[{"href":"https:\/\/www.axioprisa.de\/de\/wp-json\/wp\/v2\/product\/5956","targetHints":{"allow":["GET"]}}],"collection":[{"href":"https:\/\/www.axioprisa.de\/de\/wp-json\/wp\/v2\/product"}],"about":[{"href":"https:\/\/www.axioprisa.de\/de\/wp-json\/wp\/v2\/types\/product"}],"replies":[{"embeddable":true,"href":"https:\/\/www.axioprisa.de\/de\/wp-json\/wp\/v2\/comments?post=5956"}],"wp:featuredmedia":[{"embeddable":true,"href":"https:\/\/www.axioprisa.de\/de\/wp-json\/wp\/v2\/media\/3169"}],"wp:attachment":[{"href":"https:\/\/www.axioprisa.de\/de\/wp-json\/wp\/v2\/media?parent=5956"}],"wp:term":[{"taxonomy":"product_brand","embeddable":true,"href":"https:\/\/www.axioprisa.de\/de\/wp-json\/wp\/v2\/product_brand?post=5956"},{"taxonomy":"product_cat","embeddable":true,"href":"https:\/\/www.axioprisa.de\/de\/wp-json\/wp\/v2\/product_cat?post=5956"},{"taxonomy":"product_tag","embeddable":true,"href":"https:\/\/www.axioprisa.de\/de\/wp-json\/wp\/v2\/product_tag?post=5956"}],"curies":[{"name":"wp","href":"https:\/\/api.w.org\/{rel}","templated":true}]}}