{"id":5945,"date":"2023-04-24T08:58:42","date_gmt":"2023-04-24T06:58:42","guid":{"rendered":"https:\/\/www.axioprisa.de\/product\/amann-girrbach-carbon-block-kit\/"},"modified":"2025-07-11T08:38:27","modified_gmt":"2025-07-11T06:38:27","slug":"amann-girrbach-carbon-block-kit","status":"publish","type":"product","link":"https:\/\/www.axioprisa.de\/de\/produkt\/amann-girrbach-carbon-block-kit\/","title":{"rendered":"Amann Girrbach Carbon Block Kit"},"content":{"rendered":"<div class=\"elementor-element elementor-element-5a2783f elementor-widget elementor-widget-wl-single-product-description\" data-id=\"5a2783f\" data-element_type=\"widget\" data-widget_type=\"wl-single-product-description.default\">\n<div class=\"elementor-widget-container\">\n<div class=\"woocommerce_product_description\">\n<p>Amann Girrbach AxioSnapMount Block Kit mit sechs Distanzbl\u00f6cken in drei verschiedenen H\u00f6hen.<\/p>\n<p>&nbsp;<\/p>\n<p>Das Konzept von AxioSnapMount besteht darin, 3D-gedruckte Modelle in Amann Girrbach Artikulatoren zu verwenden. Die Abstandshalter k\u00f6nnen mit dem Magnetsystem von Amann Girrbach montiert werden.<\/p>\n<p>An der Oberseite befindet sich eine Aussparung zur Befestigung normaler oder starker Magnetst\u00f6pfe mit einer Schraube. Mit den Magneten ist es m\u00f6glich, gedruckte Modelle mit ASM-Montageplatten zu befestigen.<\/p>\n<p>Dieses Set besteht aus drei unterschiedlich hohen Abstandshaltern. Durch die Flexibilit\u00e4t des Konzepts ist es m\u00f6glich, alle Modelle zeit- und materialsparend zu drucken. In Kombination mit den unterschiedlichen H\u00f6hen der ASM-Montageplatten ist es m\u00f6glich, die Druckh\u00f6he in 2,5 mm Schritten zu minimieren.<\/p>\n<p>&nbsp;<\/p>\n<p>Dieses Set ist mit dem Standard-MPS-System ausgestattet und enth\u00e4lt acht Magnete.<\/p>\n<p>&nbsp;<\/p>\n<p>Besteht aus:<br \/>\n3 x UPPER JAW Distanzbl\u00f6cke<br \/>\npro 1 x ASM 411 \/ ASM 412 \/ ASM 413<br \/>\n3 x LOWER JAW Distanzbl\u00f6cke<br \/>\npro 1 x ASM 411 \/ ASM 412 \/ ASM 413<br \/>\n8 x Magnete S<br \/>\nASP 582<\/p>\n<\/div>\n<\/div>\n<\/div>\n","protected":false},"excerpt":{"rendered":"<p>Amann Girrbach AxioSnapMount Block Kit mit sechs Distanzbl\u00f6cken in drei verschiedenen H\u00f6hen. &nbsp; Das Konzept von AxioSnapMount besteht darin, 3D-gedruckte Modelle in Amann Girrbach Artikulatoren zu verwenden. Die Abstandshalter k\u00f6nnen mit dem Magnetsystem von Amann Girrbach montiert werden. An der Oberseite befindet sich eine Aussparung zur Befestigung normaler oder starker Magnetst\u00f6pfe mit einer Schraube. Mit&hellip;<\/p>\n","protected":false},"featured_media":0,"comment_status":"open","ping_status":"closed","template":"","meta":[],"product_brand":[],"product_cat":[89,98,63],"product_tag":[],"class_list":{"0":"post-5945","1":"product","2":"type-product","3":"status-publish","5":"product_cat-hardware-de","6":"product_cat-amann-girrbach-hardware-de","7":"product_cat-kits-de","9":"first","10":"instock","11":"taxable","12":"shipping-taxable","13":"purchasable","14":"product-type-simple"},"yoast_head":"<!-- This site is optimized with the Yoast SEO plugin v25.4 - https:\/\/yoast.com\/wordpress\/plugins\/seo\/ -->\r\n<title>Amann Girrbach Carbon Block Kit - axioprisa<\/title>\r\n<meta name=\"robots\" content=\"index, follow, max-snippet:-1, max-image-preview:large, max-video-preview:-1\" \/>\r\n<link rel=\"canonical\" href=\"https:\/\/www.axioprisa.de\/de\/produkt\/amann-girrbach-carbon-block-kit\/\" \/>\r\n<meta property=\"og:locale\" content=\"de_DE\" \/>\r\n<meta property=\"og:type\" content=\"article\" \/>\r\n<meta property=\"og:title\" content=\"Amann Girrbach Carbon Block Kit - axioprisa\" \/>\r\n<meta property=\"og:description\" content=\"Amann Girrbach AxioSnapMount Block Kit mit sechs Distanzbl\u00f6cken in drei verschiedenen H\u00f6hen. &nbsp; Das Konzept von AxioSnapMount besteht darin, 3D-gedruckte Modelle in Amann Girrbach Artikulatoren zu verwenden. Die Abstandshalter k\u00f6nnen mit dem Magnetsystem von Amann Girrbach montiert werden. An der Oberseite befindet sich eine Aussparung zur Befestigung normaler oder starker Magnetst\u00f6pfe mit einer Schraube. Mit&hellip;\" \/>\r\n<meta property=\"og:url\" content=\"https:\/\/www.axioprisa.de\/de\/produkt\/amann-girrbach-carbon-block-kit\/\" \/>\r\n<meta property=\"og:site_name\" content=\"axioprisa\" \/>\r\n<meta property=\"article:publisher\" content=\"https:\/\/www.facebook.com\/AxioPrisa-108822991713111\" \/>\r\n<meta property=\"article:modified_time\" content=\"2025-07-11T06:38:27+00:00\" \/>\r\n<meta name=\"twitter:card\" content=\"summary_large_image\" \/>\r\n<meta name=\"twitter:label1\" content=\"Gesch\u00e4tzte Lesezeit\" \/>\n\t<meta name=\"twitter:data1\" content=\"1\u00a0Minute\" \/>\r\n<script type=\"application\/ld+json\" class=\"yoast-schema-graph\">{\"@context\":\"https:\/\/schema.org\",\"@graph\":[{\"@type\":\"WebPage\",\"@id\":\"https:\/\/www.axioprisa.de\/de\/produkt\/amann-girrbach-carbon-block-kit\/\",\"url\":\"https:\/\/www.axioprisa.de\/de\/produkt\/amann-girrbach-carbon-block-kit\/\",\"name\":\"Amann Girrbach Carbon Block Kit - axioprisa\",\"isPartOf\":{\"@id\":\"https:\/\/www.axioprisa.de\/de\/#website\"},\"datePublished\":\"2023-04-24T06:58:42+00:00\",\"dateModified\":\"2025-07-11T06:38:27+00:00\",\"breadcrumb\":{\"@id\":\"https:\/\/www.axioprisa.de\/de\/produkt\/amann-girrbach-carbon-block-kit\/#breadcrumb\"},\"inLanguage\":\"de\",\"potentialAction\":[{\"@type\":\"ReadAction\",\"target\":[\"https:\/\/www.axioprisa.de\/de\/produkt\/amann-girrbach-carbon-block-kit\/\"]}]},{\"@type\":\"BreadcrumbList\",\"@id\":\"https:\/\/www.axioprisa.de\/de\/produkt\/amann-girrbach-carbon-block-kit\/#breadcrumb\",\"itemListElement\":[{\"@type\":\"ListItem\",\"position\":1,\"name\":\"Home\",\"item\":\"https:\/\/www.axioprisa.de\/de\/\"},{\"@type\":\"ListItem\",\"position\":2,\"name\":\"Shop\",\"item\":\"https:\/\/www.axioprisa.de\/de\/shop-2\/\"},{\"@type\":\"ListItem\",\"position\":3,\"name\":\"Amann Girrbach Carbon Block Kit\"}]},{\"@type\":\"WebSite\",\"@id\":\"https:\/\/www.axioprisa.de\/de\/#website\",\"url\":\"https:\/\/www.axioprisa.de\/de\/\",\"name\":\"axioprisa\",\"description\":\"\",\"publisher\":{\"@id\":\"https:\/\/www.axioprisa.de\/de\/#organization\"},\"potentialAction\":[{\"@type\":\"SearchAction\",\"target\":{\"@type\":\"EntryPoint\",\"urlTemplate\":\"https:\/\/www.axioprisa.de\/de\/?s={search_term_string}\"},\"query-input\":{\"@type\":\"PropertyValueSpecification\",\"valueRequired\":true,\"valueName\":\"search_term_string\"}}],\"inLanguage\":\"de\"},{\"@type\":\"Organization\",\"@id\":\"https:\/\/www.axioprisa.de\/de\/#organization\",\"name\":\"AxioPrisa\",\"url\":\"https:\/\/www.axioprisa.de\/de\/\",\"logo\":{\"@type\":\"ImageObject\",\"inLanguage\":\"de\",\"@id\":\"https:\/\/www.axioprisa.de\/de\/#\/schema\/logo\/image\/\",\"url\":\"https:\/\/www.axioprisa.de\/wp-content\/uploads\/2022\/02\/axp-logo.png\",\"contentUrl\":\"https:\/\/www.axioprisa.de\/wp-content\/uploads\/2022\/02\/axp-logo.png\",\"width\":105,\"height\":105,\"caption\":\"AxioPrisa\"},\"image\":{\"@id\":\"https:\/\/www.axioprisa.de\/de\/#\/schema\/logo\/image\/\"},\"sameAs\":[\"https:\/\/www.facebook.com\/AxioPrisa-108822991713111\",\"https:\/\/www.youtube.com\/channel\/UCFJJU5CN1sKReM0Iz-XJHQw\"]}]}<\/script>\r\n<!-- \/ Yoast SEO plugin. -->","yoast_head_json":{"title":"Amann Girrbach Carbon Block Kit - axioprisa","robots":{"index":"index","follow":"follow","max-snippet":"max-snippet:-1","max-image-preview":"max-image-preview:large","max-video-preview":"max-video-preview:-1"},"canonical":"https:\/\/www.axioprisa.de\/de\/produkt\/amann-girrbach-carbon-block-kit\/","og_locale":"de_DE","og_type":"article","og_title":"Amann Girrbach Carbon Block Kit - axioprisa","og_description":"Amann Girrbach AxioSnapMount Block Kit mit sechs Distanzbl\u00f6cken in drei verschiedenen H\u00f6hen. &nbsp; Das Konzept von AxioSnapMount besteht darin, 3D-gedruckte Modelle in Amann Girrbach Artikulatoren zu verwenden. Die Abstandshalter k\u00f6nnen mit dem Magnetsystem von Amann Girrbach montiert werden. An der Oberseite befindet sich eine Aussparung zur Befestigung normaler oder starker Magnetst\u00f6pfe mit einer Schraube. Mit&hellip;","og_url":"https:\/\/www.axioprisa.de\/de\/produkt\/amann-girrbach-carbon-block-kit\/","og_site_name":"axioprisa","article_publisher":"https:\/\/www.facebook.com\/AxioPrisa-108822991713111","article_modified_time":"2025-07-11T06:38:27+00:00","twitter_card":"summary_large_image","twitter_misc":{"Gesch\u00e4tzte Lesezeit":"1\u00a0Minute"},"schema":{"@context":"https:\/\/schema.org","@graph":[{"@type":"WebPage","@id":"https:\/\/www.axioprisa.de\/de\/produkt\/amann-girrbach-carbon-block-kit\/","url":"https:\/\/www.axioprisa.de\/de\/produkt\/amann-girrbach-carbon-block-kit\/","name":"Amann Girrbach Carbon Block Kit - axioprisa","isPartOf":{"@id":"https:\/\/www.axioprisa.de\/de\/#website"},"datePublished":"2023-04-24T06:58:42+00:00","dateModified":"2025-07-11T06:38:27+00:00","breadcrumb":{"@id":"https:\/\/www.axioprisa.de\/de\/produkt\/amann-girrbach-carbon-block-kit\/#breadcrumb"},"inLanguage":"de","potentialAction":[{"@type":"ReadAction","target":["https:\/\/www.axioprisa.de\/de\/produkt\/amann-girrbach-carbon-block-kit\/"]}]},{"@type":"BreadcrumbList","@id":"https:\/\/www.axioprisa.de\/de\/produkt\/amann-girrbach-carbon-block-kit\/#breadcrumb","itemListElement":[{"@type":"ListItem","position":1,"name":"Home","item":"https:\/\/www.axioprisa.de\/de\/"},{"@type":"ListItem","position":2,"name":"Shop","item":"https:\/\/www.axioprisa.de\/de\/shop-2\/"},{"@type":"ListItem","position":3,"name":"Amann Girrbach Carbon Block Kit"}]},{"@type":"WebSite","@id":"https:\/\/www.axioprisa.de\/de\/#website","url":"https:\/\/www.axioprisa.de\/de\/","name":"axioprisa","description":"","publisher":{"@id":"https:\/\/www.axioprisa.de\/de\/#organization"},"potentialAction":[{"@type":"SearchAction","target":{"@type":"EntryPoint","urlTemplate":"https:\/\/www.axioprisa.de\/de\/?s={search_term_string}"},"query-input":{"@type":"PropertyValueSpecification","valueRequired":true,"valueName":"search_term_string"}}],"inLanguage":"de"},{"@type":"Organization","@id":"https:\/\/www.axioprisa.de\/de\/#organization","name":"AxioPrisa","url":"https:\/\/www.axioprisa.de\/de\/","logo":{"@type":"ImageObject","inLanguage":"de","@id":"https:\/\/www.axioprisa.de\/de\/#\/schema\/logo\/image\/","url":"https:\/\/www.axioprisa.de\/wp-content\/uploads\/2022\/02\/axp-logo.png","contentUrl":"https:\/\/www.axioprisa.de\/wp-content\/uploads\/2022\/02\/axp-logo.png","width":105,"height":105,"caption":"AxioPrisa"},"image":{"@id":"https:\/\/www.axioprisa.de\/de\/#\/schema\/logo\/image\/"},"sameAs":["https:\/\/www.facebook.com\/AxioPrisa-108822991713111","https:\/\/www.youtube.com\/channel\/UCFJJU5CN1sKReM0Iz-XJHQw"]}]}},"jetpack_sharing_enabled":true,"wcpa_form_fields":null,"_links":{"self":[{"href":"https:\/\/www.axioprisa.de\/de\/wp-json\/wp\/v2\/product\/5945","targetHints":{"allow":["GET"]}}],"collection":[{"href":"https:\/\/www.axioprisa.de\/de\/wp-json\/wp\/v2\/product"}],"about":[{"href":"https:\/\/www.axioprisa.de\/de\/wp-json\/wp\/v2\/types\/product"}],"replies":[{"embeddable":true,"href":"https:\/\/www.axioprisa.de\/de\/wp-json\/wp\/v2\/comments?post=5945"}],"wp:attachment":[{"href":"https:\/\/www.axioprisa.de\/de\/wp-json\/wp\/v2\/media?parent=5945"}],"wp:term":[{"taxonomy":"product_brand","embeddable":true,"href":"https:\/\/www.axioprisa.de\/de\/wp-json\/wp\/v2\/product_brand?post=5945"},{"taxonomy":"product_cat","embeddable":true,"href":"https:\/\/www.axioprisa.de\/de\/wp-json\/wp\/v2\/product_cat?post=5945"},{"taxonomy":"product_tag","embeddable":true,"href":"https:\/\/www.axioprisa.de\/de\/wp-json\/wp\/v2\/product_tag?post=5945"}],"curies":[{"name":"wp","href":"https:\/\/api.w.org\/{rel}","templated":true}]}}