{"id":5849,"date":"2024-05-29T13:22:17","date_gmt":"2024-05-29T11:22:17","guid":{"rendered":"https:\/\/www.axioprisa.de\/product\/sam-3-starter-kit-nt-fuer-schraubmontageplatten-systeme\/"},"modified":"2025-07-11T08:36:31","modified_gmt":"2025-07-11T06:36:31","slug":"sam-3-starter-kit-nt-fuer-schraubmontageplatten-systeme","status":"publish","type":"product","link":"https:\/\/www.axioprisa.de\/de\/produkt\/sam-3-starter-kit-nt-fuer-schraubmontageplatten-systeme\/","title":{"rendered":"SAM\u00ae 3 Starter Kit &#8211; NT, f\u00fcr Schraubmontageplatten-Systeme"},"content":{"rendered":"<p>Beinhaltet:<br \/>\n1 x <sup>SAM\u00ae<\/sup> 3 mit Schraubgewinde (ART 500)<br \/>\n1 x AXIOQUICK NT (ATB 350K)<br \/>\n1 x Transferstand (ATB 398)<br \/>\n1 x Teleskop-Bissgabelst\u00fctze (ATB 336)<br \/>\n1 x Magnetteppich (ATB 337)<br \/>\n1 x Magnetsockelplatte f\u00fcr Bissgabelst\u00fctze (ATB 339)<br \/>\n20x Montageplatten mit Schraubgewinde (ART 120)<br \/>\n1 x Transportbox Systainer III, gelb mit Einsatz (ART 599)<\/p>\n","protected":false},"excerpt":{"rendered":"<p>Beinhaltet: 1 x SAM\u00ae 3 mit Schraubgewinde (ART 500) 1 x AXIOQUICK NT (ATB 350K) 1 x Transferstand (ATB 398) 1 x Teleskop-Bissgabelst\u00fctze (ATB 336) 1 x Magnetteppich (ATB 337) 1 x Magnetsockelplatte f\u00fcr Bissgabelst\u00fctze (ATB 339) 20x Montageplatten mit Schraubgewinde (ART 120) 1 x Transportbox Systainer III, gelb mit Einsatz (ART 599)<\/p>\n","protected":false},"featured_media":0,"comment_status":"open","ping_status":"closed","template":"","meta":[],"product_brand":[],"product_cat":[57],"product_tag":[],"class_list":{"0":"post-5849","1":"product","2":"type-product","3":"status-publish","5":"product_cat-unkategorisiert","7":"first","8":"instock","9":"taxable","10":"shipping-taxable","11":"purchasable","12":"product-type-simple"},"yoast_head":"<!-- This site is optimized with the Yoast SEO plugin v25.4 - https:\/\/yoast.com\/wordpress\/plugins\/seo\/ -->\r\n<title>SAM\u00ae 3 Starter Kit - NT, f\u00fcr Schraubmontageplatten-Systeme - axioprisa<\/title>\r\n<meta name=\"robots\" content=\"index, follow, max-snippet:-1, max-image-preview:large, max-video-preview:-1\" \/>\r\n<link rel=\"canonical\" href=\"https:\/\/www.axioprisa.de\/de\/produkt\/sam-3-starter-kit-nt-fuer-schraubmontageplatten-systeme\/\" \/>\r\n<meta property=\"og:locale\" content=\"de_DE\" \/>\r\n<meta property=\"og:type\" content=\"article\" \/>\r\n<meta property=\"og:title\" content=\"SAM\u00ae 3 Starter Kit - NT, f\u00fcr Schraubmontageplatten-Systeme - axioprisa\" \/>\r\n<meta property=\"og:description\" content=\"Beinhaltet: 1 x SAM\u00ae 3 mit Schraubgewinde (ART 500) 1 x AXIOQUICK NT (ATB 350K) 1 x Transferstand (ATB 398) 1 x Teleskop-Bissgabelst\u00fctze (ATB 336) 1 x Magnetteppich (ATB 337) 1 x Magnetsockelplatte f\u00fcr Bissgabelst\u00fctze (ATB 339) 20x Montageplatten mit Schraubgewinde (ART 120) 1 x Transportbox Systainer III, gelb mit Einsatz (ART 599)\" \/>\r\n<meta property=\"og:url\" content=\"https:\/\/www.axioprisa.de\/de\/produkt\/sam-3-starter-kit-nt-fuer-schraubmontageplatten-systeme\/\" \/>\r\n<meta property=\"og:site_name\" content=\"axioprisa\" \/>\r\n<meta property=\"article:publisher\" content=\"https:\/\/www.facebook.com\/AxioPrisa-108822991713111\" \/>\r\n<meta property=\"article:modified_time\" content=\"2025-07-11T06:36:31+00:00\" \/>\r\n<meta name=\"twitter:card\" content=\"summary_large_image\" \/>\r\n<script type=\"application\/ld+json\" class=\"yoast-schema-graph\">{\"@context\":\"https:\/\/schema.org\",\"@graph\":[{\"@type\":\"WebPage\",\"@id\":\"https:\/\/www.axioprisa.de\/de\/produkt\/sam-3-starter-kit-nt-fuer-schraubmontageplatten-systeme\/\",\"url\":\"https:\/\/www.axioprisa.de\/de\/produkt\/sam-3-starter-kit-nt-fuer-schraubmontageplatten-systeme\/\",\"name\":\"SAM\u00ae 3 Starter Kit - NT, f\u00fcr Schraubmontageplatten-Systeme - axioprisa\",\"isPartOf\":{\"@id\":\"https:\/\/www.axioprisa.de\/de\/#website\"},\"datePublished\":\"2024-05-29T11:22:17+00:00\",\"dateModified\":\"2025-07-11T06:36:31+00:00\",\"breadcrumb\":{\"@id\":\"https:\/\/www.axioprisa.de\/de\/produkt\/sam-3-starter-kit-nt-fuer-schraubmontageplatten-systeme\/#breadcrumb\"},\"inLanguage\":\"de\",\"potentialAction\":[{\"@type\":\"ReadAction\",\"target\":[\"https:\/\/www.axioprisa.de\/de\/produkt\/sam-3-starter-kit-nt-fuer-schraubmontageplatten-systeme\/\"]}]},{\"@type\":\"BreadcrumbList\",\"@id\":\"https:\/\/www.axioprisa.de\/de\/produkt\/sam-3-starter-kit-nt-fuer-schraubmontageplatten-systeme\/#breadcrumb\",\"itemListElement\":[{\"@type\":\"ListItem\",\"position\":1,\"name\":\"Home\",\"item\":\"https:\/\/www.axioprisa.de\/de\/\"},{\"@type\":\"ListItem\",\"position\":2,\"name\":\"Shop\",\"item\":\"https:\/\/www.axioprisa.de\/de\/shop-2\/\"},{\"@type\":\"ListItem\",\"position\":3,\"name\":\"SAM\u00ae 3 Starter Kit &#8211; NT, f\u00fcr Schraubmontageplatten-Systeme\"}]},{\"@type\":\"WebSite\",\"@id\":\"https:\/\/www.axioprisa.de\/de\/#website\",\"url\":\"https:\/\/www.axioprisa.de\/de\/\",\"name\":\"axioprisa\",\"description\":\"\",\"publisher\":{\"@id\":\"https:\/\/www.axioprisa.de\/de\/#organization\"},\"potentialAction\":[{\"@type\":\"SearchAction\",\"target\":{\"@type\":\"EntryPoint\",\"urlTemplate\":\"https:\/\/www.axioprisa.de\/de\/?s={search_term_string}\"},\"query-input\":{\"@type\":\"PropertyValueSpecification\",\"valueRequired\":true,\"valueName\":\"search_term_string\"}}],\"inLanguage\":\"de\"},{\"@type\":\"Organization\",\"@id\":\"https:\/\/www.axioprisa.de\/de\/#organization\",\"name\":\"AxioPrisa\",\"url\":\"https:\/\/www.axioprisa.de\/de\/\",\"logo\":{\"@type\":\"ImageObject\",\"inLanguage\":\"de\",\"@id\":\"https:\/\/www.axioprisa.de\/de\/#\/schema\/logo\/image\/\",\"url\":\"https:\/\/www.axioprisa.de\/wp-content\/uploads\/2022\/02\/axp-logo.png\",\"contentUrl\":\"https:\/\/www.axioprisa.de\/wp-content\/uploads\/2022\/02\/axp-logo.png\",\"width\":105,\"height\":105,\"caption\":\"AxioPrisa\"},\"image\":{\"@id\":\"https:\/\/www.axioprisa.de\/de\/#\/schema\/logo\/image\/\"},\"sameAs\":[\"https:\/\/www.facebook.com\/AxioPrisa-108822991713111\",\"https:\/\/www.youtube.com\/channel\/UCFJJU5CN1sKReM0Iz-XJHQw\"]}]}<\/script>\r\n<!-- \/ Yoast SEO plugin. -->","yoast_head_json":{"title":"SAM\u00ae 3 Starter Kit - NT, f\u00fcr Schraubmontageplatten-Systeme - axioprisa","robots":{"index":"index","follow":"follow","max-snippet":"max-snippet:-1","max-image-preview":"max-image-preview:large","max-video-preview":"max-video-preview:-1"},"canonical":"https:\/\/www.axioprisa.de\/de\/produkt\/sam-3-starter-kit-nt-fuer-schraubmontageplatten-systeme\/","og_locale":"de_DE","og_type":"article","og_title":"SAM\u00ae 3 Starter Kit - NT, f\u00fcr Schraubmontageplatten-Systeme - axioprisa","og_description":"Beinhaltet: 1 x SAM\u00ae 3 mit Schraubgewinde (ART 500) 1 x AXIOQUICK NT (ATB 350K) 1 x Transferstand (ATB 398) 1 x Teleskop-Bissgabelst\u00fctze (ATB 336) 1 x Magnetteppich (ATB 337) 1 x Magnetsockelplatte f\u00fcr Bissgabelst\u00fctze (ATB 339) 20x Montageplatten mit Schraubgewinde (ART 120) 1 x Transportbox Systainer III, gelb mit Einsatz (ART 599)","og_url":"https:\/\/www.axioprisa.de\/de\/produkt\/sam-3-starter-kit-nt-fuer-schraubmontageplatten-systeme\/","og_site_name":"axioprisa","article_publisher":"https:\/\/www.facebook.com\/AxioPrisa-108822991713111","article_modified_time":"2025-07-11T06:36:31+00:00","twitter_card":"summary_large_image","schema":{"@context":"https:\/\/schema.org","@graph":[{"@type":"WebPage","@id":"https:\/\/www.axioprisa.de\/de\/produkt\/sam-3-starter-kit-nt-fuer-schraubmontageplatten-systeme\/","url":"https:\/\/www.axioprisa.de\/de\/produkt\/sam-3-starter-kit-nt-fuer-schraubmontageplatten-systeme\/","name":"SAM\u00ae 3 Starter Kit - NT, f\u00fcr Schraubmontageplatten-Systeme - axioprisa","isPartOf":{"@id":"https:\/\/www.axioprisa.de\/de\/#website"},"datePublished":"2024-05-29T11:22:17+00:00","dateModified":"2025-07-11T06:36:31+00:00","breadcrumb":{"@id":"https:\/\/www.axioprisa.de\/de\/produkt\/sam-3-starter-kit-nt-fuer-schraubmontageplatten-systeme\/#breadcrumb"},"inLanguage":"de","potentialAction":[{"@type":"ReadAction","target":["https:\/\/www.axioprisa.de\/de\/produkt\/sam-3-starter-kit-nt-fuer-schraubmontageplatten-systeme\/"]}]},{"@type":"BreadcrumbList","@id":"https:\/\/www.axioprisa.de\/de\/produkt\/sam-3-starter-kit-nt-fuer-schraubmontageplatten-systeme\/#breadcrumb","itemListElement":[{"@type":"ListItem","position":1,"name":"Home","item":"https:\/\/www.axioprisa.de\/de\/"},{"@type":"ListItem","position":2,"name":"Shop","item":"https:\/\/www.axioprisa.de\/de\/shop-2\/"},{"@type":"ListItem","position":3,"name":"SAM\u00ae 3 Starter Kit &#8211; NT, f\u00fcr Schraubmontageplatten-Systeme"}]},{"@type":"WebSite","@id":"https:\/\/www.axioprisa.de\/de\/#website","url":"https:\/\/www.axioprisa.de\/de\/","name":"axioprisa","description":"","publisher":{"@id":"https:\/\/www.axioprisa.de\/de\/#organization"},"potentialAction":[{"@type":"SearchAction","target":{"@type":"EntryPoint","urlTemplate":"https:\/\/www.axioprisa.de\/de\/?s={search_term_string}"},"query-input":{"@type":"PropertyValueSpecification","valueRequired":true,"valueName":"search_term_string"}}],"inLanguage":"de"},{"@type":"Organization","@id":"https:\/\/www.axioprisa.de\/de\/#organization","name":"AxioPrisa","url":"https:\/\/www.axioprisa.de\/de\/","logo":{"@type":"ImageObject","inLanguage":"de","@id":"https:\/\/www.axioprisa.de\/de\/#\/schema\/logo\/image\/","url":"https:\/\/www.axioprisa.de\/wp-content\/uploads\/2022\/02\/axp-logo.png","contentUrl":"https:\/\/www.axioprisa.de\/wp-content\/uploads\/2022\/02\/axp-logo.png","width":105,"height":105,"caption":"AxioPrisa"},"image":{"@id":"https:\/\/www.axioprisa.de\/de\/#\/schema\/logo\/image\/"},"sameAs":["https:\/\/www.facebook.com\/AxioPrisa-108822991713111","https:\/\/www.youtube.com\/channel\/UCFJJU5CN1sKReM0Iz-XJHQw"]}]}},"jetpack_sharing_enabled":true,"wcpa_form_fields":null,"_links":{"self":[{"href":"https:\/\/www.axioprisa.de\/de\/wp-json\/wp\/v2\/product\/5849","targetHints":{"allow":["GET"]}}],"collection":[{"href":"https:\/\/www.axioprisa.de\/de\/wp-json\/wp\/v2\/product"}],"about":[{"href":"https:\/\/www.axioprisa.de\/de\/wp-json\/wp\/v2\/types\/product"}],"replies":[{"embeddable":true,"href":"https:\/\/www.axioprisa.de\/de\/wp-json\/wp\/v2\/comments?post=5849"}],"wp:attachment":[{"href":"https:\/\/www.axioprisa.de\/de\/wp-json\/wp\/v2\/media?parent=5849"}],"wp:term":[{"taxonomy":"product_brand","embeddable":true,"href":"https:\/\/www.axioprisa.de\/de\/wp-json\/wp\/v2\/product_brand?post=5849"},{"taxonomy":"product_cat","embeddable":true,"href":"https:\/\/www.axioprisa.de\/de\/wp-json\/wp\/v2\/product_cat?post=5849"},{"taxonomy":"product_tag","embeddable":true,"href":"https:\/\/www.axioprisa.de\/de\/wp-json\/wp\/v2\/product_tag?post=5849"}],"curies":[{"name":"wp","href":"https:\/\/api.w.org\/{rel}","templated":true}]}}