{"id":5835,"date":"2024-05-29T13:22:13","date_gmt":"2024-05-29T11:22:13","guid":{"rendered":"https:\/\/www.axioprisa.de\/product\/sam-2px-artikulator-fuer-schraubmontageplatten-systeme\/"},"modified":"2025-07-11T08:36:15","modified_gmt":"2025-07-11T06:36:15","slug":"sam-2px-artikulator-fuer-schraubmontageplatten-systeme","status":"publish","type":"product","link":"https:\/\/www.axioprisa.de\/de\/produkt\/sam-2px-artikulator-fuer-schraubmontageplatten-systeme\/","title":{"rendered":"SAM\u00ae 2PX Artikulator, f\u00fcr Schraubmontageplatten-Systeme"},"content":{"rendered":"<p>SAM 2PX Artikulator mit Kondylarbahn-Eins\u00e4tzen Curvatur 1 wei\u00df (ART 541), mit jeweils einem Paar Bennett- F\u00fchrungen gerade, metall (ART 439) und gr\u00fcn (ART 445), Inzisaltisch plan (ART 275), Abst\u00fctzstift (ART 525) und Kippst\u00fctzen (ART 526).<br \/>\nDer 2PX ist eine SAM-Artikulator-Variante mit vielen n\u00fctzlichen Eigenschaften. Der Arcon-Artikulator hat eine praktische Zentrikverriegelung (Blattfeder) bei uneingeschr\u00e4nkter \u00d6ffnungsrotation.<br \/>\nDas Artikulatoroberteil kann im ge\u00f6ffneten Zustand abgest\u00fctzt werden. F\u00fcr eine bessere Sicht auf die zahntechnische Arbeit sorgen die Kippst\u00fctzen. Die Einstellm\u00f6glichkeit der Protrusion bis zu 5,5 mm ist bereits eingebaut.<br \/>\nDurch die transparenten Kondylargeh\u00e4useabdeckungen bleiben Artikulatorober- und -unterteil bei Bewegungen verbunden, auch wenn die Zentrikverriegelung ge\u00f6ffnet ist. Bennettwinkel und Kondylarbahnneigung sind individuell einstellbar, die Kondylarbahn-Curvaturen k\u00f6nnen leicht ausgetauscht werden, ebenso die Bennett-Eins\u00e4tze.<br \/>\nNat\u00fcrlich gibt es zum Artikulator eine gro\u00dfe Auswahl an Zubeh\u00f6r zur Volljustierung und f\u00fcr alle Bereiche der Zahnmedizin &amp; Zahntechnik.<\/p>\n<p>Beinhaltet:<br \/>\n1 x Inzisaltisch, plan (ART 275)<br \/>\n1 x Inzisalstift IIIP (ART 520)<br \/>\n1 x Abst\u00fctzstift (ART 525)<br \/>\n1 x Kippst\u00fctzen (ART 526)<br \/>\n1 x Bennett-F\u00fchrungen metall und hellgr\u00fcn (ART 439 \/ ART 445)<br \/>\n1 x Kondylarbahn-Eins\u00e4tze Curvatur 1 , wei\u00df (ART 541)<br \/>\n1 x Transportkoffer transparent (ART 598)<\/p>\n","protected":false},"excerpt":{"rendered":"<p>SAM 2PX Artikulator mit Kondylarbahn-Eins\u00e4tzen Curvatur 1 wei\u00df (ART 541), mit jeweils einem Paar Bennett- F\u00fchrungen gerade, metall (ART 439) und gr\u00fcn (ART 445), Inzisaltisch plan (ART 275), Abst\u00fctzstift (ART 525) und Kippst\u00fctzen (ART 526). Der 2PX ist eine SAM-Artikulator-Variante mit vielen n\u00fctzlichen Eigenschaften. Der Arcon-Artikulator hat eine praktische Zentrikverriegelung (Blattfeder) bei uneingeschr\u00e4nkter \u00d6ffnungsrotation. Das &#8230; <a title=\"SAM\u00ae 2PX Artikulator, f\u00fcr Schraubmontageplatten-Systeme\" class=\"read-more\" href=\"https:\/\/www.axioprisa.de\/de\/produkt\/sam-2px-artikulator-fuer-schraubmontageplatten-systeme\/\" aria-label=\"Mehr zu SAM\u00ae 2PX Artikulator, f\u00fcr Schraubmontageplatten-Systeme\">Read more<\/a><\/p>\n","protected":false},"featured_media":0,"comment_status":"open","ping_status":"closed","template":"","meta":[],"product_brand":[],"product_cat":[57],"product_tag":[],"class_list":{"0":"post-5835","1":"product","2":"type-product","3":"status-publish","5":"product_cat-unkategorisiert","7":"first","8":"instock","9":"taxable","10":"shipping-taxable","11":"purchasable","12":"product-type-simple"},"yoast_head":"<!-- This site is optimized with the Yoast SEO plugin v25.4 - https:\/\/yoast.com\/wordpress\/plugins\/seo\/ -->\r\n<title>SAM\u00ae 2PX Artikulator, f\u00fcr Schraubmontageplatten-Systeme - axioprisa<\/title>\r\n<meta name=\"robots\" content=\"index, follow, max-snippet:-1, max-image-preview:large, max-video-preview:-1\" \/>\r\n<link rel=\"canonical\" href=\"https:\/\/www.axioprisa.de\/de\/produkt\/sam-2px-artikulator-fuer-schraubmontageplatten-systeme\/\" \/>\r\n<meta property=\"og:locale\" content=\"de_DE\" \/>\r\n<meta property=\"og:type\" content=\"article\" \/>\r\n<meta property=\"og:title\" content=\"SAM\u00ae 2PX Artikulator, f\u00fcr Schraubmontageplatten-Systeme - axioprisa\" \/>\r\n<meta property=\"og:description\" content=\"SAM 2PX Artikulator mit Kondylarbahn-Eins\u00e4tzen Curvatur 1 wei\u00df (ART 541), mit jeweils einem Paar Bennett- F\u00fchrungen gerade, metall (ART 439) und gr\u00fcn (ART 445), Inzisaltisch plan (ART 275), Abst\u00fctzstift (ART 525) und Kippst\u00fctzen (ART 526). Der 2PX ist eine SAM-Artikulator-Variante mit vielen n\u00fctzlichen Eigenschaften. Der Arcon-Artikulator hat eine praktische Zentrikverriegelung (Blattfeder) bei uneingeschr\u00e4nkter \u00d6ffnungsrotation. Das ... Read more\" \/>\r\n<meta property=\"og:url\" content=\"https:\/\/www.axioprisa.de\/de\/produkt\/sam-2px-artikulator-fuer-schraubmontageplatten-systeme\/\" \/>\r\n<meta property=\"og:site_name\" content=\"axioprisa\" \/>\r\n<meta property=\"article:publisher\" content=\"https:\/\/www.facebook.com\/AxioPrisa-108822991713111\" \/>\r\n<meta property=\"article:modified_time\" content=\"2025-07-11T06:36:15+00:00\" \/>\r\n<meta name=\"twitter:card\" content=\"summary_large_image\" \/>\r\n<meta name=\"twitter:label1\" content=\"Gesch\u00e4tzte Lesezeit\" \/>\n\t<meta name=\"twitter:data1\" content=\"1\u00a0Minute\" \/>\r\n<script type=\"application\/ld+json\" class=\"yoast-schema-graph\">{\"@context\":\"https:\/\/schema.org\",\"@graph\":[{\"@type\":\"WebPage\",\"@id\":\"https:\/\/www.axioprisa.de\/de\/produkt\/sam-2px-artikulator-fuer-schraubmontageplatten-systeme\/\",\"url\":\"https:\/\/www.axioprisa.de\/de\/produkt\/sam-2px-artikulator-fuer-schraubmontageplatten-systeme\/\",\"name\":\"SAM\u00ae 2PX Artikulator, f\u00fcr Schraubmontageplatten-Systeme - axioprisa\",\"isPartOf\":{\"@id\":\"https:\/\/www.axioprisa.de\/de\/#website\"},\"datePublished\":\"2024-05-29T11:22:13+00:00\",\"dateModified\":\"2025-07-11T06:36:15+00:00\",\"breadcrumb\":{\"@id\":\"https:\/\/www.axioprisa.de\/de\/produkt\/sam-2px-artikulator-fuer-schraubmontageplatten-systeme\/#breadcrumb\"},\"inLanguage\":\"de\",\"potentialAction\":[{\"@type\":\"ReadAction\",\"target\":[\"https:\/\/www.axioprisa.de\/de\/produkt\/sam-2px-artikulator-fuer-schraubmontageplatten-systeme\/\"]}]},{\"@type\":\"BreadcrumbList\",\"@id\":\"https:\/\/www.axioprisa.de\/de\/produkt\/sam-2px-artikulator-fuer-schraubmontageplatten-systeme\/#breadcrumb\",\"itemListElement\":[{\"@type\":\"ListItem\",\"position\":1,\"name\":\"Home\",\"item\":\"https:\/\/www.axioprisa.de\/de\/\"},{\"@type\":\"ListItem\",\"position\":2,\"name\":\"Shop\",\"item\":\"https:\/\/www.axioprisa.de\/de\/shop-2\/\"},{\"@type\":\"ListItem\",\"position\":3,\"name\":\"SAM\u00ae 2PX Artikulator, f\u00fcr Schraubmontageplatten-Systeme\"}]},{\"@type\":\"WebSite\",\"@id\":\"https:\/\/www.axioprisa.de\/de\/#website\",\"url\":\"https:\/\/www.axioprisa.de\/de\/\",\"name\":\"axioprisa\",\"description\":\"\",\"publisher\":{\"@id\":\"https:\/\/www.axioprisa.de\/de\/#organization\"},\"potentialAction\":[{\"@type\":\"SearchAction\",\"target\":{\"@type\":\"EntryPoint\",\"urlTemplate\":\"https:\/\/www.axioprisa.de\/de\/?s={search_term_string}\"},\"query-input\":{\"@type\":\"PropertyValueSpecification\",\"valueRequired\":true,\"valueName\":\"search_term_string\"}}],\"inLanguage\":\"de\"},{\"@type\":\"Organization\",\"@id\":\"https:\/\/www.axioprisa.de\/de\/#organization\",\"name\":\"AxioPrisa\",\"url\":\"https:\/\/www.axioprisa.de\/de\/\",\"logo\":{\"@type\":\"ImageObject\",\"inLanguage\":\"de\",\"@id\":\"https:\/\/www.axioprisa.de\/de\/#\/schema\/logo\/image\/\",\"url\":\"https:\/\/www.axioprisa.de\/wp-content\/uploads\/2022\/02\/axp-logo.png\",\"contentUrl\":\"https:\/\/www.axioprisa.de\/wp-content\/uploads\/2022\/02\/axp-logo.png\",\"width\":105,\"height\":105,\"caption\":\"AxioPrisa\"},\"image\":{\"@id\":\"https:\/\/www.axioprisa.de\/de\/#\/schema\/logo\/image\/\"},\"sameAs\":[\"https:\/\/www.facebook.com\/AxioPrisa-108822991713111\",\"https:\/\/www.youtube.com\/channel\/UCFJJU5CN1sKReM0Iz-XJHQw\"]}]}<\/script>\r\n<!-- \/ Yoast SEO plugin. -->","yoast_head_json":{"title":"SAM\u00ae 2PX Artikulator, f\u00fcr Schraubmontageplatten-Systeme - axioprisa","robots":{"index":"index","follow":"follow","max-snippet":"max-snippet:-1","max-image-preview":"max-image-preview:large","max-video-preview":"max-video-preview:-1"},"canonical":"https:\/\/www.axioprisa.de\/de\/produkt\/sam-2px-artikulator-fuer-schraubmontageplatten-systeme\/","og_locale":"de_DE","og_type":"article","og_title":"SAM\u00ae 2PX Artikulator, f\u00fcr Schraubmontageplatten-Systeme - axioprisa","og_description":"SAM 2PX Artikulator mit Kondylarbahn-Eins\u00e4tzen Curvatur 1 wei\u00df (ART 541), mit jeweils einem Paar Bennett- F\u00fchrungen gerade, metall (ART 439) und gr\u00fcn (ART 445), Inzisaltisch plan (ART 275), Abst\u00fctzstift (ART 525) und Kippst\u00fctzen (ART 526). Der 2PX ist eine SAM-Artikulator-Variante mit vielen n\u00fctzlichen Eigenschaften. Der Arcon-Artikulator hat eine praktische Zentrikverriegelung (Blattfeder) bei uneingeschr\u00e4nkter \u00d6ffnungsrotation. Das ... Read more","og_url":"https:\/\/www.axioprisa.de\/de\/produkt\/sam-2px-artikulator-fuer-schraubmontageplatten-systeme\/","og_site_name":"axioprisa","article_publisher":"https:\/\/www.facebook.com\/AxioPrisa-108822991713111","article_modified_time":"2025-07-11T06:36:15+00:00","twitter_card":"summary_large_image","twitter_misc":{"Gesch\u00e4tzte Lesezeit":"1\u00a0Minute"},"schema":{"@context":"https:\/\/schema.org","@graph":[{"@type":"WebPage","@id":"https:\/\/www.axioprisa.de\/de\/produkt\/sam-2px-artikulator-fuer-schraubmontageplatten-systeme\/","url":"https:\/\/www.axioprisa.de\/de\/produkt\/sam-2px-artikulator-fuer-schraubmontageplatten-systeme\/","name":"SAM\u00ae 2PX Artikulator, f\u00fcr Schraubmontageplatten-Systeme - axioprisa","isPartOf":{"@id":"https:\/\/www.axioprisa.de\/de\/#website"},"datePublished":"2024-05-29T11:22:13+00:00","dateModified":"2025-07-11T06:36:15+00:00","breadcrumb":{"@id":"https:\/\/www.axioprisa.de\/de\/produkt\/sam-2px-artikulator-fuer-schraubmontageplatten-systeme\/#breadcrumb"},"inLanguage":"de","potentialAction":[{"@type":"ReadAction","target":["https:\/\/www.axioprisa.de\/de\/produkt\/sam-2px-artikulator-fuer-schraubmontageplatten-systeme\/"]}]},{"@type":"BreadcrumbList","@id":"https:\/\/www.axioprisa.de\/de\/produkt\/sam-2px-artikulator-fuer-schraubmontageplatten-systeme\/#breadcrumb","itemListElement":[{"@type":"ListItem","position":1,"name":"Home","item":"https:\/\/www.axioprisa.de\/de\/"},{"@type":"ListItem","position":2,"name":"Shop","item":"https:\/\/www.axioprisa.de\/de\/shop-2\/"},{"@type":"ListItem","position":3,"name":"SAM\u00ae 2PX Artikulator, f\u00fcr Schraubmontageplatten-Systeme"}]},{"@type":"WebSite","@id":"https:\/\/www.axioprisa.de\/de\/#website","url":"https:\/\/www.axioprisa.de\/de\/","name":"axioprisa","description":"","publisher":{"@id":"https:\/\/www.axioprisa.de\/de\/#organization"},"potentialAction":[{"@type":"SearchAction","target":{"@type":"EntryPoint","urlTemplate":"https:\/\/www.axioprisa.de\/de\/?s={search_term_string}"},"query-input":{"@type":"PropertyValueSpecification","valueRequired":true,"valueName":"search_term_string"}}],"inLanguage":"de"},{"@type":"Organization","@id":"https:\/\/www.axioprisa.de\/de\/#organization","name":"AxioPrisa","url":"https:\/\/www.axioprisa.de\/de\/","logo":{"@type":"ImageObject","inLanguage":"de","@id":"https:\/\/www.axioprisa.de\/de\/#\/schema\/logo\/image\/","url":"https:\/\/www.axioprisa.de\/wp-content\/uploads\/2022\/02\/axp-logo.png","contentUrl":"https:\/\/www.axioprisa.de\/wp-content\/uploads\/2022\/02\/axp-logo.png","width":105,"height":105,"caption":"AxioPrisa"},"image":{"@id":"https:\/\/www.axioprisa.de\/de\/#\/schema\/logo\/image\/"},"sameAs":["https:\/\/www.facebook.com\/AxioPrisa-108822991713111","https:\/\/www.youtube.com\/channel\/UCFJJU5CN1sKReM0Iz-XJHQw"]}]}},"jetpack_sharing_enabled":true,"wcpa_form_fields":null,"_links":{"self":[{"href":"https:\/\/www.axioprisa.de\/de\/wp-json\/wp\/v2\/product\/5835","targetHints":{"allow":["GET"]}}],"collection":[{"href":"https:\/\/www.axioprisa.de\/de\/wp-json\/wp\/v2\/product"}],"about":[{"href":"https:\/\/www.axioprisa.de\/de\/wp-json\/wp\/v2\/types\/product"}],"replies":[{"embeddable":true,"href":"https:\/\/www.axioprisa.de\/de\/wp-json\/wp\/v2\/comments?post=5835"}],"wp:attachment":[{"href":"https:\/\/www.axioprisa.de\/de\/wp-json\/wp\/v2\/media?parent=5835"}],"wp:term":[{"taxonomy":"product_brand","embeddable":true,"href":"https:\/\/www.axioprisa.de\/de\/wp-json\/wp\/v2\/product_brand?post=5835"},{"taxonomy":"product_cat","embeddable":true,"href":"https:\/\/www.axioprisa.de\/de\/wp-json\/wp\/v2\/product_cat?post=5835"},{"taxonomy":"product_tag","embeddable":true,"href":"https:\/\/www.axioprisa.de\/de\/wp-json\/wp\/v2\/product_tag?post=5835"}],"curies":[{"name":"wp","href":"https:\/\/api.w.org\/{rel}","templated":true}]}}