{"id":5824,"date":"2024-05-29T13:22:35","date_gmt":"2024-05-29T11:22:35","guid":{"rendered":"https:\/\/www.axioprisa.de\/product\/axioquick-transferbogen-kit-ax\/"},"modified":"2025-07-11T08:36:02","modified_gmt":"2025-07-11T06:36:02","slug":"axioquick-transferbogen-kit-ax","status":"publish","type":"product","link":"https:\/\/www.axioprisa.de\/de\/produkt\/axioquick-transferbogen-kit-ax\/","title":{"rendered":"AXIOQUICK\u00ae Transferbogen-Kit &#8211; AX"},"content":{"rendered":"<p>Beinhaltet Transferbogen AXIOQUICK III (ATB 303), Bissgabeltr\u00e4ger &#8211; AXIOMATIC (ATB 395), Nasionst\u00fctze (ATB 394) und sechs Positionierungskappen.<br \/>\nDurch ein H\u00f6chstma\u00df an technischer Perfektion z.B. unter Verwendung eines Rollenlagers wird eine sichere und verwindungsfreie Verbindung von Bissgabel und Bissgabeltr\u00e4ger erreicht.<\/p>\n","protected":false},"excerpt":{"rendered":"<p>Beinhaltet Transferbogen AXIOQUICK III (ATB 303), Bissgabeltr\u00e4ger &#8211; AXIOMATIC (ATB 395), Nasionst\u00fctze (ATB 394) und sechs Positionierungskappen. Durch ein H\u00f6chstma\u00df an technischer Perfektion z.B. unter Verwendung eines Rollenlagers wird eine sichere und verwindungsfreie Verbindung von Bissgabel und Bissgabeltr\u00e4ger erreicht.<\/p>\n","protected":false},"featured_media":0,"comment_status":"open","ping_status":"closed","template":"","meta":[],"product_brand":[],"product_cat":[57],"product_tag":[],"class_list":{"0":"post-5824","1":"product","2":"type-product","3":"status-publish","5":"product_cat-unkategorisiert","7":"first","8":"instock","9":"taxable","10":"shipping-taxable","11":"purchasable","12":"product-type-simple"},"yoast_head":"<!-- This site is optimized with the Yoast SEO plugin v25.4 - https:\/\/yoast.com\/wordpress\/plugins\/seo\/ -->\r\n<title>AXIOQUICK\u00ae Transferbogen-Kit - AX - axioprisa<\/title>\r\n<meta name=\"robots\" content=\"index, follow, max-snippet:-1, max-image-preview:large, max-video-preview:-1\" \/>\r\n<link rel=\"canonical\" href=\"https:\/\/www.axioprisa.de\/de\/produkt\/axioquick-transferbogen-kit-ax\/\" \/>\r\n<meta property=\"og:locale\" content=\"de_DE\" \/>\r\n<meta property=\"og:type\" content=\"article\" \/>\r\n<meta property=\"og:title\" content=\"AXIOQUICK\u00ae Transferbogen-Kit - AX - axioprisa\" \/>\r\n<meta property=\"og:description\" content=\"Beinhaltet Transferbogen AXIOQUICK III (ATB 303), Bissgabeltr\u00e4ger &#8211; AXIOMATIC (ATB 395), Nasionst\u00fctze (ATB 394) und sechs Positionierungskappen. Durch ein H\u00f6chstma\u00df an technischer Perfektion z.B. unter Verwendung eines Rollenlagers wird eine sichere und verwindungsfreie Verbindung von Bissgabel und Bissgabeltr\u00e4ger erreicht.\" \/>\r\n<meta property=\"og:url\" content=\"https:\/\/www.axioprisa.de\/de\/produkt\/axioquick-transferbogen-kit-ax\/\" \/>\r\n<meta property=\"og:site_name\" content=\"axioprisa\" \/>\r\n<meta property=\"article:publisher\" content=\"https:\/\/www.facebook.com\/AxioPrisa-108822991713111\" \/>\r\n<meta property=\"article:modified_time\" content=\"2025-07-11T06:36:02+00:00\" \/>\r\n<meta name=\"twitter:card\" content=\"summary_large_image\" \/>\r\n<script type=\"application\/ld+json\" class=\"yoast-schema-graph\">{\"@context\":\"https:\/\/schema.org\",\"@graph\":[{\"@type\":\"WebPage\",\"@id\":\"https:\/\/www.axioprisa.de\/de\/produkt\/axioquick-transferbogen-kit-ax\/\",\"url\":\"https:\/\/www.axioprisa.de\/de\/produkt\/axioquick-transferbogen-kit-ax\/\",\"name\":\"AXIOQUICK\u00ae Transferbogen-Kit - AX - axioprisa\",\"isPartOf\":{\"@id\":\"https:\/\/www.axioprisa.de\/de\/#website\"},\"datePublished\":\"2024-05-29T11:22:35+00:00\",\"dateModified\":\"2025-07-11T06:36:02+00:00\",\"breadcrumb\":{\"@id\":\"https:\/\/www.axioprisa.de\/de\/produkt\/axioquick-transferbogen-kit-ax\/#breadcrumb\"},\"inLanguage\":\"de\",\"potentialAction\":[{\"@type\":\"ReadAction\",\"target\":[\"https:\/\/www.axioprisa.de\/de\/produkt\/axioquick-transferbogen-kit-ax\/\"]}]},{\"@type\":\"BreadcrumbList\",\"@id\":\"https:\/\/www.axioprisa.de\/de\/produkt\/axioquick-transferbogen-kit-ax\/#breadcrumb\",\"itemListElement\":[{\"@type\":\"ListItem\",\"position\":1,\"name\":\"Home\",\"item\":\"https:\/\/www.axioprisa.de\/de\/\"},{\"@type\":\"ListItem\",\"position\":2,\"name\":\"Shop\",\"item\":\"https:\/\/www.axioprisa.de\/de\/shop-2\/\"},{\"@type\":\"ListItem\",\"position\":3,\"name\":\"AXIOQUICK\u00ae Transferbogen-Kit &#8211; AX\"}]},{\"@type\":\"WebSite\",\"@id\":\"https:\/\/www.axioprisa.de\/de\/#website\",\"url\":\"https:\/\/www.axioprisa.de\/de\/\",\"name\":\"axioprisa\",\"description\":\"\",\"publisher\":{\"@id\":\"https:\/\/www.axioprisa.de\/de\/#organization\"},\"potentialAction\":[{\"@type\":\"SearchAction\",\"target\":{\"@type\":\"EntryPoint\",\"urlTemplate\":\"https:\/\/www.axioprisa.de\/de\/?s={search_term_string}\"},\"query-input\":{\"@type\":\"PropertyValueSpecification\",\"valueRequired\":true,\"valueName\":\"search_term_string\"}}],\"inLanguage\":\"de\"},{\"@type\":\"Organization\",\"@id\":\"https:\/\/www.axioprisa.de\/de\/#organization\",\"name\":\"AxioPrisa\",\"url\":\"https:\/\/www.axioprisa.de\/de\/\",\"logo\":{\"@type\":\"ImageObject\",\"inLanguage\":\"de\",\"@id\":\"https:\/\/www.axioprisa.de\/de\/#\/schema\/logo\/image\/\",\"url\":\"https:\/\/www.axioprisa.de\/wp-content\/uploads\/2022\/02\/axp-logo.png\",\"contentUrl\":\"https:\/\/www.axioprisa.de\/wp-content\/uploads\/2022\/02\/axp-logo.png\",\"width\":105,\"height\":105,\"caption\":\"AxioPrisa\"},\"image\":{\"@id\":\"https:\/\/www.axioprisa.de\/de\/#\/schema\/logo\/image\/\"},\"sameAs\":[\"https:\/\/www.facebook.com\/AxioPrisa-108822991713111\",\"https:\/\/www.youtube.com\/channel\/UCFJJU5CN1sKReM0Iz-XJHQw\"]}]}<\/script>\r\n<!-- \/ Yoast SEO plugin. -->","yoast_head_json":{"title":"AXIOQUICK\u00ae Transferbogen-Kit - AX - axioprisa","robots":{"index":"index","follow":"follow","max-snippet":"max-snippet:-1","max-image-preview":"max-image-preview:large","max-video-preview":"max-video-preview:-1"},"canonical":"https:\/\/www.axioprisa.de\/de\/produkt\/axioquick-transferbogen-kit-ax\/","og_locale":"de_DE","og_type":"article","og_title":"AXIOQUICK\u00ae Transferbogen-Kit - AX - axioprisa","og_description":"Beinhaltet Transferbogen AXIOQUICK III (ATB 303), Bissgabeltr\u00e4ger &#8211; AXIOMATIC (ATB 395), Nasionst\u00fctze (ATB 394) und sechs Positionierungskappen. Durch ein H\u00f6chstma\u00df an technischer Perfektion z.B. unter Verwendung eines Rollenlagers wird eine sichere und verwindungsfreie Verbindung von Bissgabel und Bissgabeltr\u00e4ger erreicht.","og_url":"https:\/\/www.axioprisa.de\/de\/produkt\/axioquick-transferbogen-kit-ax\/","og_site_name":"axioprisa","article_publisher":"https:\/\/www.facebook.com\/AxioPrisa-108822991713111","article_modified_time":"2025-07-11T06:36:02+00:00","twitter_card":"summary_large_image","schema":{"@context":"https:\/\/schema.org","@graph":[{"@type":"WebPage","@id":"https:\/\/www.axioprisa.de\/de\/produkt\/axioquick-transferbogen-kit-ax\/","url":"https:\/\/www.axioprisa.de\/de\/produkt\/axioquick-transferbogen-kit-ax\/","name":"AXIOQUICK\u00ae Transferbogen-Kit - AX - axioprisa","isPartOf":{"@id":"https:\/\/www.axioprisa.de\/de\/#website"},"datePublished":"2024-05-29T11:22:35+00:00","dateModified":"2025-07-11T06:36:02+00:00","breadcrumb":{"@id":"https:\/\/www.axioprisa.de\/de\/produkt\/axioquick-transferbogen-kit-ax\/#breadcrumb"},"inLanguage":"de","potentialAction":[{"@type":"ReadAction","target":["https:\/\/www.axioprisa.de\/de\/produkt\/axioquick-transferbogen-kit-ax\/"]}]},{"@type":"BreadcrumbList","@id":"https:\/\/www.axioprisa.de\/de\/produkt\/axioquick-transferbogen-kit-ax\/#breadcrumb","itemListElement":[{"@type":"ListItem","position":1,"name":"Home","item":"https:\/\/www.axioprisa.de\/de\/"},{"@type":"ListItem","position":2,"name":"Shop","item":"https:\/\/www.axioprisa.de\/de\/shop-2\/"},{"@type":"ListItem","position":3,"name":"AXIOQUICK\u00ae Transferbogen-Kit &#8211; AX"}]},{"@type":"WebSite","@id":"https:\/\/www.axioprisa.de\/de\/#website","url":"https:\/\/www.axioprisa.de\/de\/","name":"axioprisa","description":"","publisher":{"@id":"https:\/\/www.axioprisa.de\/de\/#organization"},"potentialAction":[{"@type":"SearchAction","target":{"@type":"EntryPoint","urlTemplate":"https:\/\/www.axioprisa.de\/de\/?s={search_term_string}"},"query-input":{"@type":"PropertyValueSpecification","valueRequired":true,"valueName":"search_term_string"}}],"inLanguage":"de"},{"@type":"Organization","@id":"https:\/\/www.axioprisa.de\/de\/#organization","name":"AxioPrisa","url":"https:\/\/www.axioprisa.de\/de\/","logo":{"@type":"ImageObject","inLanguage":"de","@id":"https:\/\/www.axioprisa.de\/de\/#\/schema\/logo\/image\/","url":"https:\/\/www.axioprisa.de\/wp-content\/uploads\/2022\/02\/axp-logo.png","contentUrl":"https:\/\/www.axioprisa.de\/wp-content\/uploads\/2022\/02\/axp-logo.png","width":105,"height":105,"caption":"AxioPrisa"},"image":{"@id":"https:\/\/www.axioprisa.de\/de\/#\/schema\/logo\/image\/"},"sameAs":["https:\/\/www.facebook.com\/AxioPrisa-108822991713111","https:\/\/www.youtube.com\/channel\/UCFJJU5CN1sKReM0Iz-XJHQw"]}]}},"jetpack_sharing_enabled":true,"wcpa_form_fields":null,"_links":{"self":[{"href":"https:\/\/www.axioprisa.de\/de\/wp-json\/wp\/v2\/product\/5824","targetHints":{"allow":["GET"]}}],"collection":[{"href":"https:\/\/www.axioprisa.de\/de\/wp-json\/wp\/v2\/product"}],"about":[{"href":"https:\/\/www.axioprisa.de\/de\/wp-json\/wp\/v2\/types\/product"}],"replies":[{"embeddable":true,"href":"https:\/\/www.axioprisa.de\/de\/wp-json\/wp\/v2\/comments?post=5824"}],"wp:attachment":[{"href":"https:\/\/www.axioprisa.de\/de\/wp-json\/wp\/v2\/media?parent=5824"}],"wp:term":[{"taxonomy":"product_brand","embeddable":true,"href":"https:\/\/www.axioprisa.de\/de\/wp-json\/wp\/v2\/product_brand?post=5824"},{"taxonomy":"product_cat","embeddable":true,"href":"https:\/\/www.axioprisa.de\/de\/wp-json\/wp\/v2\/product_cat?post=5824"},{"taxonomy":"product_tag","embeddable":true,"href":"https:\/\/www.axioprisa.de\/de\/wp-json\/wp\/v2\/product_tag?post=5824"}],"curies":[{"name":"wp","href":"https:\/\/api.w.org\/{rel}","templated":true}]}}