{"id":5797,"date":"2024-05-29T13:22:20","date_gmt":"2024-05-29T11:22:20","guid":{"rendered":"https:\/\/www.axioprisa.de\/product\/sam-3-artikulator-professional-fuer-schraubmontageplatten-systeme\/"},"modified":"2025-07-11T08:35:35","modified_gmt":"2025-07-11T06:35:35","slug":"sam-3-artikulator-professional-fuer-schraubmontageplatten-systeme","status":"publish","type":"product","link":"https:\/\/www.axioprisa.de\/de\/produkt\/sam-3-artikulator-professional-fuer-schraubmontageplatten-systeme\/","title":{"rendered":"SAM\u00ae 3 Artikulator Professional, f\u00fcr Schraubmontageplatten-Systeme"},"content":{"rendered":"<p>SAM 3 Artikulator mit Abst\u00fctzstift (ART 525), Kippst\u00fctzen (ART 526), Curvaturen Sortiment (ART 540), Bennett-F\u00fchrungen Sortiment II (ART 547), Inzisalstift IIIPM microjustierbar (ART 533), Inzisaltisch einstellbar (ART 260), Protrusions-\/ Retrusions-Schrauben (ART 530).<br \/>\nDer SAM 3 gilt als der Artikulator f\u00fcr gehobene Anspr\u00fcche. Er besticht durch h\u00f6chste Pr\u00e4zision und Funktionalit\u00e4t.<br \/>\nWie alle SAM Artikulatoren entspricht er dem Arcon-Prinzip und der SAM-Norm.<br \/>\nDurch die perfekte Zentrikverriegelung (dreifach kugelgelagerte Konusverriegelung) erreicht der SAM 3 h\u00f6chste Pr\u00e4zision bei uneingeschr\u00e4nkter \u00d6ffnungsrotation.<br \/>\nSeine sch\u00f6ne Optik und hohe Materialqualit\u00e4t machen die Arbeit mit diesem Instrument so angenehm und effizient.<br \/>\nDie austauschbaren Bennett-F\u00fchrungen mit unterschiedlicher Sideshift k\u00f6nnen ohne Einbu\u00dfe f\u00fcr die Pr\u00e4zision der Zentrik im Ger\u00e4t verbleiben. Die Kondylarbahn-Curvaturen sind leicht austauschbar.<br \/>\nDurch die transparenten Kondylargeh\u00e4useabdeckungen bleiben Artikulatorober- und -unterteil bei den Bewegungen verbunden, auch wenn die Zentrikverriegelung ge\u00f6ffnet ist. Optional sind Protrusion und Retrusion stufenlos einstellbar.<br \/>\nNat\u00fcrlich gibt es zum Artikulator eine gro\u00dfe Auswahl an Zubeh\u00f6r f\u00fcr die Volljustierung.   <\/p>\n<p>Beinhaltet:<br \/>\n1 x einstellbarer Inzisaltisch (ART 260)<br \/>\n1 x Abst\u00fctzstift (ART 525)<br \/>\n1 x Kippst\u00fctzen (ART 526)<br \/>\n1 x Protrusions\/Retrusions-Schrauben (ART 530)<br \/>\n1 x microjustierbarer Inzialstift (ART 533)<br \/>\n1 x Curvaturen Sortiment ( ART 540)<br \/>\n1 x Bennett-F\u00fchrungen Sortiment II (ART 547)<br \/>\n1 x Transportkoffer, transparent (ART 598)<\/p>\n","protected":false},"excerpt":{"rendered":"<p>SAM 3 Artikulator mit Abst\u00fctzstift (ART 525), Kippst\u00fctzen (ART 526), Curvaturen Sortiment (ART 540), Bennett-F\u00fchrungen Sortiment II (ART 547), Inzisalstift IIIPM microjustierbar (ART 533), Inzisaltisch einstellbar (ART 260), Protrusions-\/ Retrusions-Schrauben (ART 530). Der SAM 3 gilt als der Artikulator f\u00fcr gehobene Anspr\u00fcche. Er besticht durch h\u00f6chste Pr\u00e4zision und Funktionalit\u00e4t. Wie alle SAM Artikulatoren entspricht er &#8230; <a title=\"SAM\u00ae 3 Artikulator Professional, f\u00fcr Schraubmontageplatten-Systeme\" class=\"read-more\" href=\"https:\/\/www.axioprisa.de\/de\/produkt\/sam-3-artikulator-professional-fuer-schraubmontageplatten-systeme\/\" aria-label=\"Mehr zu SAM\u00ae 3 Artikulator Professional, f\u00fcr Schraubmontageplatten-Systeme\">Read more<\/a><\/p>\n","protected":false},"featured_media":0,"comment_status":"open","ping_status":"closed","template":"","meta":[],"product_brand":[],"product_cat":[57],"product_tag":[],"class_list":{"0":"post-5797","1":"product","2":"type-product","3":"status-publish","5":"product_cat-unkategorisiert","7":"first","8":"instock","9":"taxable","10":"shipping-taxable","11":"purchasable","12":"product-type-simple"},"yoast_head":"<!-- This site is optimized with the Yoast SEO plugin v25.4 - https:\/\/yoast.com\/wordpress\/plugins\/seo\/ -->\r\n<title>SAM\u00ae 3 Artikulator Professional, f\u00fcr Schraubmontageplatten-Systeme - axioprisa<\/title>\r\n<meta name=\"robots\" content=\"index, follow, max-snippet:-1, max-image-preview:large, max-video-preview:-1\" \/>\r\n<link rel=\"canonical\" href=\"https:\/\/www.axioprisa.de\/de\/produkt\/sam-3-artikulator-professional-fuer-schraubmontageplatten-systeme\/\" \/>\r\n<meta property=\"og:locale\" content=\"de_DE\" \/>\r\n<meta property=\"og:type\" content=\"article\" \/>\r\n<meta property=\"og:title\" content=\"SAM\u00ae 3 Artikulator Professional, f\u00fcr Schraubmontageplatten-Systeme - axioprisa\" \/>\r\n<meta property=\"og:description\" content=\"SAM 3 Artikulator mit Abst\u00fctzstift (ART 525), Kippst\u00fctzen (ART 526), Curvaturen Sortiment (ART 540), Bennett-F\u00fchrungen Sortiment II (ART 547), Inzisalstift IIIPM microjustierbar (ART 533), Inzisaltisch einstellbar (ART 260), Protrusions-\/ Retrusions-Schrauben (ART 530). Der SAM 3 gilt als der Artikulator f\u00fcr gehobene Anspr\u00fcche. Er besticht durch h\u00f6chste Pr\u00e4zision und Funktionalit\u00e4t. Wie alle SAM Artikulatoren entspricht er ... Read more\" \/>\r\n<meta property=\"og:url\" content=\"https:\/\/www.axioprisa.de\/de\/produkt\/sam-3-artikulator-professional-fuer-schraubmontageplatten-systeme\/\" \/>\r\n<meta property=\"og:site_name\" content=\"axioprisa\" \/>\r\n<meta property=\"article:publisher\" content=\"https:\/\/www.facebook.com\/AxioPrisa-108822991713111\" \/>\r\n<meta property=\"article:modified_time\" content=\"2025-07-11T06:35:35+00:00\" \/>\r\n<meta name=\"twitter:card\" content=\"summary_large_image\" \/>\r\n<meta name=\"twitter:label1\" content=\"Gesch\u00e4tzte Lesezeit\" \/>\n\t<meta name=\"twitter:data1\" content=\"1\u00a0Minute\" \/>\r\n<script type=\"application\/ld+json\" class=\"yoast-schema-graph\">{\"@context\":\"https:\/\/schema.org\",\"@graph\":[{\"@type\":\"WebPage\",\"@id\":\"https:\/\/www.axioprisa.de\/de\/produkt\/sam-3-artikulator-professional-fuer-schraubmontageplatten-systeme\/\",\"url\":\"https:\/\/www.axioprisa.de\/de\/produkt\/sam-3-artikulator-professional-fuer-schraubmontageplatten-systeme\/\",\"name\":\"SAM\u00ae 3 Artikulator Professional, f\u00fcr Schraubmontageplatten-Systeme - axioprisa\",\"isPartOf\":{\"@id\":\"https:\/\/www.axioprisa.de\/de\/#website\"},\"datePublished\":\"2024-05-29T11:22:20+00:00\",\"dateModified\":\"2025-07-11T06:35:35+00:00\",\"breadcrumb\":{\"@id\":\"https:\/\/www.axioprisa.de\/de\/produkt\/sam-3-artikulator-professional-fuer-schraubmontageplatten-systeme\/#breadcrumb\"},\"inLanguage\":\"de\",\"potentialAction\":[{\"@type\":\"ReadAction\",\"target\":[\"https:\/\/www.axioprisa.de\/de\/produkt\/sam-3-artikulator-professional-fuer-schraubmontageplatten-systeme\/\"]}]},{\"@type\":\"BreadcrumbList\",\"@id\":\"https:\/\/www.axioprisa.de\/de\/produkt\/sam-3-artikulator-professional-fuer-schraubmontageplatten-systeme\/#breadcrumb\",\"itemListElement\":[{\"@type\":\"ListItem\",\"position\":1,\"name\":\"Home\",\"item\":\"https:\/\/www.axioprisa.de\/de\/\"},{\"@type\":\"ListItem\",\"position\":2,\"name\":\"Shop\",\"item\":\"https:\/\/www.axioprisa.de\/de\/shop-2\/\"},{\"@type\":\"ListItem\",\"position\":3,\"name\":\"SAM\u00ae 3 Artikulator Professional, f\u00fcr Schraubmontageplatten-Systeme\"}]},{\"@type\":\"WebSite\",\"@id\":\"https:\/\/www.axioprisa.de\/de\/#website\",\"url\":\"https:\/\/www.axioprisa.de\/de\/\",\"name\":\"axioprisa\",\"description\":\"\",\"publisher\":{\"@id\":\"https:\/\/www.axioprisa.de\/de\/#organization\"},\"potentialAction\":[{\"@type\":\"SearchAction\",\"target\":{\"@type\":\"EntryPoint\",\"urlTemplate\":\"https:\/\/www.axioprisa.de\/de\/?s={search_term_string}\"},\"query-input\":{\"@type\":\"PropertyValueSpecification\",\"valueRequired\":true,\"valueName\":\"search_term_string\"}}],\"inLanguage\":\"de\"},{\"@type\":\"Organization\",\"@id\":\"https:\/\/www.axioprisa.de\/de\/#organization\",\"name\":\"AxioPrisa\",\"url\":\"https:\/\/www.axioprisa.de\/de\/\",\"logo\":{\"@type\":\"ImageObject\",\"inLanguage\":\"de\",\"@id\":\"https:\/\/www.axioprisa.de\/de\/#\/schema\/logo\/image\/\",\"url\":\"https:\/\/www.axioprisa.de\/wp-content\/uploads\/2022\/02\/axp-logo.png\",\"contentUrl\":\"https:\/\/www.axioprisa.de\/wp-content\/uploads\/2022\/02\/axp-logo.png\",\"width\":105,\"height\":105,\"caption\":\"AxioPrisa\"},\"image\":{\"@id\":\"https:\/\/www.axioprisa.de\/de\/#\/schema\/logo\/image\/\"},\"sameAs\":[\"https:\/\/www.facebook.com\/AxioPrisa-108822991713111\",\"https:\/\/www.youtube.com\/channel\/UCFJJU5CN1sKReM0Iz-XJHQw\"]}]}<\/script>\r\n<!-- \/ Yoast SEO plugin. -->","yoast_head_json":{"title":"SAM\u00ae 3 Artikulator Professional, f\u00fcr Schraubmontageplatten-Systeme - axioprisa","robots":{"index":"index","follow":"follow","max-snippet":"max-snippet:-1","max-image-preview":"max-image-preview:large","max-video-preview":"max-video-preview:-1"},"canonical":"https:\/\/www.axioprisa.de\/de\/produkt\/sam-3-artikulator-professional-fuer-schraubmontageplatten-systeme\/","og_locale":"de_DE","og_type":"article","og_title":"SAM\u00ae 3 Artikulator Professional, f\u00fcr Schraubmontageplatten-Systeme - axioprisa","og_description":"SAM 3 Artikulator mit Abst\u00fctzstift (ART 525), Kippst\u00fctzen (ART 526), Curvaturen Sortiment (ART 540), Bennett-F\u00fchrungen Sortiment II (ART 547), Inzisalstift IIIPM microjustierbar (ART 533), Inzisaltisch einstellbar (ART 260), Protrusions-\/ Retrusions-Schrauben (ART 530). Der SAM 3 gilt als der Artikulator f\u00fcr gehobene Anspr\u00fcche. Er besticht durch h\u00f6chste Pr\u00e4zision und Funktionalit\u00e4t. Wie alle SAM Artikulatoren entspricht er ... Read more","og_url":"https:\/\/www.axioprisa.de\/de\/produkt\/sam-3-artikulator-professional-fuer-schraubmontageplatten-systeme\/","og_site_name":"axioprisa","article_publisher":"https:\/\/www.facebook.com\/AxioPrisa-108822991713111","article_modified_time":"2025-07-11T06:35:35+00:00","twitter_card":"summary_large_image","twitter_misc":{"Gesch\u00e4tzte Lesezeit":"1\u00a0Minute"},"schema":{"@context":"https:\/\/schema.org","@graph":[{"@type":"WebPage","@id":"https:\/\/www.axioprisa.de\/de\/produkt\/sam-3-artikulator-professional-fuer-schraubmontageplatten-systeme\/","url":"https:\/\/www.axioprisa.de\/de\/produkt\/sam-3-artikulator-professional-fuer-schraubmontageplatten-systeme\/","name":"SAM\u00ae 3 Artikulator Professional, f\u00fcr Schraubmontageplatten-Systeme - axioprisa","isPartOf":{"@id":"https:\/\/www.axioprisa.de\/de\/#website"},"datePublished":"2024-05-29T11:22:20+00:00","dateModified":"2025-07-11T06:35:35+00:00","breadcrumb":{"@id":"https:\/\/www.axioprisa.de\/de\/produkt\/sam-3-artikulator-professional-fuer-schraubmontageplatten-systeme\/#breadcrumb"},"inLanguage":"de","potentialAction":[{"@type":"ReadAction","target":["https:\/\/www.axioprisa.de\/de\/produkt\/sam-3-artikulator-professional-fuer-schraubmontageplatten-systeme\/"]}]},{"@type":"BreadcrumbList","@id":"https:\/\/www.axioprisa.de\/de\/produkt\/sam-3-artikulator-professional-fuer-schraubmontageplatten-systeme\/#breadcrumb","itemListElement":[{"@type":"ListItem","position":1,"name":"Home","item":"https:\/\/www.axioprisa.de\/de\/"},{"@type":"ListItem","position":2,"name":"Shop","item":"https:\/\/www.axioprisa.de\/de\/shop-2\/"},{"@type":"ListItem","position":3,"name":"SAM\u00ae 3 Artikulator Professional, f\u00fcr Schraubmontageplatten-Systeme"}]},{"@type":"WebSite","@id":"https:\/\/www.axioprisa.de\/de\/#website","url":"https:\/\/www.axioprisa.de\/de\/","name":"axioprisa","description":"","publisher":{"@id":"https:\/\/www.axioprisa.de\/de\/#organization"},"potentialAction":[{"@type":"SearchAction","target":{"@type":"EntryPoint","urlTemplate":"https:\/\/www.axioprisa.de\/de\/?s={search_term_string}"},"query-input":{"@type":"PropertyValueSpecification","valueRequired":true,"valueName":"search_term_string"}}],"inLanguage":"de"},{"@type":"Organization","@id":"https:\/\/www.axioprisa.de\/de\/#organization","name":"AxioPrisa","url":"https:\/\/www.axioprisa.de\/de\/","logo":{"@type":"ImageObject","inLanguage":"de","@id":"https:\/\/www.axioprisa.de\/de\/#\/schema\/logo\/image\/","url":"https:\/\/www.axioprisa.de\/wp-content\/uploads\/2022\/02\/axp-logo.png","contentUrl":"https:\/\/www.axioprisa.de\/wp-content\/uploads\/2022\/02\/axp-logo.png","width":105,"height":105,"caption":"AxioPrisa"},"image":{"@id":"https:\/\/www.axioprisa.de\/de\/#\/schema\/logo\/image\/"},"sameAs":["https:\/\/www.facebook.com\/AxioPrisa-108822991713111","https:\/\/www.youtube.com\/channel\/UCFJJU5CN1sKReM0Iz-XJHQw"]}]}},"jetpack_sharing_enabled":true,"wcpa_form_fields":null,"_links":{"self":[{"href":"https:\/\/www.axioprisa.de\/de\/wp-json\/wp\/v2\/product\/5797","targetHints":{"allow":["GET"]}}],"collection":[{"href":"https:\/\/www.axioprisa.de\/de\/wp-json\/wp\/v2\/product"}],"about":[{"href":"https:\/\/www.axioprisa.de\/de\/wp-json\/wp\/v2\/types\/product"}],"replies":[{"embeddable":true,"href":"https:\/\/www.axioprisa.de\/de\/wp-json\/wp\/v2\/comments?post=5797"}],"wp:attachment":[{"href":"https:\/\/www.axioprisa.de\/de\/wp-json\/wp\/v2\/media?parent=5797"}],"wp:term":[{"taxonomy":"product_brand","embeddable":true,"href":"https:\/\/www.axioprisa.de\/de\/wp-json\/wp\/v2\/product_brand?post=5797"},{"taxonomy":"product_cat","embeddable":true,"href":"https:\/\/www.axioprisa.de\/de\/wp-json\/wp\/v2\/product_cat?post=5797"},{"taxonomy":"product_tag","embeddable":true,"href":"https:\/\/www.axioprisa.de\/de\/wp-json\/wp\/v2\/product_tag?post=5797"}],"curies":[{"name":"wp","href":"https:\/\/api.w.org\/{rel}","templated":true}]}}