{"id":5759,"date":"2024-05-29T13:22:55","date_gmt":"2024-05-29T11:22:55","guid":{"rendered":"https:\/\/www.axioprisa.de\/product\/mps-montageplatten-systeme-starter-kit-gelb\/"},"modified":"2025-07-11T08:34:51","modified_gmt":"2025-07-11T06:34:51","slug":"mps-montageplatten-systeme-starter-kit-gelb","status":"publish","type":"product","link":"https:\/\/www.axioprisa.de\/de\/produkt\/mps-montageplatten-systeme-starter-kit-gelb\/","title":{"rendered":"MPS Montageplatten-Systeme, Starter Kit gelb"},"content":{"rendered":"<p>Beinhaltet:<br \/>\n1 x Schl\u00fcssel f\u00fcr Hutmutter, gelb (MPS 110)<br \/>\n1 x Zentrierhilfe, Kunststoff, schwarz (MPS 111)<br \/>\n20x Montageplatten gelb mit Haftplatten (MPS 150)<br \/>\n1 x Hutmutter geschlossen, zwei St\u00fcck (MPS 185)<br \/>\n1 x Magnett\u00f6pfe mit Magnet, M5 *13 mm, zwei St\u00fcck (MPS 190)<\/p>\n","protected":false},"excerpt":{"rendered":"<p>Beinhaltet: 1 x Schl\u00fcssel f\u00fcr Hutmutter, gelb (MPS 110) 1 x Zentrierhilfe, Kunststoff, schwarz (MPS 111) 20x Montageplatten gelb mit Haftplatten (MPS 150) 1 x Hutmutter geschlossen, zwei St\u00fcck (MPS 185) 1 x Magnett\u00f6pfe mit Magnet, M5 *13 mm, zwei St\u00fcck (MPS 190)<\/p>\n","protected":false},"featured_media":0,"comment_status":"open","ping_status":"closed","template":"","meta":[],"product_brand":[],"product_cat":[57],"product_tag":[],"class_list":{"0":"post-5759","1":"product","2":"type-product","3":"status-publish","5":"product_cat-unkategorisiert","7":"first","8":"instock","9":"taxable","10":"shipping-taxable","11":"purchasable","12":"product-type-simple"},"yoast_head":"<!-- This site is optimized with the Yoast SEO plugin v25.4 - https:\/\/yoast.com\/wordpress\/plugins\/seo\/ -->\r\n<title>MPS Montageplatten-Systeme, Starter Kit gelb - axioprisa<\/title>\r\n<meta name=\"robots\" content=\"index, follow, max-snippet:-1, max-image-preview:large, max-video-preview:-1\" \/>\r\n<link rel=\"canonical\" href=\"https:\/\/www.axioprisa.de\/de\/produkt\/mps-montageplatten-systeme-starter-kit-gelb\/\" \/>\r\n<meta property=\"og:locale\" content=\"de_DE\" \/>\r\n<meta property=\"og:type\" content=\"article\" \/>\r\n<meta property=\"og:title\" content=\"MPS Montageplatten-Systeme, Starter Kit gelb - axioprisa\" \/>\r\n<meta property=\"og:description\" content=\"Beinhaltet: 1 x Schl\u00fcssel f\u00fcr Hutmutter, gelb (MPS 110) 1 x Zentrierhilfe, Kunststoff, schwarz (MPS 111) 20x Montageplatten gelb mit Haftplatten (MPS 150) 1 x Hutmutter geschlossen, zwei St\u00fcck (MPS 185) 1 x Magnett\u00f6pfe mit Magnet, M5 *13 mm, zwei St\u00fcck (MPS 190)\" \/>\r\n<meta property=\"og:url\" content=\"https:\/\/www.axioprisa.de\/de\/produkt\/mps-montageplatten-systeme-starter-kit-gelb\/\" \/>\r\n<meta property=\"og:site_name\" content=\"axioprisa\" \/>\r\n<meta property=\"article:publisher\" content=\"https:\/\/www.facebook.com\/AxioPrisa-108822991713111\" \/>\r\n<meta property=\"article:modified_time\" content=\"2025-07-11T06:34:51+00:00\" \/>\r\n<meta name=\"twitter:card\" content=\"summary_large_image\" \/>\r\n<script type=\"application\/ld+json\" class=\"yoast-schema-graph\">{\"@context\":\"https:\/\/schema.org\",\"@graph\":[{\"@type\":\"WebPage\",\"@id\":\"https:\/\/www.axioprisa.de\/de\/produkt\/mps-montageplatten-systeme-starter-kit-gelb\/\",\"url\":\"https:\/\/www.axioprisa.de\/de\/produkt\/mps-montageplatten-systeme-starter-kit-gelb\/\",\"name\":\"MPS Montageplatten-Systeme, Starter Kit gelb - axioprisa\",\"isPartOf\":{\"@id\":\"https:\/\/www.axioprisa.de\/de\/#website\"},\"datePublished\":\"2024-05-29T11:22:55+00:00\",\"dateModified\":\"2025-07-11T06:34:51+00:00\",\"breadcrumb\":{\"@id\":\"https:\/\/www.axioprisa.de\/de\/produkt\/mps-montageplatten-systeme-starter-kit-gelb\/#breadcrumb\"},\"inLanguage\":\"de\",\"potentialAction\":[{\"@type\":\"ReadAction\",\"target\":[\"https:\/\/www.axioprisa.de\/de\/produkt\/mps-montageplatten-systeme-starter-kit-gelb\/\"]}]},{\"@type\":\"BreadcrumbList\",\"@id\":\"https:\/\/www.axioprisa.de\/de\/produkt\/mps-montageplatten-systeme-starter-kit-gelb\/#breadcrumb\",\"itemListElement\":[{\"@type\":\"ListItem\",\"position\":1,\"name\":\"Home\",\"item\":\"https:\/\/www.axioprisa.de\/de\/\"},{\"@type\":\"ListItem\",\"position\":2,\"name\":\"Shop\",\"item\":\"https:\/\/www.axioprisa.de\/de\/shop-2\/\"},{\"@type\":\"ListItem\",\"position\":3,\"name\":\"MPS Montageplatten-Systeme, Starter Kit gelb\"}]},{\"@type\":\"WebSite\",\"@id\":\"https:\/\/www.axioprisa.de\/de\/#website\",\"url\":\"https:\/\/www.axioprisa.de\/de\/\",\"name\":\"axioprisa\",\"description\":\"\",\"publisher\":{\"@id\":\"https:\/\/www.axioprisa.de\/de\/#organization\"},\"potentialAction\":[{\"@type\":\"SearchAction\",\"target\":{\"@type\":\"EntryPoint\",\"urlTemplate\":\"https:\/\/www.axioprisa.de\/de\/?s={search_term_string}\"},\"query-input\":{\"@type\":\"PropertyValueSpecification\",\"valueRequired\":true,\"valueName\":\"search_term_string\"}}],\"inLanguage\":\"de\"},{\"@type\":\"Organization\",\"@id\":\"https:\/\/www.axioprisa.de\/de\/#organization\",\"name\":\"AxioPrisa\",\"url\":\"https:\/\/www.axioprisa.de\/de\/\",\"logo\":{\"@type\":\"ImageObject\",\"inLanguage\":\"de\",\"@id\":\"https:\/\/www.axioprisa.de\/de\/#\/schema\/logo\/image\/\",\"url\":\"https:\/\/www.axioprisa.de\/wp-content\/uploads\/2022\/02\/axp-logo.png\",\"contentUrl\":\"https:\/\/www.axioprisa.de\/wp-content\/uploads\/2022\/02\/axp-logo.png\",\"width\":105,\"height\":105,\"caption\":\"AxioPrisa\"},\"image\":{\"@id\":\"https:\/\/www.axioprisa.de\/de\/#\/schema\/logo\/image\/\"},\"sameAs\":[\"https:\/\/www.facebook.com\/AxioPrisa-108822991713111\",\"https:\/\/www.youtube.com\/channel\/UCFJJU5CN1sKReM0Iz-XJHQw\"]}]}<\/script>\r\n<!-- \/ Yoast SEO plugin. -->","yoast_head_json":{"title":"MPS Montageplatten-Systeme, Starter Kit gelb - axioprisa","robots":{"index":"index","follow":"follow","max-snippet":"max-snippet:-1","max-image-preview":"max-image-preview:large","max-video-preview":"max-video-preview:-1"},"canonical":"https:\/\/www.axioprisa.de\/de\/produkt\/mps-montageplatten-systeme-starter-kit-gelb\/","og_locale":"de_DE","og_type":"article","og_title":"MPS Montageplatten-Systeme, Starter Kit gelb - axioprisa","og_description":"Beinhaltet: 1 x Schl\u00fcssel f\u00fcr Hutmutter, gelb (MPS 110) 1 x Zentrierhilfe, Kunststoff, schwarz (MPS 111) 20x Montageplatten gelb mit Haftplatten (MPS 150) 1 x Hutmutter geschlossen, zwei St\u00fcck (MPS 185) 1 x Magnett\u00f6pfe mit Magnet, M5 *13 mm, zwei St\u00fcck (MPS 190)","og_url":"https:\/\/www.axioprisa.de\/de\/produkt\/mps-montageplatten-systeme-starter-kit-gelb\/","og_site_name":"axioprisa","article_publisher":"https:\/\/www.facebook.com\/AxioPrisa-108822991713111","article_modified_time":"2025-07-11T06:34:51+00:00","twitter_card":"summary_large_image","schema":{"@context":"https:\/\/schema.org","@graph":[{"@type":"WebPage","@id":"https:\/\/www.axioprisa.de\/de\/produkt\/mps-montageplatten-systeme-starter-kit-gelb\/","url":"https:\/\/www.axioprisa.de\/de\/produkt\/mps-montageplatten-systeme-starter-kit-gelb\/","name":"MPS Montageplatten-Systeme, Starter Kit gelb - axioprisa","isPartOf":{"@id":"https:\/\/www.axioprisa.de\/de\/#website"},"datePublished":"2024-05-29T11:22:55+00:00","dateModified":"2025-07-11T06:34:51+00:00","breadcrumb":{"@id":"https:\/\/www.axioprisa.de\/de\/produkt\/mps-montageplatten-systeme-starter-kit-gelb\/#breadcrumb"},"inLanguage":"de","potentialAction":[{"@type":"ReadAction","target":["https:\/\/www.axioprisa.de\/de\/produkt\/mps-montageplatten-systeme-starter-kit-gelb\/"]}]},{"@type":"BreadcrumbList","@id":"https:\/\/www.axioprisa.de\/de\/produkt\/mps-montageplatten-systeme-starter-kit-gelb\/#breadcrumb","itemListElement":[{"@type":"ListItem","position":1,"name":"Home","item":"https:\/\/www.axioprisa.de\/de\/"},{"@type":"ListItem","position":2,"name":"Shop","item":"https:\/\/www.axioprisa.de\/de\/shop-2\/"},{"@type":"ListItem","position":3,"name":"MPS Montageplatten-Systeme, Starter Kit gelb"}]},{"@type":"WebSite","@id":"https:\/\/www.axioprisa.de\/de\/#website","url":"https:\/\/www.axioprisa.de\/de\/","name":"axioprisa","description":"","publisher":{"@id":"https:\/\/www.axioprisa.de\/de\/#organization"},"potentialAction":[{"@type":"SearchAction","target":{"@type":"EntryPoint","urlTemplate":"https:\/\/www.axioprisa.de\/de\/?s={search_term_string}"},"query-input":{"@type":"PropertyValueSpecification","valueRequired":true,"valueName":"search_term_string"}}],"inLanguage":"de"},{"@type":"Organization","@id":"https:\/\/www.axioprisa.de\/de\/#organization","name":"AxioPrisa","url":"https:\/\/www.axioprisa.de\/de\/","logo":{"@type":"ImageObject","inLanguage":"de","@id":"https:\/\/www.axioprisa.de\/de\/#\/schema\/logo\/image\/","url":"https:\/\/www.axioprisa.de\/wp-content\/uploads\/2022\/02\/axp-logo.png","contentUrl":"https:\/\/www.axioprisa.de\/wp-content\/uploads\/2022\/02\/axp-logo.png","width":105,"height":105,"caption":"AxioPrisa"},"image":{"@id":"https:\/\/www.axioprisa.de\/de\/#\/schema\/logo\/image\/"},"sameAs":["https:\/\/www.facebook.com\/AxioPrisa-108822991713111","https:\/\/www.youtube.com\/channel\/UCFJJU5CN1sKReM0Iz-XJHQw"]}]}},"jetpack_sharing_enabled":true,"wcpa_form_fields":null,"_links":{"self":[{"href":"https:\/\/www.axioprisa.de\/de\/wp-json\/wp\/v2\/product\/5759","targetHints":{"allow":["GET"]}}],"collection":[{"href":"https:\/\/www.axioprisa.de\/de\/wp-json\/wp\/v2\/product"}],"about":[{"href":"https:\/\/www.axioprisa.de\/de\/wp-json\/wp\/v2\/types\/product"}],"replies":[{"embeddable":true,"href":"https:\/\/www.axioprisa.de\/de\/wp-json\/wp\/v2\/comments?post=5759"}],"wp:attachment":[{"href":"https:\/\/www.axioprisa.de\/de\/wp-json\/wp\/v2\/media?parent=5759"}],"wp:term":[{"taxonomy":"product_brand","embeddable":true,"href":"https:\/\/www.axioprisa.de\/de\/wp-json\/wp\/v2\/product_brand?post=5759"},{"taxonomy":"product_cat","embeddable":true,"href":"https:\/\/www.axioprisa.de\/de\/wp-json\/wp\/v2\/product_cat?post=5759"},{"taxonomy":"product_tag","embeddable":true,"href":"https:\/\/www.axioprisa.de\/de\/wp-json\/wp\/v2\/product_tag?post=5759"}],"curies":[{"name":"wp","href":"https:\/\/api.w.org\/{rel}","templated":true}]}}