{"id":5723,"date":"2024-05-29T13:22:48","date_gmt":"2024-05-29T11:22:48","guid":{"rendered":"https:\/\/www.axioprisa.de\/product\/scharnierachs-montagegeraet-mps\/"},"modified":"2025-07-11T08:34:09","modified_gmt":"2025-07-11T06:34:09","slug":"scharnierachs-montagegeraet-mps","status":"publish","type":"product","link":"https:\/\/www.axioprisa.de\/de\/produkt\/scharnierachs-montagegeraet-mps\/","title":{"rendered":"Scharnierachs-Montageger\u00e4t, MPS"},"content":{"rendered":"<p>Zusatzartikel f\u00fcr SAM AXIOGRAPH, dient zur exakten \u00dcbertragung des Oberkiefermodelles<br \/>\nBeinhaltet:<br \/>\n1 x Schanierschs-Montageger\u00e4t (AXO 530)<br \/>\n1 x Umr\u00fcstsatz MPS (AXO 545.005)<br \/>\n1 x Teleskop-Bissgabelst\u00fctze (ATB 336)<br \/>\n1 x Magnetteppich (ATB 337)<br \/>\n1 x Referenz-Ebene-Anzeiger (AXO 535)<\/p>\n","protected":false},"excerpt":{"rendered":"<p>Zusatzartikel f\u00fcr SAM AXIOGRAPH, dient zur exakten \u00dcbertragung des Oberkiefermodelles Beinhaltet: 1 x Schanierschs-Montageger\u00e4t (AXO 530) 1 x Umr\u00fcstsatz MPS (AXO 545.005) 1 x Teleskop-Bissgabelst\u00fctze (ATB 336) 1 x Magnetteppich (ATB 337) 1 x Referenz-Ebene-Anzeiger (AXO 535)<\/p>\n","protected":false},"featured_media":0,"comment_status":"open","ping_status":"closed","template":"","meta":[],"product_brand":[],"product_cat":[57],"product_tag":[],"class_list":{"0":"post-5723","1":"product","2":"type-product","3":"status-publish","5":"product_cat-unkategorisiert","7":"first","8":"instock","9":"taxable","10":"shipping-taxable","11":"purchasable","12":"product-type-simple"},"yoast_head":"<!-- This site is optimized with the Yoast SEO plugin v25.4 - https:\/\/yoast.com\/wordpress\/plugins\/seo\/ -->\r\n<title>Scharnierachs-Montageger\u00e4t, MPS - axioprisa<\/title>\r\n<meta name=\"robots\" content=\"index, follow, max-snippet:-1, max-image-preview:large, max-video-preview:-1\" \/>\r\n<link rel=\"canonical\" href=\"https:\/\/www.axioprisa.de\/de\/produkt\/scharnierachs-montagegeraet-mps\/\" \/>\r\n<meta property=\"og:locale\" content=\"de_DE\" \/>\r\n<meta property=\"og:type\" content=\"article\" \/>\r\n<meta property=\"og:title\" content=\"Scharnierachs-Montageger\u00e4t, MPS - axioprisa\" \/>\r\n<meta property=\"og:description\" content=\"Zusatzartikel f\u00fcr SAM AXIOGRAPH, dient zur exakten \u00dcbertragung des Oberkiefermodelles Beinhaltet: 1 x Schanierschs-Montageger\u00e4t (AXO 530) 1 x Umr\u00fcstsatz MPS (AXO 545.005) 1 x Teleskop-Bissgabelst\u00fctze (ATB 336) 1 x Magnetteppich (ATB 337) 1 x Referenz-Ebene-Anzeiger (AXO 535)\" \/>\r\n<meta property=\"og:url\" content=\"https:\/\/www.axioprisa.de\/de\/produkt\/scharnierachs-montagegeraet-mps\/\" \/>\r\n<meta property=\"og:site_name\" content=\"axioprisa\" \/>\r\n<meta property=\"article:publisher\" content=\"https:\/\/www.facebook.com\/AxioPrisa-108822991713111\" \/>\r\n<meta property=\"article:modified_time\" content=\"2025-07-11T06:34:09+00:00\" \/>\r\n<meta name=\"twitter:card\" content=\"summary_large_image\" \/>\r\n<script type=\"application\/ld+json\" class=\"yoast-schema-graph\">{\"@context\":\"https:\/\/schema.org\",\"@graph\":[{\"@type\":\"WebPage\",\"@id\":\"https:\/\/www.axioprisa.de\/de\/produkt\/scharnierachs-montagegeraet-mps\/\",\"url\":\"https:\/\/www.axioprisa.de\/de\/produkt\/scharnierachs-montagegeraet-mps\/\",\"name\":\"Scharnierachs-Montageger\u00e4t, MPS - axioprisa\",\"isPartOf\":{\"@id\":\"https:\/\/www.axioprisa.de\/de\/#website\"},\"datePublished\":\"2024-05-29T11:22:48+00:00\",\"dateModified\":\"2025-07-11T06:34:09+00:00\",\"breadcrumb\":{\"@id\":\"https:\/\/www.axioprisa.de\/de\/produkt\/scharnierachs-montagegeraet-mps\/#breadcrumb\"},\"inLanguage\":\"de\",\"potentialAction\":[{\"@type\":\"ReadAction\",\"target\":[\"https:\/\/www.axioprisa.de\/de\/produkt\/scharnierachs-montagegeraet-mps\/\"]}]},{\"@type\":\"BreadcrumbList\",\"@id\":\"https:\/\/www.axioprisa.de\/de\/produkt\/scharnierachs-montagegeraet-mps\/#breadcrumb\",\"itemListElement\":[{\"@type\":\"ListItem\",\"position\":1,\"name\":\"Home\",\"item\":\"https:\/\/www.axioprisa.de\/de\/\"},{\"@type\":\"ListItem\",\"position\":2,\"name\":\"Shop\",\"item\":\"https:\/\/www.axioprisa.de\/de\/shop-2\/\"},{\"@type\":\"ListItem\",\"position\":3,\"name\":\"Scharnierachs-Montageger\u00e4t, MPS\"}]},{\"@type\":\"WebSite\",\"@id\":\"https:\/\/www.axioprisa.de\/de\/#website\",\"url\":\"https:\/\/www.axioprisa.de\/de\/\",\"name\":\"axioprisa\",\"description\":\"\",\"publisher\":{\"@id\":\"https:\/\/www.axioprisa.de\/de\/#organization\"},\"potentialAction\":[{\"@type\":\"SearchAction\",\"target\":{\"@type\":\"EntryPoint\",\"urlTemplate\":\"https:\/\/www.axioprisa.de\/de\/?s={search_term_string}\"},\"query-input\":{\"@type\":\"PropertyValueSpecification\",\"valueRequired\":true,\"valueName\":\"search_term_string\"}}],\"inLanguage\":\"de\"},{\"@type\":\"Organization\",\"@id\":\"https:\/\/www.axioprisa.de\/de\/#organization\",\"name\":\"AxioPrisa\",\"url\":\"https:\/\/www.axioprisa.de\/de\/\",\"logo\":{\"@type\":\"ImageObject\",\"inLanguage\":\"de\",\"@id\":\"https:\/\/www.axioprisa.de\/de\/#\/schema\/logo\/image\/\",\"url\":\"https:\/\/www.axioprisa.de\/wp-content\/uploads\/2022\/02\/axp-logo.png\",\"contentUrl\":\"https:\/\/www.axioprisa.de\/wp-content\/uploads\/2022\/02\/axp-logo.png\",\"width\":105,\"height\":105,\"caption\":\"AxioPrisa\"},\"image\":{\"@id\":\"https:\/\/www.axioprisa.de\/de\/#\/schema\/logo\/image\/\"},\"sameAs\":[\"https:\/\/www.facebook.com\/AxioPrisa-108822991713111\",\"https:\/\/www.youtube.com\/channel\/UCFJJU5CN1sKReM0Iz-XJHQw\"]}]}<\/script>\r\n<!-- \/ Yoast SEO plugin. -->","yoast_head_json":{"title":"Scharnierachs-Montageger\u00e4t, MPS - axioprisa","robots":{"index":"index","follow":"follow","max-snippet":"max-snippet:-1","max-image-preview":"max-image-preview:large","max-video-preview":"max-video-preview:-1"},"canonical":"https:\/\/www.axioprisa.de\/de\/produkt\/scharnierachs-montagegeraet-mps\/","og_locale":"de_DE","og_type":"article","og_title":"Scharnierachs-Montageger\u00e4t, MPS - axioprisa","og_description":"Zusatzartikel f\u00fcr SAM AXIOGRAPH, dient zur exakten \u00dcbertragung des Oberkiefermodelles Beinhaltet: 1 x Schanierschs-Montageger\u00e4t (AXO 530) 1 x Umr\u00fcstsatz MPS (AXO 545.005) 1 x Teleskop-Bissgabelst\u00fctze (ATB 336) 1 x Magnetteppich (ATB 337) 1 x Referenz-Ebene-Anzeiger (AXO 535)","og_url":"https:\/\/www.axioprisa.de\/de\/produkt\/scharnierachs-montagegeraet-mps\/","og_site_name":"axioprisa","article_publisher":"https:\/\/www.facebook.com\/AxioPrisa-108822991713111","article_modified_time":"2025-07-11T06:34:09+00:00","twitter_card":"summary_large_image","schema":{"@context":"https:\/\/schema.org","@graph":[{"@type":"WebPage","@id":"https:\/\/www.axioprisa.de\/de\/produkt\/scharnierachs-montagegeraet-mps\/","url":"https:\/\/www.axioprisa.de\/de\/produkt\/scharnierachs-montagegeraet-mps\/","name":"Scharnierachs-Montageger\u00e4t, MPS - axioprisa","isPartOf":{"@id":"https:\/\/www.axioprisa.de\/de\/#website"},"datePublished":"2024-05-29T11:22:48+00:00","dateModified":"2025-07-11T06:34:09+00:00","breadcrumb":{"@id":"https:\/\/www.axioprisa.de\/de\/produkt\/scharnierachs-montagegeraet-mps\/#breadcrumb"},"inLanguage":"de","potentialAction":[{"@type":"ReadAction","target":["https:\/\/www.axioprisa.de\/de\/produkt\/scharnierachs-montagegeraet-mps\/"]}]},{"@type":"BreadcrumbList","@id":"https:\/\/www.axioprisa.de\/de\/produkt\/scharnierachs-montagegeraet-mps\/#breadcrumb","itemListElement":[{"@type":"ListItem","position":1,"name":"Home","item":"https:\/\/www.axioprisa.de\/de\/"},{"@type":"ListItem","position":2,"name":"Shop","item":"https:\/\/www.axioprisa.de\/de\/shop-2\/"},{"@type":"ListItem","position":3,"name":"Scharnierachs-Montageger\u00e4t, MPS"}]},{"@type":"WebSite","@id":"https:\/\/www.axioprisa.de\/de\/#website","url":"https:\/\/www.axioprisa.de\/de\/","name":"axioprisa","description":"","publisher":{"@id":"https:\/\/www.axioprisa.de\/de\/#organization"},"potentialAction":[{"@type":"SearchAction","target":{"@type":"EntryPoint","urlTemplate":"https:\/\/www.axioprisa.de\/de\/?s={search_term_string}"},"query-input":{"@type":"PropertyValueSpecification","valueRequired":true,"valueName":"search_term_string"}}],"inLanguage":"de"},{"@type":"Organization","@id":"https:\/\/www.axioprisa.de\/de\/#organization","name":"AxioPrisa","url":"https:\/\/www.axioprisa.de\/de\/","logo":{"@type":"ImageObject","inLanguage":"de","@id":"https:\/\/www.axioprisa.de\/de\/#\/schema\/logo\/image\/","url":"https:\/\/www.axioprisa.de\/wp-content\/uploads\/2022\/02\/axp-logo.png","contentUrl":"https:\/\/www.axioprisa.de\/wp-content\/uploads\/2022\/02\/axp-logo.png","width":105,"height":105,"caption":"AxioPrisa"},"image":{"@id":"https:\/\/www.axioprisa.de\/de\/#\/schema\/logo\/image\/"},"sameAs":["https:\/\/www.facebook.com\/AxioPrisa-108822991713111","https:\/\/www.youtube.com\/channel\/UCFJJU5CN1sKReM0Iz-XJHQw"]}]}},"jetpack_sharing_enabled":true,"wcpa_form_fields":null,"_links":{"self":[{"href":"https:\/\/www.axioprisa.de\/de\/wp-json\/wp\/v2\/product\/5723","targetHints":{"allow":["GET"]}}],"collection":[{"href":"https:\/\/www.axioprisa.de\/de\/wp-json\/wp\/v2\/product"}],"about":[{"href":"https:\/\/www.axioprisa.de\/de\/wp-json\/wp\/v2\/types\/product"}],"replies":[{"embeddable":true,"href":"https:\/\/www.axioprisa.de\/de\/wp-json\/wp\/v2\/comments?post=5723"}],"wp:attachment":[{"href":"https:\/\/www.axioprisa.de\/de\/wp-json\/wp\/v2\/media?parent=5723"}],"wp:term":[{"taxonomy":"product_brand","embeddable":true,"href":"https:\/\/www.axioprisa.de\/de\/wp-json\/wp\/v2\/product_brand?post=5723"},{"taxonomy":"product_cat","embeddable":true,"href":"https:\/\/www.axioprisa.de\/de\/wp-json\/wp\/v2\/product_cat?post=5723"},{"taxonomy":"product_tag","embeddable":true,"href":"https:\/\/www.axioprisa.de\/de\/wp-json\/wp\/v2\/product_tag?post=5723"}],"curies":[{"name":"wp","href":"https:\/\/api.w.org\/{rel}","templated":true}]}}