{"id":5721,"date":"2024-05-29T13:22:49","date_gmt":"2024-05-29T11:22:49","guid":{"rendered":"https:\/\/www.axioprisa.de\/product\/axiojig-bissgabel-nachfuellpackung-l-500-stk\/"},"modified":"2025-07-11T08:34:08","modified_gmt":"2025-07-11T06:34:08","slug":"axiojig-bissgabel-nachfuellpackung-l-500-stk","status":"publish","type":"product","link":"https:\/\/www.axioprisa.de\/de\/produkt\/axiojig-bissgabel-nachfuellpackung-l-500-stk\/","title":{"rendered":"AxioJig Bissgabel Nachf\u00fcllpackung &#8211; L (500 Stk.)"},"content":{"rendered":"<p>Axiojigs f\u00fcr den einmaligen Gebrauch machen die Desinfektion leicht und einfach. Gelbe Axiojigs sind k\u00f6rpervertr\u00e4glich und werden nach EU- und FDA-Normen kontrolliert. Axiojigs sind die Verbindung zwischen Patient und \u00dcbertragungsbogen und werden mit einem kleinen St\u00fcck Bissregistriermaterial im Oberkiefer fixiert. Dies gew\u00e4hrleistet einen perfekten Sitz auf den Schneidez\u00e4hnen w\u00e4hrend des Scanvorgangs.   <\/p>\n<p>25 Einzelpackungen mit 20 St\u00fcck<br \/>\nFDA\/CE-gepr\u00fcftes Material<\/p>\n","protected":false},"excerpt":{"rendered":"<p>Axiojigs f\u00fcr den einmaligen Gebrauch machen die Desinfektion leicht und einfach. Gelbe Axiojigs sind k\u00f6rpervertr\u00e4glich und werden nach EU- und FDA-Normen kontrolliert. Axiojigs sind die Verbindung zwischen Patient und \u00dcbertragungsbogen und werden mit einem kleinen St\u00fcck Bissregistriermaterial im Oberkiefer fixiert. Dies gew\u00e4hrleistet einen perfekten Sitz auf den Schneidez\u00e4hnen w\u00e4hrend des Scanvorgangs. 25 Einzelpackungen mit 20 &#8230; <a title=\"AxioJig Bissgabel Nachf\u00fcllpackung &#8211; L (500 Stk.)\" class=\"read-more\" href=\"https:\/\/www.axioprisa.de\/de\/produkt\/axiojig-bissgabel-nachfuellpackung-l-500-stk\/\" aria-label=\"Mehr zu AxioJig Bissgabel Nachf\u00fcllpackung &#8211; L (500 Stk.)\">Read more<\/a><\/p>\n","protected":false},"featured_media":0,"comment_status":"open","ping_status":"closed","template":"","meta":[],"product_brand":[],"product_cat":[57],"product_tag":[],"class_list":{"0":"post-5721","1":"product","2":"type-product","3":"status-publish","5":"product_cat-unkategorisiert","7":"first","8":"instock","9":"taxable","10":"shipping-taxable","11":"purchasable","12":"product-type-simple"},"yoast_head":"<!-- This site is optimized with the Yoast SEO plugin v25.4 - https:\/\/yoast.com\/wordpress\/plugins\/seo\/ -->\r\n<title>AxioJig Bissgabel Nachf\u00fcllpackung - L (500 Stk.) - axioprisa<\/title>\r\n<meta name=\"robots\" content=\"index, follow, max-snippet:-1, max-image-preview:large, max-video-preview:-1\" \/>\r\n<link rel=\"canonical\" href=\"https:\/\/www.axioprisa.de\/de\/produkt\/axiojig-bissgabel-nachfuellpackung-l-500-stk\/\" \/>\r\n<meta property=\"og:locale\" content=\"de_DE\" \/>\r\n<meta property=\"og:type\" content=\"article\" \/>\r\n<meta property=\"og:title\" content=\"AxioJig Bissgabel Nachf\u00fcllpackung - L (500 Stk.) - axioprisa\" \/>\r\n<meta property=\"og:description\" content=\"Axiojigs f\u00fcr den einmaligen Gebrauch machen die Desinfektion leicht und einfach. Gelbe Axiojigs sind k\u00f6rpervertr\u00e4glich und werden nach EU- und FDA-Normen kontrolliert. Axiojigs sind die Verbindung zwischen Patient und \u00dcbertragungsbogen und werden mit einem kleinen St\u00fcck Bissregistriermaterial im Oberkiefer fixiert. Dies gew\u00e4hrleistet einen perfekten Sitz auf den Schneidez\u00e4hnen w\u00e4hrend des Scanvorgangs. 25 Einzelpackungen mit 20 ... Read more\" \/>\r\n<meta property=\"og:url\" content=\"https:\/\/www.axioprisa.de\/de\/produkt\/axiojig-bissgabel-nachfuellpackung-l-500-stk\/\" \/>\r\n<meta property=\"og:site_name\" content=\"axioprisa\" \/>\r\n<meta property=\"article:publisher\" content=\"https:\/\/www.facebook.com\/AxioPrisa-108822991713111\" \/>\r\n<meta property=\"article:modified_time\" content=\"2025-07-11T06:34:08+00:00\" \/>\r\n<meta name=\"twitter:card\" content=\"summary_large_image\" \/>\r\n<script type=\"application\/ld+json\" class=\"yoast-schema-graph\">{\"@context\":\"https:\/\/schema.org\",\"@graph\":[{\"@type\":\"WebPage\",\"@id\":\"https:\/\/www.axioprisa.de\/de\/produkt\/axiojig-bissgabel-nachfuellpackung-l-500-stk\/\",\"url\":\"https:\/\/www.axioprisa.de\/de\/produkt\/axiojig-bissgabel-nachfuellpackung-l-500-stk\/\",\"name\":\"AxioJig Bissgabel Nachf\u00fcllpackung - L (500 Stk.) - axioprisa\",\"isPartOf\":{\"@id\":\"https:\/\/www.axioprisa.de\/de\/#website\"},\"datePublished\":\"2024-05-29T11:22:49+00:00\",\"dateModified\":\"2025-07-11T06:34:08+00:00\",\"breadcrumb\":{\"@id\":\"https:\/\/www.axioprisa.de\/de\/produkt\/axiojig-bissgabel-nachfuellpackung-l-500-stk\/#breadcrumb\"},\"inLanguage\":\"de\",\"potentialAction\":[{\"@type\":\"ReadAction\",\"target\":[\"https:\/\/www.axioprisa.de\/de\/produkt\/axiojig-bissgabel-nachfuellpackung-l-500-stk\/\"]}]},{\"@type\":\"BreadcrumbList\",\"@id\":\"https:\/\/www.axioprisa.de\/de\/produkt\/axiojig-bissgabel-nachfuellpackung-l-500-stk\/#breadcrumb\",\"itemListElement\":[{\"@type\":\"ListItem\",\"position\":1,\"name\":\"Home\",\"item\":\"https:\/\/www.axioprisa.de\/de\/\"},{\"@type\":\"ListItem\",\"position\":2,\"name\":\"Shop\",\"item\":\"https:\/\/www.axioprisa.de\/de\/shop-2\/\"},{\"@type\":\"ListItem\",\"position\":3,\"name\":\"AxioJig Bissgabel Nachf\u00fcllpackung &#8211; L (500 Stk.)\"}]},{\"@type\":\"WebSite\",\"@id\":\"https:\/\/www.axioprisa.de\/de\/#website\",\"url\":\"https:\/\/www.axioprisa.de\/de\/\",\"name\":\"axioprisa\",\"description\":\"\",\"publisher\":{\"@id\":\"https:\/\/www.axioprisa.de\/de\/#organization\"},\"potentialAction\":[{\"@type\":\"SearchAction\",\"target\":{\"@type\":\"EntryPoint\",\"urlTemplate\":\"https:\/\/www.axioprisa.de\/de\/?s={search_term_string}\"},\"query-input\":{\"@type\":\"PropertyValueSpecification\",\"valueRequired\":true,\"valueName\":\"search_term_string\"}}],\"inLanguage\":\"de\"},{\"@type\":\"Organization\",\"@id\":\"https:\/\/www.axioprisa.de\/de\/#organization\",\"name\":\"AxioPrisa\",\"url\":\"https:\/\/www.axioprisa.de\/de\/\",\"logo\":{\"@type\":\"ImageObject\",\"inLanguage\":\"de\",\"@id\":\"https:\/\/www.axioprisa.de\/de\/#\/schema\/logo\/image\/\",\"url\":\"https:\/\/www.axioprisa.de\/wp-content\/uploads\/2022\/02\/axp-logo.png\",\"contentUrl\":\"https:\/\/www.axioprisa.de\/wp-content\/uploads\/2022\/02\/axp-logo.png\",\"width\":105,\"height\":105,\"caption\":\"AxioPrisa\"},\"image\":{\"@id\":\"https:\/\/www.axioprisa.de\/de\/#\/schema\/logo\/image\/\"},\"sameAs\":[\"https:\/\/www.facebook.com\/AxioPrisa-108822991713111\",\"https:\/\/www.youtube.com\/channel\/UCFJJU5CN1sKReM0Iz-XJHQw\"]}]}<\/script>\r\n<!-- \/ Yoast SEO plugin. -->","yoast_head_json":{"title":"AxioJig Bissgabel Nachf\u00fcllpackung - L (500 Stk.) - axioprisa","robots":{"index":"index","follow":"follow","max-snippet":"max-snippet:-1","max-image-preview":"max-image-preview:large","max-video-preview":"max-video-preview:-1"},"canonical":"https:\/\/www.axioprisa.de\/de\/produkt\/axiojig-bissgabel-nachfuellpackung-l-500-stk\/","og_locale":"de_DE","og_type":"article","og_title":"AxioJig Bissgabel Nachf\u00fcllpackung - L (500 Stk.) - axioprisa","og_description":"Axiojigs f\u00fcr den einmaligen Gebrauch machen die Desinfektion leicht und einfach. Gelbe Axiojigs sind k\u00f6rpervertr\u00e4glich und werden nach EU- und FDA-Normen kontrolliert. Axiojigs sind die Verbindung zwischen Patient und \u00dcbertragungsbogen und werden mit einem kleinen St\u00fcck Bissregistriermaterial im Oberkiefer fixiert. Dies gew\u00e4hrleistet einen perfekten Sitz auf den Schneidez\u00e4hnen w\u00e4hrend des Scanvorgangs. 25 Einzelpackungen mit 20 ... Read more","og_url":"https:\/\/www.axioprisa.de\/de\/produkt\/axiojig-bissgabel-nachfuellpackung-l-500-stk\/","og_site_name":"axioprisa","article_publisher":"https:\/\/www.facebook.com\/AxioPrisa-108822991713111","article_modified_time":"2025-07-11T06:34:08+00:00","twitter_card":"summary_large_image","schema":{"@context":"https:\/\/schema.org","@graph":[{"@type":"WebPage","@id":"https:\/\/www.axioprisa.de\/de\/produkt\/axiojig-bissgabel-nachfuellpackung-l-500-stk\/","url":"https:\/\/www.axioprisa.de\/de\/produkt\/axiojig-bissgabel-nachfuellpackung-l-500-stk\/","name":"AxioJig Bissgabel Nachf\u00fcllpackung - L (500 Stk.) - axioprisa","isPartOf":{"@id":"https:\/\/www.axioprisa.de\/de\/#website"},"datePublished":"2024-05-29T11:22:49+00:00","dateModified":"2025-07-11T06:34:08+00:00","breadcrumb":{"@id":"https:\/\/www.axioprisa.de\/de\/produkt\/axiojig-bissgabel-nachfuellpackung-l-500-stk\/#breadcrumb"},"inLanguage":"de","potentialAction":[{"@type":"ReadAction","target":["https:\/\/www.axioprisa.de\/de\/produkt\/axiojig-bissgabel-nachfuellpackung-l-500-stk\/"]}]},{"@type":"BreadcrumbList","@id":"https:\/\/www.axioprisa.de\/de\/produkt\/axiojig-bissgabel-nachfuellpackung-l-500-stk\/#breadcrumb","itemListElement":[{"@type":"ListItem","position":1,"name":"Home","item":"https:\/\/www.axioprisa.de\/de\/"},{"@type":"ListItem","position":2,"name":"Shop","item":"https:\/\/www.axioprisa.de\/de\/shop-2\/"},{"@type":"ListItem","position":3,"name":"AxioJig Bissgabel Nachf\u00fcllpackung &#8211; L (500 Stk.)"}]},{"@type":"WebSite","@id":"https:\/\/www.axioprisa.de\/de\/#website","url":"https:\/\/www.axioprisa.de\/de\/","name":"axioprisa","description":"","publisher":{"@id":"https:\/\/www.axioprisa.de\/de\/#organization"},"potentialAction":[{"@type":"SearchAction","target":{"@type":"EntryPoint","urlTemplate":"https:\/\/www.axioprisa.de\/de\/?s={search_term_string}"},"query-input":{"@type":"PropertyValueSpecification","valueRequired":true,"valueName":"search_term_string"}}],"inLanguage":"de"},{"@type":"Organization","@id":"https:\/\/www.axioprisa.de\/de\/#organization","name":"AxioPrisa","url":"https:\/\/www.axioprisa.de\/de\/","logo":{"@type":"ImageObject","inLanguage":"de","@id":"https:\/\/www.axioprisa.de\/de\/#\/schema\/logo\/image\/","url":"https:\/\/www.axioprisa.de\/wp-content\/uploads\/2022\/02\/axp-logo.png","contentUrl":"https:\/\/www.axioprisa.de\/wp-content\/uploads\/2022\/02\/axp-logo.png","width":105,"height":105,"caption":"AxioPrisa"},"image":{"@id":"https:\/\/www.axioprisa.de\/de\/#\/schema\/logo\/image\/"},"sameAs":["https:\/\/www.facebook.com\/AxioPrisa-108822991713111","https:\/\/www.youtube.com\/channel\/UCFJJU5CN1sKReM0Iz-XJHQw"]}]}},"jetpack_sharing_enabled":true,"wcpa_form_fields":null,"_links":{"self":[{"href":"https:\/\/www.axioprisa.de\/de\/wp-json\/wp\/v2\/product\/5721","targetHints":{"allow":["GET"]}}],"collection":[{"href":"https:\/\/www.axioprisa.de\/de\/wp-json\/wp\/v2\/product"}],"about":[{"href":"https:\/\/www.axioprisa.de\/de\/wp-json\/wp\/v2\/types\/product"}],"replies":[{"embeddable":true,"href":"https:\/\/www.axioprisa.de\/de\/wp-json\/wp\/v2\/comments?post=5721"}],"wp:attachment":[{"href":"https:\/\/www.axioprisa.de\/de\/wp-json\/wp\/v2\/media?parent=5721"}],"wp:term":[{"taxonomy":"product_brand","embeddable":true,"href":"https:\/\/www.axioprisa.de\/de\/wp-json\/wp\/v2\/product_brand?post=5721"},{"taxonomy":"product_cat","embeddable":true,"href":"https:\/\/www.axioprisa.de\/de\/wp-json\/wp\/v2\/product_cat?post=5721"},{"taxonomy":"product_tag","embeddable":true,"href":"https:\/\/www.axioprisa.de\/de\/wp-json\/wp\/v2\/product_tag?post=5721"}],"curies":[{"name":"wp","href":"https:\/\/api.w.org\/{rel}","templated":true}]}}