{"id":5668,"date":"2024-05-29T13:23:09","date_gmt":"2024-05-29T11:23:09","guid":{"rendered":"https:\/\/www.axioprisa.de\/product\/axioprisa-software-testlizenz-24-stunden-windows\/"},"modified":"2025-07-11T08:33:13","modified_gmt":"2025-07-11T06:33:13","slug":"axioprisa-software-testlizenz-24-stunden-windows","status":"publish","type":"product","link":"https:\/\/www.axioprisa.de\/de\/produkt\/axioprisa-software-testlizenz-24-stunden-windows\/","title":{"rendered":"AxioPrisa Software-Testlizenz, 24 Stunden (Windows)"},"content":{"rendered":"<p>Die AxioPrisa Software integriert die Patientenebene direkt in die Scandateien. Auf diese Weise kann die digitale Arbeit in der nat\u00fcrlichen Patientensituation konstruiert werden. Mit der Axioprisa-Software ist es m\u00f6glich, alle Scans in fertige STL-Dateien zu \u00fcbertragen. Dieses Dateiformat garantiert, dass alle CAD-Programme die angepassten Scans verwenden k\u00f6nnen. Auf diese Weise wird der digitale Prozess in digitalen Schritten abgeschlossen.    <\/p>\n<p>Die Lizenz erlaubt die Nutzung der AxioPrisa Software. Die Laufzeit betr\u00e4gt 24 Stunden ab dem Datum der Eingabe des Lizenzcodes. Nach Ablauf der Zeit ist eine erneute Aktivierung eines neuen Lizenzcodes notwendig. Die Lizenz wird in Form einer Karte versandt. Die Karte enth\u00e4lt ein Sicherheitsfeld, das frei gerieben werden muss, um den Lizenzcode zu sehen.    <\/p>\n<p>Das Tool &#8222;Arc of Closure&#8220; ist nicht in der Lizenz enthalten.<\/p>\n","protected":false},"excerpt":{"rendered":"<p>Die AxioPrisa Software integriert die Patientenebene direkt in die Scandateien. Auf diese Weise kann die digitale Arbeit in der nat\u00fcrlichen Patientensituation konstruiert werden. Mit der Axioprisa-Software ist es m\u00f6glich, alle Scans in fertige STL-Dateien zu \u00fcbertragen. Dieses Dateiformat garantiert, dass alle CAD-Programme die angepassten Scans verwenden k\u00f6nnen. Auf diese Weise wird der digitale Prozess in &#8230; <a title=\"AxioPrisa Software-Testlizenz, 24 Stunden (Windows)\" class=\"read-more\" href=\"https:\/\/www.axioprisa.de\/de\/produkt\/axioprisa-software-testlizenz-24-stunden-windows\/\" aria-label=\"Mehr zu AxioPrisa Software-Testlizenz, 24 Stunden (Windows)\">Read more<\/a><\/p>\n","protected":false},"featured_media":0,"comment_status":"open","ping_status":"closed","template":"","meta":[],"product_brand":[],"product_cat":[57],"product_tag":[],"class_list":{"0":"post-5668","1":"product","2":"type-product","3":"status-publish","5":"product_cat-unkategorisiert","7":"first","8":"instock","9":"taxable","10":"shipping-taxable","11":"purchasable","12":"product-type-simple"},"yoast_head":"<!-- This site is optimized with the Yoast SEO plugin v25.4 - https:\/\/yoast.com\/wordpress\/plugins\/seo\/ -->\r\n<title>AxioPrisa Software-Testlizenz, 24 Stunden (Windows) - axioprisa<\/title>\r\n<meta name=\"robots\" content=\"index, follow, max-snippet:-1, max-image-preview:large, max-video-preview:-1\" \/>\r\n<link rel=\"canonical\" href=\"https:\/\/www.axioprisa.de\/de\/produkt\/axioprisa-software-testlizenz-24-stunden-windows\/\" \/>\r\n<meta property=\"og:locale\" content=\"de_DE\" \/>\r\n<meta property=\"og:type\" content=\"article\" \/>\r\n<meta property=\"og:title\" content=\"AxioPrisa Software-Testlizenz, 24 Stunden (Windows) - axioprisa\" \/>\r\n<meta property=\"og:description\" content=\"Die AxioPrisa Software integriert die Patientenebene direkt in die Scandateien. Auf diese Weise kann die digitale Arbeit in der nat\u00fcrlichen Patientensituation konstruiert werden. Mit der Axioprisa-Software ist es m\u00f6glich, alle Scans in fertige STL-Dateien zu \u00fcbertragen. Dieses Dateiformat garantiert, dass alle CAD-Programme die angepassten Scans verwenden k\u00f6nnen. Auf diese Weise wird der digitale Prozess in ... Read more\" \/>\r\n<meta property=\"og:url\" content=\"https:\/\/www.axioprisa.de\/de\/produkt\/axioprisa-software-testlizenz-24-stunden-windows\/\" \/>\r\n<meta property=\"og:site_name\" content=\"axioprisa\" \/>\r\n<meta property=\"article:publisher\" content=\"https:\/\/www.facebook.com\/AxioPrisa-108822991713111\" \/>\r\n<meta property=\"article:modified_time\" content=\"2025-07-11T06:33:13+00:00\" \/>\r\n<meta name=\"twitter:card\" content=\"summary_large_image\" \/>\r\n<meta name=\"twitter:label1\" content=\"Gesch\u00e4tzte Lesezeit\" \/>\n\t<meta name=\"twitter:data1\" content=\"1\u00a0Minute\" \/>\r\n<script type=\"application\/ld+json\" class=\"yoast-schema-graph\">{\"@context\":\"https:\/\/schema.org\",\"@graph\":[{\"@type\":\"WebPage\",\"@id\":\"https:\/\/www.axioprisa.de\/de\/produkt\/axioprisa-software-testlizenz-24-stunden-windows\/\",\"url\":\"https:\/\/www.axioprisa.de\/de\/produkt\/axioprisa-software-testlizenz-24-stunden-windows\/\",\"name\":\"AxioPrisa Software-Testlizenz, 24 Stunden (Windows) - axioprisa\",\"isPartOf\":{\"@id\":\"https:\/\/www.axioprisa.de\/de\/#website\"},\"datePublished\":\"2024-05-29T11:23:09+00:00\",\"dateModified\":\"2025-07-11T06:33:13+00:00\",\"breadcrumb\":{\"@id\":\"https:\/\/www.axioprisa.de\/de\/produkt\/axioprisa-software-testlizenz-24-stunden-windows\/#breadcrumb\"},\"inLanguage\":\"de\",\"potentialAction\":[{\"@type\":\"ReadAction\",\"target\":[\"https:\/\/www.axioprisa.de\/de\/produkt\/axioprisa-software-testlizenz-24-stunden-windows\/\"]}]},{\"@type\":\"BreadcrumbList\",\"@id\":\"https:\/\/www.axioprisa.de\/de\/produkt\/axioprisa-software-testlizenz-24-stunden-windows\/#breadcrumb\",\"itemListElement\":[{\"@type\":\"ListItem\",\"position\":1,\"name\":\"Home\",\"item\":\"https:\/\/www.axioprisa.de\/de\/\"},{\"@type\":\"ListItem\",\"position\":2,\"name\":\"Shop\",\"item\":\"https:\/\/www.axioprisa.de\/de\/shop-2\/\"},{\"@type\":\"ListItem\",\"position\":3,\"name\":\"AxioPrisa Software-Testlizenz, 24 Stunden (Windows)\"}]},{\"@type\":\"WebSite\",\"@id\":\"https:\/\/www.axioprisa.de\/de\/#website\",\"url\":\"https:\/\/www.axioprisa.de\/de\/\",\"name\":\"axioprisa\",\"description\":\"\",\"publisher\":{\"@id\":\"https:\/\/www.axioprisa.de\/de\/#organization\"},\"potentialAction\":[{\"@type\":\"SearchAction\",\"target\":{\"@type\":\"EntryPoint\",\"urlTemplate\":\"https:\/\/www.axioprisa.de\/de\/?s={search_term_string}\"},\"query-input\":{\"@type\":\"PropertyValueSpecification\",\"valueRequired\":true,\"valueName\":\"search_term_string\"}}],\"inLanguage\":\"de\"},{\"@type\":\"Organization\",\"@id\":\"https:\/\/www.axioprisa.de\/de\/#organization\",\"name\":\"AxioPrisa\",\"url\":\"https:\/\/www.axioprisa.de\/de\/\",\"logo\":{\"@type\":\"ImageObject\",\"inLanguage\":\"de\",\"@id\":\"https:\/\/www.axioprisa.de\/de\/#\/schema\/logo\/image\/\",\"url\":\"https:\/\/www.axioprisa.de\/wp-content\/uploads\/2022\/02\/axp-logo.png\",\"contentUrl\":\"https:\/\/www.axioprisa.de\/wp-content\/uploads\/2022\/02\/axp-logo.png\",\"width\":105,\"height\":105,\"caption\":\"AxioPrisa\"},\"image\":{\"@id\":\"https:\/\/www.axioprisa.de\/de\/#\/schema\/logo\/image\/\"},\"sameAs\":[\"https:\/\/www.facebook.com\/AxioPrisa-108822991713111\",\"https:\/\/www.youtube.com\/channel\/UCFJJU5CN1sKReM0Iz-XJHQw\"]}]}<\/script>\r\n<!-- \/ Yoast SEO plugin. -->","yoast_head_json":{"title":"AxioPrisa Software-Testlizenz, 24 Stunden (Windows) - axioprisa","robots":{"index":"index","follow":"follow","max-snippet":"max-snippet:-1","max-image-preview":"max-image-preview:large","max-video-preview":"max-video-preview:-1"},"canonical":"https:\/\/www.axioprisa.de\/de\/produkt\/axioprisa-software-testlizenz-24-stunden-windows\/","og_locale":"de_DE","og_type":"article","og_title":"AxioPrisa Software-Testlizenz, 24 Stunden (Windows) - axioprisa","og_description":"Die AxioPrisa Software integriert die Patientenebene direkt in die Scandateien. Auf diese Weise kann die digitale Arbeit in der nat\u00fcrlichen Patientensituation konstruiert werden. Mit der Axioprisa-Software ist es m\u00f6glich, alle Scans in fertige STL-Dateien zu \u00fcbertragen. Dieses Dateiformat garantiert, dass alle CAD-Programme die angepassten Scans verwenden k\u00f6nnen. Auf diese Weise wird der digitale Prozess in ... Read more","og_url":"https:\/\/www.axioprisa.de\/de\/produkt\/axioprisa-software-testlizenz-24-stunden-windows\/","og_site_name":"axioprisa","article_publisher":"https:\/\/www.facebook.com\/AxioPrisa-108822991713111","article_modified_time":"2025-07-11T06:33:13+00:00","twitter_card":"summary_large_image","twitter_misc":{"Gesch\u00e4tzte Lesezeit":"1\u00a0Minute"},"schema":{"@context":"https:\/\/schema.org","@graph":[{"@type":"WebPage","@id":"https:\/\/www.axioprisa.de\/de\/produkt\/axioprisa-software-testlizenz-24-stunden-windows\/","url":"https:\/\/www.axioprisa.de\/de\/produkt\/axioprisa-software-testlizenz-24-stunden-windows\/","name":"AxioPrisa Software-Testlizenz, 24 Stunden (Windows) - axioprisa","isPartOf":{"@id":"https:\/\/www.axioprisa.de\/de\/#website"},"datePublished":"2024-05-29T11:23:09+00:00","dateModified":"2025-07-11T06:33:13+00:00","breadcrumb":{"@id":"https:\/\/www.axioprisa.de\/de\/produkt\/axioprisa-software-testlizenz-24-stunden-windows\/#breadcrumb"},"inLanguage":"de","potentialAction":[{"@type":"ReadAction","target":["https:\/\/www.axioprisa.de\/de\/produkt\/axioprisa-software-testlizenz-24-stunden-windows\/"]}]},{"@type":"BreadcrumbList","@id":"https:\/\/www.axioprisa.de\/de\/produkt\/axioprisa-software-testlizenz-24-stunden-windows\/#breadcrumb","itemListElement":[{"@type":"ListItem","position":1,"name":"Home","item":"https:\/\/www.axioprisa.de\/de\/"},{"@type":"ListItem","position":2,"name":"Shop","item":"https:\/\/www.axioprisa.de\/de\/shop-2\/"},{"@type":"ListItem","position":3,"name":"AxioPrisa Software-Testlizenz, 24 Stunden (Windows)"}]},{"@type":"WebSite","@id":"https:\/\/www.axioprisa.de\/de\/#website","url":"https:\/\/www.axioprisa.de\/de\/","name":"axioprisa","description":"","publisher":{"@id":"https:\/\/www.axioprisa.de\/de\/#organization"},"potentialAction":[{"@type":"SearchAction","target":{"@type":"EntryPoint","urlTemplate":"https:\/\/www.axioprisa.de\/de\/?s={search_term_string}"},"query-input":{"@type":"PropertyValueSpecification","valueRequired":true,"valueName":"search_term_string"}}],"inLanguage":"de"},{"@type":"Organization","@id":"https:\/\/www.axioprisa.de\/de\/#organization","name":"AxioPrisa","url":"https:\/\/www.axioprisa.de\/de\/","logo":{"@type":"ImageObject","inLanguage":"de","@id":"https:\/\/www.axioprisa.de\/de\/#\/schema\/logo\/image\/","url":"https:\/\/www.axioprisa.de\/wp-content\/uploads\/2022\/02\/axp-logo.png","contentUrl":"https:\/\/www.axioprisa.de\/wp-content\/uploads\/2022\/02\/axp-logo.png","width":105,"height":105,"caption":"AxioPrisa"},"image":{"@id":"https:\/\/www.axioprisa.de\/de\/#\/schema\/logo\/image\/"},"sameAs":["https:\/\/www.facebook.com\/AxioPrisa-108822991713111","https:\/\/www.youtube.com\/channel\/UCFJJU5CN1sKReM0Iz-XJHQw"]}]}},"jetpack_sharing_enabled":true,"wcpa_form_fields":null,"_links":{"self":[{"href":"https:\/\/www.axioprisa.de\/de\/wp-json\/wp\/v2\/product\/5668","targetHints":{"allow":["GET"]}}],"collection":[{"href":"https:\/\/www.axioprisa.de\/de\/wp-json\/wp\/v2\/product"}],"about":[{"href":"https:\/\/www.axioprisa.de\/de\/wp-json\/wp\/v2\/types\/product"}],"replies":[{"embeddable":true,"href":"https:\/\/www.axioprisa.de\/de\/wp-json\/wp\/v2\/comments?post=5668"}],"wp:attachment":[{"href":"https:\/\/www.axioprisa.de\/de\/wp-json\/wp\/v2\/media?parent=5668"}],"wp:term":[{"taxonomy":"product_brand","embeddable":true,"href":"https:\/\/www.axioprisa.de\/de\/wp-json\/wp\/v2\/product_brand?post=5668"},{"taxonomy":"product_cat","embeddable":true,"href":"https:\/\/www.axioprisa.de\/de\/wp-json\/wp\/v2\/product_cat?post=5668"},{"taxonomy":"product_tag","embeddable":true,"href":"https:\/\/www.axioprisa.de\/de\/wp-json\/wp\/v2\/product_tag?post=5668"}],"curies":[{"name":"wp","href":"https:\/\/api.w.org\/{rel}","templated":true}]}}