{"id":5625,"date":"2024-05-29T13:22:39","date_gmt":"2024-05-29T11:22:39","guid":{"rendered":"https:\/\/www.axioprisa.de\/product\/transferstand-k-fuer-kavo-protar-und-evo\/"},"modified":"2025-07-11T08:32:20","modified_gmt":"2025-07-11T06:32:20","slug":"transferstand-k-fuer-kavo-protar-und-evo","status":"publish","type":"product","link":"https:\/\/www.axioprisa.de\/de\/produkt\/transferstand-k-fuer-kavo-protar-und-evo\/","title":{"rendered":"Transferstand &#8211; K f\u00fcr KaVo Protar und EVO"},"content":{"rendered":"<p>Mit dem anatomischen Transferbogen von SAM und den speziellen Transferst\u00e4nden kann das Oberkiefermodell auch in viele g\u00e4ngige Artikulatoren \u00fcbertragen werden, die nicht aus dem Hause SAM sind. Verschiedene Bauh\u00f6hen und Bauarten werden ber\u00fccksichtigt und auf die Achs-Orbital-H\u00f6he kalibriert. Nach dem Vorbild des Transferstandes AX k\u00f6nnen alle SAM Bissgabeltr\u00e4ger mit einer Schiebef\u00fchrung (ATB 395, ATB 305, ATB 310, ATB 320) f\u00fcr die Oberkiefermodell\u00fcbertragung verwendet werden.  <\/p>\n","protected":false},"excerpt":{"rendered":"<p>Mit dem anatomischen Transferbogen von SAM und den speziellen Transferst\u00e4nden kann das Oberkiefermodell auch in viele g\u00e4ngige Artikulatoren \u00fcbertragen werden, die nicht aus dem Hause SAM sind. Verschiedene Bauh\u00f6hen und Bauarten werden ber\u00fccksichtigt und auf die Achs-Orbital-H\u00f6he kalibriert. Nach dem Vorbild des Transferstandes AX k\u00f6nnen alle SAM Bissgabeltr\u00e4ger mit einer Schiebef\u00fchrung (ATB 395, ATB 305, &#8230; <a title=\"Transferstand &#8211; K f\u00fcr KaVo Protar und EVO\" class=\"read-more\" href=\"https:\/\/www.axioprisa.de\/de\/produkt\/transferstand-k-fuer-kavo-protar-und-evo\/\" aria-label=\"Mehr zu Transferstand &#8211; K f\u00fcr KaVo Protar und EVO\">Read more<\/a><\/p>\n","protected":false},"featured_media":0,"comment_status":"open","ping_status":"closed","template":"","meta":[],"product_brand":[],"product_cat":[57],"product_tag":[],"class_list":{"0":"post-5625","1":"product","2":"type-product","3":"status-publish","5":"product_cat-unkategorisiert","7":"first","8":"instock","9":"taxable","10":"shipping-taxable","11":"purchasable","12":"product-type-simple"},"yoast_head":"<!-- This site is optimized with the Yoast SEO plugin v25.4 - https:\/\/yoast.com\/wordpress\/plugins\/seo\/ -->\r\n<title>Transferstand - K f\u00fcr KaVo Protar und EVO - axioprisa<\/title>\r\n<meta name=\"robots\" content=\"index, follow, max-snippet:-1, max-image-preview:large, max-video-preview:-1\" \/>\r\n<link rel=\"canonical\" href=\"https:\/\/www.axioprisa.de\/de\/produkt\/transferstand-k-fuer-kavo-protar-und-evo\/\" \/>\r\n<meta property=\"og:locale\" content=\"de_DE\" \/>\r\n<meta property=\"og:type\" content=\"article\" \/>\r\n<meta property=\"og:title\" content=\"Transferstand - K f\u00fcr KaVo Protar und EVO - axioprisa\" \/>\r\n<meta property=\"og:description\" content=\"Mit dem anatomischen Transferbogen von SAM und den speziellen Transferst\u00e4nden kann das Oberkiefermodell auch in viele g\u00e4ngige Artikulatoren \u00fcbertragen werden, die nicht aus dem Hause SAM sind. Verschiedene Bauh\u00f6hen und Bauarten werden ber\u00fccksichtigt und auf die Achs-Orbital-H\u00f6he kalibriert. Nach dem Vorbild des Transferstandes AX k\u00f6nnen alle SAM Bissgabeltr\u00e4ger mit einer Schiebef\u00fchrung (ATB 395, ATB 305, ... Read more\" \/>\r\n<meta property=\"og:url\" content=\"https:\/\/www.axioprisa.de\/de\/produkt\/transferstand-k-fuer-kavo-protar-und-evo\/\" \/>\r\n<meta property=\"og:site_name\" content=\"axioprisa\" \/>\r\n<meta property=\"article:publisher\" content=\"https:\/\/www.facebook.com\/AxioPrisa-108822991713111\" \/>\r\n<meta property=\"article:modified_time\" content=\"2025-07-11T06:32:20+00:00\" \/>\r\n<meta name=\"twitter:card\" content=\"summary_large_image\" \/>\r\n<script type=\"application\/ld+json\" class=\"yoast-schema-graph\">{\"@context\":\"https:\/\/schema.org\",\"@graph\":[{\"@type\":\"WebPage\",\"@id\":\"https:\/\/www.axioprisa.de\/de\/produkt\/transferstand-k-fuer-kavo-protar-und-evo\/\",\"url\":\"https:\/\/www.axioprisa.de\/de\/produkt\/transferstand-k-fuer-kavo-protar-und-evo\/\",\"name\":\"Transferstand - K f\u00fcr KaVo Protar und EVO - axioprisa\",\"isPartOf\":{\"@id\":\"https:\/\/www.axioprisa.de\/de\/#website\"},\"datePublished\":\"2024-05-29T11:22:39+00:00\",\"dateModified\":\"2025-07-11T06:32:20+00:00\",\"breadcrumb\":{\"@id\":\"https:\/\/www.axioprisa.de\/de\/produkt\/transferstand-k-fuer-kavo-protar-und-evo\/#breadcrumb\"},\"inLanguage\":\"de\",\"potentialAction\":[{\"@type\":\"ReadAction\",\"target\":[\"https:\/\/www.axioprisa.de\/de\/produkt\/transferstand-k-fuer-kavo-protar-und-evo\/\"]}]},{\"@type\":\"BreadcrumbList\",\"@id\":\"https:\/\/www.axioprisa.de\/de\/produkt\/transferstand-k-fuer-kavo-protar-und-evo\/#breadcrumb\",\"itemListElement\":[{\"@type\":\"ListItem\",\"position\":1,\"name\":\"Home\",\"item\":\"https:\/\/www.axioprisa.de\/de\/\"},{\"@type\":\"ListItem\",\"position\":2,\"name\":\"Shop\",\"item\":\"https:\/\/www.axioprisa.de\/de\/shop-2\/\"},{\"@type\":\"ListItem\",\"position\":3,\"name\":\"Transferstand &#8211; K f\u00fcr KaVo Protar und EVO\"}]},{\"@type\":\"WebSite\",\"@id\":\"https:\/\/www.axioprisa.de\/de\/#website\",\"url\":\"https:\/\/www.axioprisa.de\/de\/\",\"name\":\"axioprisa\",\"description\":\"\",\"publisher\":{\"@id\":\"https:\/\/www.axioprisa.de\/de\/#organization\"},\"potentialAction\":[{\"@type\":\"SearchAction\",\"target\":{\"@type\":\"EntryPoint\",\"urlTemplate\":\"https:\/\/www.axioprisa.de\/de\/?s={search_term_string}\"},\"query-input\":{\"@type\":\"PropertyValueSpecification\",\"valueRequired\":true,\"valueName\":\"search_term_string\"}}],\"inLanguage\":\"de\"},{\"@type\":\"Organization\",\"@id\":\"https:\/\/www.axioprisa.de\/de\/#organization\",\"name\":\"AxioPrisa\",\"url\":\"https:\/\/www.axioprisa.de\/de\/\",\"logo\":{\"@type\":\"ImageObject\",\"inLanguage\":\"de\",\"@id\":\"https:\/\/www.axioprisa.de\/de\/#\/schema\/logo\/image\/\",\"url\":\"https:\/\/www.axioprisa.de\/wp-content\/uploads\/2022\/02\/axp-logo.png\",\"contentUrl\":\"https:\/\/www.axioprisa.de\/wp-content\/uploads\/2022\/02\/axp-logo.png\",\"width\":105,\"height\":105,\"caption\":\"AxioPrisa\"},\"image\":{\"@id\":\"https:\/\/www.axioprisa.de\/de\/#\/schema\/logo\/image\/\"},\"sameAs\":[\"https:\/\/www.facebook.com\/AxioPrisa-108822991713111\",\"https:\/\/www.youtube.com\/channel\/UCFJJU5CN1sKReM0Iz-XJHQw\"]}]}<\/script>\r\n<!-- \/ Yoast SEO plugin. -->","yoast_head_json":{"title":"Transferstand - K f\u00fcr KaVo Protar und EVO - axioprisa","robots":{"index":"index","follow":"follow","max-snippet":"max-snippet:-1","max-image-preview":"max-image-preview:large","max-video-preview":"max-video-preview:-1"},"canonical":"https:\/\/www.axioprisa.de\/de\/produkt\/transferstand-k-fuer-kavo-protar-und-evo\/","og_locale":"de_DE","og_type":"article","og_title":"Transferstand - K f\u00fcr KaVo Protar und EVO - axioprisa","og_description":"Mit dem anatomischen Transferbogen von SAM und den speziellen Transferst\u00e4nden kann das Oberkiefermodell auch in viele g\u00e4ngige Artikulatoren \u00fcbertragen werden, die nicht aus dem Hause SAM sind. Verschiedene Bauh\u00f6hen und Bauarten werden ber\u00fccksichtigt und auf die Achs-Orbital-H\u00f6he kalibriert. Nach dem Vorbild des Transferstandes AX k\u00f6nnen alle SAM Bissgabeltr\u00e4ger mit einer Schiebef\u00fchrung (ATB 395, ATB 305, ... Read more","og_url":"https:\/\/www.axioprisa.de\/de\/produkt\/transferstand-k-fuer-kavo-protar-und-evo\/","og_site_name":"axioprisa","article_publisher":"https:\/\/www.facebook.com\/AxioPrisa-108822991713111","article_modified_time":"2025-07-11T06:32:20+00:00","twitter_card":"summary_large_image","schema":{"@context":"https:\/\/schema.org","@graph":[{"@type":"WebPage","@id":"https:\/\/www.axioprisa.de\/de\/produkt\/transferstand-k-fuer-kavo-protar-und-evo\/","url":"https:\/\/www.axioprisa.de\/de\/produkt\/transferstand-k-fuer-kavo-protar-und-evo\/","name":"Transferstand - K f\u00fcr KaVo Protar und EVO - axioprisa","isPartOf":{"@id":"https:\/\/www.axioprisa.de\/de\/#website"},"datePublished":"2024-05-29T11:22:39+00:00","dateModified":"2025-07-11T06:32:20+00:00","breadcrumb":{"@id":"https:\/\/www.axioprisa.de\/de\/produkt\/transferstand-k-fuer-kavo-protar-und-evo\/#breadcrumb"},"inLanguage":"de","potentialAction":[{"@type":"ReadAction","target":["https:\/\/www.axioprisa.de\/de\/produkt\/transferstand-k-fuer-kavo-protar-und-evo\/"]}]},{"@type":"BreadcrumbList","@id":"https:\/\/www.axioprisa.de\/de\/produkt\/transferstand-k-fuer-kavo-protar-und-evo\/#breadcrumb","itemListElement":[{"@type":"ListItem","position":1,"name":"Home","item":"https:\/\/www.axioprisa.de\/de\/"},{"@type":"ListItem","position":2,"name":"Shop","item":"https:\/\/www.axioprisa.de\/de\/shop-2\/"},{"@type":"ListItem","position":3,"name":"Transferstand &#8211; K f\u00fcr KaVo Protar und EVO"}]},{"@type":"WebSite","@id":"https:\/\/www.axioprisa.de\/de\/#website","url":"https:\/\/www.axioprisa.de\/de\/","name":"axioprisa","description":"","publisher":{"@id":"https:\/\/www.axioprisa.de\/de\/#organization"},"potentialAction":[{"@type":"SearchAction","target":{"@type":"EntryPoint","urlTemplate":"https:\/\/www.axioprisa.de\/de\/?s={search_term_string}"},"query-input":{"@type":"PropertyValueSpecification","valueRequired":true,"valueName":"search_term_string"}}],"inLanguage":"de"},{"@type":"Organization","@id":"https:\/\/www.axioprisa.de\/de\/#organization","name":"AxioPrisa","url":"https:\/\/www.axioprisa.de\/de\/","logo":{"@type":"ImageObject","inLanguage":"de","@id":"https:\/\/www.axioprisa.de\/de\/#\/schema\/logo\/image\/","url":"https:\/\/www.axioprisa.de\/wp-content\/uploads\/2022\/02\/axp-logo.png","contentUrl":"https:\/\/www.axioprisa.de\/wp-content\/uploads\/2022\/02\/axp-logo.png","width":105,"height":105,"caption":"AxioPrisa"},"image":{"@id":"https:\/\/www.axioprisa.de\/de\/#\/schema\/logo\/image\/"},"sameAs":["https:\/\/www.facebook.com\/AxioPrisa-108822991713111","https:\/\/www.youtube.com\/channel\/UCFJJU5CN1sKReM0Iz-XJHQw"]}]}},"jetpack_sharing_enabled":true,"wcpa_form_fields":null,"_links":{"self":[{"href":"https:\/\/www.axioprisa.de\/de\/wp-json\/wp\/v2\/product\/5625","targetHints":{"allow":["GET"]}}],"collection":[{"href":"https:\/\/www.axioprisa.de\/de\/wp-json\/wp\/v2\/product"}],"about":[{"href":"https:\/\/www.axioprisa.de\/de\/wp-json\/wp\/v2\/types\/product"}],"replies":[{"embeddable":true,"href":"https:\/\/www.axioprisa.de\/de\/wp-json\/wp\/v2\/comments?post=5625"}],"wp:attachment":[{"href":"https:\/\/www.axioprisa.de\/de\/wp-json\/wp\/v2\/media?parent=5625"}],"wp:term":[{"taxonomy":"product_brand","embeddable":true,"href":"https:\/\/www.axioprisa.de\/de\/wp-json\/wp\/v2\/product_brand?post=5625"},{"taxonomy":"product_cat","embeddable":true,"href":"https:\/\/www.axioprisa.de\/de\/wp-json\/wp\/v2\/product_cat?post=5625"},{"taxonomy":"product_tag","embeddable":true,"href":"https:\/\/www.axioprisa.de\/de\/wp-json\/wp\/v2\/product_tag?post=5625"}],"curies":[{"name":"wp","href":"https:\/\/api.w.org\/{rel}","templated":true}]}}