{"id":5610,"date":"2024-05-29T13:22:24","date_gmt":"2024-05-29T11:22:24","guid":{"rendered":"https:\/\/www.axioprisa.de\/product\/sam-neo-artikulator-mps\/"},"modified":"2025-07-11T08:32:02","modified_gmt":"2025-07-11T06:32:02","slug":"sam-neo-artikulator-mps","status":"publish","type":"product","link":"https:\/\/www.axioprisa.de\/de\/produkt\/sam-neo-artikulator-mps\/","title":{"rendered":"SAM\u00ae NEO Artikulator, MPS"},"content":{"rendered":"<p>Der SAM NEO ist ein preiswerter und sehr stabiler Artikulator. Alle Mindestanforderungen, die einem Artikulator zugrunde liegen, sind in diesem Ger\u00e4t vereint.<br \/>\nIm SAM NEO Artikulator kann die Gelenkbahnneigung (Winkel) eingestellt werden, f\u00fcr die Gelenkbahnkr\u00fcmmung wurde ein statistischer Mittelwert nach anatomischem Vorbild genommen. Beim SAM Artikulator entspricht dies dem Kondylarbahneinsatz 1 (wei\u00df, mit geringer W\u00f6lbung).<br \/>\nDie SAM-Norm erlaubt die Verwendung von SAM Zusatzger\u00e4ten. F\u00fcr den SAM NEO Artikulator gibt es eine gro\u00dfe Auswahl an Zubeh\u00f6r.<br \/>\nPraktisch ist die Abst\u00fctzung des Artikulatoroberteils im ge\u00f6ffneten Zustand. Die Kippst\u00fctzen sorgen f\u00fcr eine bessere Sicht auf die zahntechnische Arbeit. Abst\u00fctzstift und Kippst\u00fctzen k\u00f6nnen optional, zum Artikulator bestellt werden.<\/p>\n","protected":false},"excerpt":{"rendered":"<p>Der SAM NEO ist ein preiswerter und sehr stabiler Artikulator. Alle Mindestanforderungen, die einem Artikulator zugrunde liegen, sind in diesem Ger\u00e4t vereint. Im SAM NEO Artikulator kann die Gelenkbahnneigung (Winkel) eingestellt werden, f\u00fcr die Gelenkbahnkr\u00fcmmung wurde ein statistischer Mittelwert nach anatomischem Vorbild genommen. Beim SAM Artikulator entspricht dies dem Kondylarbahneinsatz 1 (wei\u00df, mit geringer W\u00f6lbung). &#8230; <a title=\"SAM\u00ae NEO Artikulator, MPS\" class=\"read-more\" href=\"https:\/\/www.axioprisa.de\/de\/produkt\/sam-neo-artikulator-mps\/\" aria-label=\"Mehr zu SAM\u00ae NEO Artikulator, MPS\">Read more<\/a><\/p>\n","protected":false},"featured_media":0,"comment_status":"open","ping_status":"closed","template":"","meta":[],"product_brand":[],"product_cat":[57],"product_tag":[],"class_list":{"0":"post-5610","1":"product","2":"type-product","3":"status-publish","5":"product_cat-unkategorisiert","7":"first","8":"instock","9":"taxable","10":"shipping-taxable","11":"purchasable","12":"product-type-simple"},"yoast_head":"<!-- This site is optimized with the Yoast SEO plugin v25.4 - https:\/\/yoast.com\/wordpress\/plugins\/seo\/ -->\r\n<title>SAM\u00ae NEO Artikulator, MPS - axioprisa<\/title>\r\n<meta name=\"robots\" content=\"index, follow, max-snippet:-1, max-image-preview:large, max-video-preview:-1\" \/>\r\n<link rel=\"canonical\" href=\"https:\/\/www.axioprisa.de\/de\/produkt\/sam-neo-artikulator-mps\/\" \/>\r\n<meta property=\"og:locale\" content=\"de_DE\" \/>\r\n<meta property=\"og:type\" content=\"article\" \/>\r\n<meta property=\"og:title\" content=\"SAM\u00ae NEO Artikulator, MPS - axioprisa\" \/>\r\n<meta property=\"og:description\" content=\"Der SAM NEO ist ein preiswerter und sehr stabiler Artikulator. Alle Mindestanforderungen, die einem Artikulator zugrunde liegen, sind in diesem Ger\u00e4t vereint. Im SAM NEO Artikulator kann die Gelenkbahnneigung (Winkel) eingestellt werden, f\u00fcr die Gelenkbahnkr\u00fcmmung wurde ein statistischer Mittelwert nach anatomischem Vorbild genommen. Beim SAM Artikulator entspricht dies dem Kondylarbahneinsatz 1 (wei\u00df, mit geringer W\u00f6lbung). ... Read more\" \/>\r\n<meta property=\"og:url\" content=\"https:\/\/www.axioprisa.de\/de\/produkt\/sam-neo-artikulator-mps\/\" \/>\r\n<meta property=\"og:site_name\" content=\"axioprisa\" \/>\r\n<meta property=\"article:publisher\" content=\"https:\/\/www.facebook.com\/AxioPrisa-108822991713111\" \/>\r\n<meta property=\"article:modified_time\" content=\"2025-07-11T06:32:02+00:00\" \/>\r\n<meta name=\"twitter:card\" content=\"summary_large_image\" \/>\r\n<meta name=\"twitter:label1\" content=\"Gesch\u00e4tzte Lesezeit\" \/>\n\t<meta name=\"twitter:data1\" content=\"1\u00a0Minute\" \/>\r\n<script type=\"application\/ld+json\" class=\"yoast-schema-graph\">{\"@context\":\"https:\/\/schema.org\",\"@graph\":[{\"@type\":\"WebPage\",\"@id\":\"https:\/\/www.axioprisa.de\/de\/produkt\/sam-neo-artikulator-mps\/\",\"url\":\"https:\/\/www.axioprisa.de\/de\/produkt\/sam-neo-artikulator-mps\/\",\"name\":\"SAM\u00ae NEO Artikulator, MPS - axioprisa\",\"isPartOf\":{\"@id\":\"https:\/\/www.axioprisa.de\/de\/#website\"},\"datePublished\":\"2024-05-29T11:22:24+00:00\",\"dateModified\":\"2025-07-11T06:32:02+00:00\",\"breadcrumb\":{\"@id\":\"https:\/\/www.axioprisa.de\/de\/produkt\/sam-neo-artikulator-mps\/#breadcrumb\"},\"inLanguage\":\"de\",\"potentialAction\":[{\"@type\":\"ReadAction\",\"target\":[\"https:\/\/www.axioprisa.de\/de\/produkt\/sam-neo-artikulator-mps\/\"]}]},{\"@type\":\"BreadcrumbList\",\"@id\":\"https:\/\/www.axioprisa.de\/de\/produkt\/sam-neo-artikulator-mps\/#breadcrumb\",\"itemListElement\":[{\"@type\":\"ListItem\",\"position\":1,\"name\":\"Home\",\"item\":\"https:\/\/www.axioprisa.de\/de\/\"},{\"@type\":\"ListItem\",\"position\":2,\"name\":\"Shop\",\"item\":\"https:\/\/www.axioprisa.de\/de\/shop-2\/\"},{\"@type\":\"ListItem\",\"position\":3,\"name\":\"SAM\u00ae NEO Artikulator, MPS\"}]},{\"@type\":\"WebSite\",\"@id\":\"https:\/\/www.axioprisa.de\/de\/#website\",\"url\":\"https:\/\/www.axioprisa.de\/de\/\",\"name\":\"axioprisa\",\"description\":\"\",\"publisher\":{\"@id\":\"https:\/\/www.axioprisa.de\/de\/#organization\"},\"potentialAction\":[{\"@type\":\"SearchAction\",\"target\":{\"@type\":\"EntryPoint\",\"urlTemplate\":\"https:\/\/www.axioprisa.de\/de\/?s={search_term_string}\"},\"query-input\":{\"@type\":\"PropertyValueSpecification\",\"valueRequired\":true,\"valueName\":\"search_term_string\"}}],\"inLanguage\":\"de\"},{\"@type\":\"Organization\",\"@id\":\"https:\/\/www.axioprisa.de\/de\/#organization\",\"name\":\"AxioPrisa\",\"url\":\"https:\/\/www.axioprisa.de\/de\/\",\"logo\":{\"@type\":\"ImageObject\",\"inLanguage\":\"de\",\"@id\":\"https:\/\/www.axioprisa.de\/de\/#\/schema\/logo\/image\/\",\"url\":\"https:\/\/www.axioprisa.de\/wp-content\/uploads\/2022\/02\/axp-logo.png\",\"contentUrl\":\"https:\/\/www.axioprisa.de\/wp-content\/uploads\/2022\/02\/axp-logo.png\",\"width\":105,\"height\":105,\"caption\":\"AxioPrisa\"},\"image\":{\"@id\":\"https:\/\/www.axioprisa.de\/de\/#\/schema\/logo\/image\/\"},\"sameAs\":[\"https:\/\/www.facebook.com\/AxioPrisa-108822991713111\",\"https:\/\/www.youtube.com\/channel\/UCFJJU5CN1sKReM0Iz-XJHQw\"]}]}<\/script>\r\n<!-- \/ Yoast SEO plugin. -->","yoast_head_json":{"title":"SAM\u00ae NEO Artikulator, MPS - axioprisa","robots":{"index":"index","follow":"follow","max-snippet":"max-snippet:-1","max-image-preview":"max-image-preview:large","max-video-preview":"max-video-preview:-1"},"canonical":"https:\/\/www.axioprisa.de\/de\/produkt\/sam-neo-artikulator-mps\/","og_locale":"de_DE","og_type":"article","og_title":"SAM\u00ae NEO Artikulator, MPS - axioprisa","og_description":"Der SAM NEO ist ein preiswerter und sehr stabiler Artikulator. Alle Mindestanforderungen, die einem Artikulator zugrunde liegen, sind in diesem Ger\u00e4t vereint. Im SAM NEO Artikulator kann die Gelenkbahnneigung (Winkel) eingestellt werden, f\u00fcr die Gelenkbahnkr\u00fcmmung wurde ein statistischer Mittelwert nach anatomischem Vorbild genommen. Beim SAM Artikulator entspricht dies dem Kondylarbahneinsatz 1 (wei\u00df, mit geringer W\u00f6lbung). ... Read more","og_url":"https:\/\/www.axioprisa.de\/de\/produkt\/sam-neo-artikulator-mps\/","og_site_name":"axioprisa","article_publisher":"https:\/\/www.facebook.com\/AxioPrisa-108822991713111","article_modified_time":"2025-07-11T06:32:02+00:00","twitter_card":"summary_large_image","twitter_misc":{"Gesch\u00e4tzte Lesezeit":"1\u00a0Minute"},"schema":{"@context":"https:\/\/schema.org","@graph":[{"@type":"WebPage","@id":"https:\/\/www.axioprisa.de\/de\/produkt\/sam-neo-artikulator-mps\/","url":"https:\/\/www.axioprisa.de\/de\/produkt\/sam-neo-artikulator-mps\/","name":"SAM\u00ae NEO Artikulator, MPS - axioprisa","isPartOf":{"@id":"https:\/\/www.axioprisa.de\/de\/#website"},"datePublished":"2024-05-29T11:22:24+00:00","dateModified":"2025-07-11T06:32:02+00:00","breadcrumb":{"@id":"https:\/\/www.axioprisa.de\/de\/produkt\/sam-neo-artikulator-mps\/#breadcrumb"},"inLanguage":"de","potentialAction":[{"@type":"ReadAction","target":["https:\/\/www.axioprisa.de\/de\/produkt\/sam-neo-artikulator-mps\/"]}]},{"@type":"BreadcrumbList","@id":"https:\/\/www.axioprisa.de\/de\/produkt\/sam-neo-artikulator-mps\/#breadcrumb","itemListElement":[{"@type":"ListItem","position":1,"name":"Home","item":"https:\/\/www.axioprisa.de\/de\/"},{"@type":"ListItem","position":2,"name":"Shop","item":"https:\/\/www.axioprisa.de\/de\/shop-2\/"},{"@type":"ListItem","position":3,"name":"SAM\u00ae NEO Artikulator, MPS"}]},{"@type":"WebSite","@id":"https:\/\/www.axioprisa.de\/de\/#website","url":"https:\/\/www.axioprisa.de\/de\/","name":"axioprisa","description":"","publisher":{"@id":"https:\/\/www.axioprisa.de\/de\/#organization"},"potentialAction":[{"@type":"SearchAction","target":{"@type":"EntryPoint","urlTemplate":"https:\/\/www.axioprisa.de\/de\/?s={search_term_string}"},"query-input":{"@type":"PropertyValueSpecification","valueRequired":true,"valueName":"search_term_string"}}],"inLanguage":"de"},{"@type":"Organization","@id":"https:\/\/www.axioprisa.de\/de\/#organization","name":"AxioPrisa","url":"https:\/\/www.axioprisa.de\/de\/","logo":{"@type":"ImageObject","inLanguage":"de","@id":"https:\/\/www.axioprisa.de\/de\/#\/schema\/logo\/image\/","url":"https:\/\/www.axioprisa.de\/wp-content\/uploads\/2022\/02\/axp-logo.png","contentUrl":"https:\/\/www.axioprisa.de\/wp-content\/uploads\/2022\/02\/axp-logo.png","width":105,"height":105,"caption":"AxioPrisa"},"image":{"@id":"https:\/\/www.axioprisa.de\/de\/#\/schema\/logo\/image\/"},"sameAs":["https:\/\/www.facebook.com\/AxioPrisa-108822991713111","https:\/\/www.youtube.com\/channel\/UCFJJU5CN1sKReM0Iz-XJHQw"]}]}},"jetpack_sharing_enabled":true,"wcpa_form_fields":null,"_links":{"self":[{"href":"https:\/\/www.axioprisa.de\/de\/wp-json\/wp\/v2\/product\/5610","targetHints":{"allow":["GET"]}}],"collection":[{"href":"https:\/\/www.axioprisa.de\/de\/wp-json\/wp\/v2\/product"}],"about":[{"href":"https:\/\/www.axioprisa.de\/de\/wp-json\/wp\/v2\/types\/product"}],"replies":[{"embeddable":true,"href":"https:\/\/www.axioprisa.de\/de\/wp-json\/wp\/v2\/comments?post=5610"}],"wp:attachment":[{"href":"https:\/\/www.axioprisa.de\/de\/wp-json\/wp\/v2\/media?parent=5610"}],"wp:term":[{"taxonomy":"product_brand","embeddable":true,"href":"https:\/\/www.axioprisa.de\/de\/wp-json\/wp\/v2\/product_brand?post=5610"},{"taxonomy":"product_cat","embeddable":true,"href":"https:\/\/www.axioprisa.de\/de\/wp-json\/wp\/v2\/product_cat?post=5610"},{"taxonomy":"product_tag","embeddable":true,"href":"https:\/\/www.axioprisa.de\/de\/wp-json\/wp\/v2\/product_tag?post=5610"}],"curies":[{"name":"wp","href":"https:\/\/api.w.org\/{rel}","templated":true}]}}