{"id":5600,"date":"2024-05-29T13:22:24","date_gmt":"2024-05-29T11:22:24","guid":{"rendered":"https:\/\/www.axioprisa.de\/product\/sam-se-artikulator-mps\/"},"modified":"2025-07-11T08:31:52","modified_gmt":"2025-07-11T06:31:52","slug":"sam-se-artikulator-mps","status":"publish","type":"product","link":"https:\/\/www.axioprisa.de\/de\/produkt\/sam-se-artikulator-mps\/","title":{"rendered":"SAM\u00ae SE Artikulator, MPS"},"content":{"rendered":"<p>Der SAM SE wird als ein preiswerter, leichter und trotzdem sehr stabiler Artikulator gesch\u00e4tzt.<br \/>\nAlle wichtigen ergonomischen Merkmale der SAM Artikulatoren sind in das Design des SAM SE Artikulators eingeflossen.<br \/>\nDer SAM SE wurde aus einem glasfaserverst\u00e4rkten Kunststoff entwickelt, der auch Verwendung in der Luftfahrttechnik findet. Dieser ist leicht und sehr stabil.<br \/>\nDer SAM SE ist im Alltag f\u00fcr alle Disziplinen der Zahnheilkunde geeignet. Auf unseren Erfahrungen in Diagnostik und Therapie basiert das Wissen um die Mindestanforderungen, die diesem Ger\u00e4t zu Grunde liegen: eine sch\u00e4delgerechte Modellpositionierung und eine einstellbare Neigung der Kondylarbahn mit Curvatur 1, eine Bennett-F\u00fchrung, die dem gr\u00fcnen SAM Einsatz entspricht.<br \/>\nDie SAM-Norm erlaubt die Verwendung von SAM Zusatzger\u00e4ten. Zum Artikulator gibt es eine gro\u00dfe Auswahl an Zubeh\u00f6r.<\/p>\n<p>Beinhaltet:<br \/>\n1 x Inzisaltisch, plan (ART 275)<br \/>\n1 x Abst\u00fctzstift (ART 525)<br \/>\n1 x Inzisalstift SE (ART 620)<\/p>\n","protected":false},"excerpt":{"rendered":"<p>Der SAM SE wird als ein preiswerter, leichter und trotzdem sehr stabiler Artikulator gesch\u00e4tzt. Alle wichtigen ergonomischen Merkmale der SAM Artikulatoren sind in das Design des SAM SE Artikulators eingeflossen. Der SAM SE wurde aus einem glasfaserverst\u00e4rkten Kunststoff entwickelt, der auch Verwendung in der Luftfahrttechnik findet. Dieser ist leicht und sehr stabil. Der SAM SE &#8230; <a title=\"SAM\u00ae SE Artikulator, MPS\" class=\"read-more\" href=\"https:\/\/www.axioprisa.de\/de\/produkt\/sam-se-artikulator-mps\/\" aria-label=\"Mehr zu SAM\u00ae SE Artikulator, MPS\">Read more<\/a><\/p>\n","protected":false},"featured_media":0,"comment_status":"open","ping_status":"closed","template":"","meta":[],"product_brand":[],"product_cat":[57],"product_tag":[],"class_list":{"0":"post-5600","1":"product","2":"type-product","3":"status-publish","5":"product_cat-unkategorisiert","7":"first","8":"instock","9":"taxable","10":"shipping-taxable","11":"purchasable","12":"product-type-simple"},"yoast_head":"<!-- This site is optimized with the Yoast SEO plugin v25.4 - https:\/\/yoast.com\/wordpress\/plugins\/seo\/ -->\r\n<title>SAM\u00ae SE Artikulator, MPS - axioprisa<\/title>\r\n<meta name=\"robots\" content=\"index, follow, max-snippet:-1, max-image-preview:large, max-video-preview:-1\" \/>\r\n<link rel=\"canonical\" href=\"https:\/\/www.axioprisa.de\/de\/produkt\/sam-se-artikulator-mps\/\" \/>\r\n<meta property=\"og:locale\" content=\"de_DE\" \/>\r\n<meta property=\"og:type\" content=\"article\" \/>\r\n<meta property=\"og:title\" content=\"SAM\u00ae SE Artikulator, MPS - axioprisa\" \/>\r\n<meta property=\"og:description\" content=\"Der SAM SE wird als ein preiswerter, leichter und trotzdem sehr stabiler Artikulator gesch\u00e4tzt. Alle wichtigen ergonomischen Merkmale der SAM Artikulatoren sind in das Design des SAM SE Artikulators eingeflossen. Der SAM SE wurde aus einem glasfaserverst\u00e4rkten Kunststoff entwickelt, der auch Verwendung in der Luftfahrttechnik findet. Dieser ist leicht und sehr stabil. Der SAM SE ... Read more\" \/>\r\n<meta property=\"og:url\" content=\"https:\/\/www.axioprisa.de\/de\/produkt\/sam-se-artikulator-mps\/\" \/>\r\n<meta property=\"og:site_name\" content=\"axioprisa\" \/>\r\n<meta property=\"article:publisher\" content=\"https:\/\/www.facebook.com\/AxioPrisa-108822991713111\" \/>\r\n<meta property=\"article:modified_time\" content=\"2025-07-11T06:31:52+00:00\" \/>\r\n<meta name=\"twitter:card\" content=\"summary_large_image\" \/>\r\n<meta name=\"twitter:label1\" content=\"Gesch\u00e4tzte Lesezeit\" \/>\n\t<meta name=\"twitter:data1\" content=\"1\u00a0Minute\" \/>\r\n<script type=\"application\/ld+json\" class=\"yoast-schema-graph\">{\"@context\":\"https:\/\/schema.org\",\"@graph\":[{\"@type\":\"WebPage\",\"@id\":\"https:\/\/www.axioprisa.de\/de\/produkt\/sam-se-artikulator-mps\/\",\"url\":\"https:\/\/www.axioprisa.de\/de\/produkt\/sam-se-artikulator-mps\/\",\"name\":\"SAM\u00ae SE Artikulator, MPS - axioprisa\",\"isPartOf\":{\"@id\":\"https:\/\/www.axioprisa.de\/de\/#website\"},\"datePublished\":\"2024-05-29T11:22:24+00:00\",\"dateModified\":\"2025-07-11T06:31:52+00:00\",\"breadcrumb\":{\"@id\":\"https:\/\/www.axioprisa.de\/de\/produkt\/sam-se-artikulator-mps\/#breadcrumb\"},\"inLanguage\":\"de\",\"potentialAction\":[{\"@type\":\"ReadAction\",\"target\":[\"https:\/\/www.axioprisa.de\/de\/produkt\/sam-se-artikulator-mps\/\"]}]},{\"@type\":\"BreadcrumbList\",\"@id\":\"https:\/\/www.axioprisa.de\/de\/produkt\/sam-se-artikulator-mps\/#breadcrumb\",\"itemListElement\":[{\"@type\":\"ListItem\",\"position\":1,\"name\":\"Home\",\"item\":\"https:\/\/www.axioprisa.de\/de\/\"},{\"@type\":\"ListItem\",\"position\":2,\"name\":\"Shop\",\"item\":\"https:\/\/www.axioprisa.de\/de\/shop-2\/\"},{\"@type\":\"ListItem\",\"position\":3,\"name\":\"SAM\u00ae SE Artikulator, MPS\"}]},{\"@type\":\"WebSite\",\"@id\":\"https:\/\/www.axioprisa.de\/de\/#website\",\"url\":\"https:\/\/www.axioprisa.de\/de\/\",\"name\":\"axioprisa\",\"description\":\"\",\"publisher\":{\"@id\":\"https:\/\/www.axioprisa.de\/de\/#organization\"},\"potentialAction\":[{\"@type\":\"SearchAction\",\"target\":{\"@type\":\"EntryPoint\",\"urlTemplate\":\"https:\/\/www.axioprisa.de\/de\/?s={search_term_string}\"},\"query-input\":{\"@type\":\"PropertyValueSpecification\",\"valueRequired\":true,\"valueName\":\"search_term_string\"}}],\"inLanguage\":\"de\"},{\"@type\":\"Organization\",\"@id\":\"https:\/\/www.axioprisa.de\/de\/#organization\",\"name\":\"AxioPrisa\",\"url\":\"https:\/\/www.axioprisa.de\/de\/\",\"logo\":{\"@type\":\"ImageObject\",\"inLanguage\":\"de\",\"@id\":\"https:\/\/www.axioprisa.de\/de\/#\/schema\/logo\/image\/\",\"url\":\"https:\/\/www.axioprisa.de\/wp-content\/uploads\/2022\/02\/axp-logo.png\",\"contentUrl\":\"https:\/\/www.axioprisa.de\/wp-content\/uploads\/2022\/02\/axp-logo.png\",\"width\":105,\"height\":105,\"caption\":\"AxioPrisa\"},\"image\":{\"@id\":\"https:\/\/www.axioprisa.de\/de\/#\/schema\/logo\/image\/\"},\"sameAs\":[\"https:\/\/www.facebook.com\/AxioPrisa-108822991713111\",\"https:\/\/www.youtube.com\/channel\/UCFJJU5CN1sKReM0Iz-XJHQw\"]}]}<\/script>\r\n<!-- \/ Yoast SEO plugin. -->","yoast_head_json":{"title":"SAM\u00ae SE Artikulator, MPS - axioprisa","robots":{"index":"index","follow":"follow","max-snippet":"max-snippet:-1","max-image-preview":"max-image-preview:large","max-video-preview":"max-video-preview:-1"},"canonical":"https:\/\/www.axioprisa.de\/de\/produkt\/sam-se-artikulator-mps\/","og_locale":"de_DE","og_type":"article","og_title":"SAM\u00ae SE Artikulator, MPS - axioprisa","og_description":"Der SAM SE wird als ein preiswerter, leichter und trotzdem sehr stabiler Artikulator gesch\u00e4tzt. Alle wichtigen ergonomischen Merkmale der SAM Artikulatoren sind in das Design des SAM SE Artikulators eingeflossen. Der SAM SE wurde aus einem glasfaserverst\u00e4rkten Kunststoff entwickelt, der auch Verwendung in der Luftfahrttechnik findet. Dieser ist leicht und sehr stabil. Der SAM SE ... Read more","og_url":"https:\/\/www.axioprisa.de\/de\/produkt\/sam-se-artikulator-mps\/","og_site_name":"axioprisa","article_publisher":"https:\/\/www.facebook.com\/AxioPrisa-108822991713111","article_modified_time":"2025-07-11T06:31:52+00:00","twitter_card":"summary_large_image","twitter_misc":{"Gesch\u00e4tzte Lesezeit":"1\u00a0Minute"},"schema":{"@context":"https:\/\/schema.org","@graph":[{"@type":"WebPage","@id":"https:\/\/www.axioprisa.de\/de\/produkt\/sam-se-artikulator-mps\/","url":"https:\/\/www.axioprisa.de\/de\/produkt\/sam-se-artikulator-mps\/","name":"SAM\u00ae SE Artikulator, MPS - axioprisa","isPartOf":{"@id":"https:\/\/www.axioprisa.de\/de\/#website"},"datePublished":"2024-05-29T11:22:24+00:00","dateModified":"2025-07-11T06:31:52+00:00","breadcrumb":{"@id":"https:\/\/www.axioprisa.de\/de\/produkt\/sam-se-artikulator-mps\/#breadcrumb"},"inLanguage":"de","potentialAction":[{"@type":"ReadAction","target":["https:\/\/www.axioprisa.de\/de\/produkt\/sam-se-artikulator-mps\/"]}]},{"@type":"BreadcrumbList","@id":"https:\/\/www.axioprisa.de\/de\/produkt\/sam-se-artikulator-mps\/#breadcrumb","itemListElement":[{"@type":"ListItem","position":1,"name":"Home","item":"https:\/\/www.axioprisa.de\/de\/"},{"@type":"ListItem","position":2,"name":"Shop","item":"https:\/\/www.axioprisa.de\/de\/shop-2\/"},{"@type":"ListItem","position":3,"name":"SAM\u00ae SE Artikulator, MPS"}]},{"@type":"WebSite","@id":"https:\/\/www.axioprisa.de\/de\/#website","url":"https:\/\/www.axioprisa.de\/de\/","name":"axioprisa","description":"","publisher":{"@id":"https:\/\/www.axioprisa.de\/de\/#organization"},"potentialAction":[{"@type":"SearchAction","target":{"@type":"EntryPoint","urlTemplate":"https:\/\/www.axioprisa.de\/de\/?s={search_term_string}"},"query-input":{"@type":"PropertyValueSpecification","valueRequired":true,"valueName":"search_term_string"}}],"inLanguage":"de"},{"@type":"Organization","@id":"https:\/\/www.axioprisa.de\/de\/#organization","name":"AxioPrisa","url":"https:\/\/www.axioprisa.de\/de\/","logo":{"@type":"ImageObject","inLanguage":"de","@id":"https:\/\/www.axioprisa.de\/de\/#\/schema\/logo\/image\/","url":"https:\/\/www.axioprisa.de\/wp-content\/uploads\/2022\/02\/axp-logo.png","contentUrl":"https:\/\/www.axioprisa.de\/wp-content\/uploads\/2022\/02\/axp-logo.png","width":105,"height":105,"caption":"AxioPrisa"},"image":{"@id":"https:\/\/www.axioprisa.de\/de\/#\/schema\/logo\/image\/"},"sameAs":["https:\/\/www.facebook.com\/AxioPrisa-108822991713111","https:\/\/www.youtube.com\/channel\/UCFJJU5CN1sKReM0Iz-XJHQw"]}]}},"jetpack_sharing_enabled":true,"wcpa_form_fields":null,"_links":{"self":[{"href":"https:\/\/www.axioprisa.de\/de\/wp-json\/wp\/v2\/product\/5600","targetHints":{"allow":["GET"]}}],"collection":[{"href":"https:\/\/www.axioprisa.de\/de\/wp-json\/wp\/v2\/product"}],"about":[{"href":"https:\/\/www.axioprisa.de\/de\/wp-json\/wp\/v2\/types\/product"}],"replies":[{"embeddable":true,"href":"https:\/\/www.axioprisa.de\/de\/wp-json\/wp\/v2\/comments?post=5600"}],"wp:attachment":[{"href":"https:\/\/www.axioprisa.de\/de\/wp-json\/wp\/v2\/media?parent=5600"}],"wp:term":[{"taxonomy":"product_brand","embeddable":true,"href":"https:\/\/www.axioprisa.de\/de\/wp-json\/wp\/v2\/product_brand?post=5600"},{"taxonomy":"product_cat","embeddable":true,"href":"https:\/\/www.axioprisa.de\/de\/wp-json\/wp\/v2\/product_cat?post=5600"},{"taxonomy":"product_tag","embeddable":true,"href":"https:\/\/www.axioprisa.de\/de\/wp-json\/wp\/v2\/product_tag?post=5600"}],"curies":[{"name":"wp","href":"https:\/\/api.w.org\/{rel}","templated":true}]}}