{"id":5570,"date":"2024-05-29T13:22:13","date_gmt":"2024-05-29T11:22:13","guid":{"rendered":"https:\/\/www.axioprisa.de\/product\/okklusions-ebenen-messtisch-fuer-das-kois-system\/"},"modified":"2025-07-11T08:31:19","modified_gmt":"2025-07-11T06:31:19","slug":"okklusions-ebenen-messtisch-fuer-das-kois-system","status":"publish","type":"product","link":"https:\/\/www.axioprisa.de\/de\/produkt\/okklusions-ebenen-messtisch-fuer-das-kois-system\/","title":{"rendered":"Okklusions-Ebenen-Messtisch f\u00fcr das Kois-System"},"content":{"rendered":"<p>Sofern Sie mit dem Bogen nach Dr. John C. Kois eine Registrierung der Oberkieferposition vorgenommen haben, k\u00f6nnen Sie diese in jedem SAM Artikulator \u00fcbertragen. Mit dem neuen Einsatz (ART 385JK) wird die Position durch den Okklusions-Ebenen-Messtisch genau wiedergegeben, das hei\u00dft basierend auf einem Abstand Schneidekante-Scharnierachse von 100 mm. Durch die anderen Eins\u00e4tze wie die gekr\u00fcmmte Kalotte k\u00f6nnen Sie aber auch wie gewohnt im SAM-Artikulator arbeiten.<\/p>\n","protected":false},"excerpt":{"rendered":"<p>Sofern Sie mit dem Bogen nach Dr. John C. Kois eine Registrierung der Oberkieferposition vorgenommen haben, k\u00f6nnen Sie diese in jedem SAM Artikulator \u00fcbertragen. Mit dem neuen Einsatz (ART 385JK) wird die Position durch den Okklusions-Ebenen-Messtisch genau wiedergegeben, das hei\u00dft basierend auf einem Abstand Schneidekante-Scharnierachse von 100 mm. Durch die anderen Eins\u00e4tze wie die gekr\u00fcmmte &#8230; <a title=\"Okklusions-Ebenen-Messtisch f\u00fcr das Kois-System\" class=\"read-more\" href=\"https:\/\/www.axioprisa.de\/de\/produkt\/okklusions-ebenen-messtisch-fuer-das-kois-system\/\" aria-label=\"Mehr zu Okklusions-Ebenen-Messtisch f\u00fcr das Kois-System\">Read more<\/a><\/p>\n","protected":false},"featured_media":0,"comment_status":"open","ping_status":"closed","template":"","meta":[],"product_brand":[],"product_cat":[57],"product_tag":[],"class_list":{"0":"post-5570","1":"product","2":"type-product","3":"status-publish","5":"product_cat-unkategorisiert","7":"first","8":"instock","9":"taxable","10":"shipping-taxable","11":"product-type-simple"},"yoast_head":"<!-- This site is optimized with the Yoast SEO plugin v25.4 - https:\/\/yoast.com\/wordpress\/plugins\/seo\/ -->\r\n<title>Okklusions-Ebenen-Messtisch f\u00fcr das Kois-System - axioprisa<\/title>\r\n<meta name=\"robots\" content=\"index, follow, max-snippet:-1, max-image-preview:large, max-video-preview:-1\" \/>\r\n<link rel=\"canonical\" href=\"https:\/\/www.axioprisa.de\/de\/produkt\/okklusions-ebenen-messtisch-fuer-das-kois-system\/\" \/>\r\n<meta property=\"og:locale\" content=\"de_DE\" \/>\r\n<meta property=\"og:type\" content=\"article\" \/>\r\n<meta property=\"og:title\" content=\"Okklusions-Ebenen-Messtisch f\u00fcr das Kois-System - axioprisa\" \/>\r\n<meta property=\"og:description\" content=\"Sofern Sie mit dem Bogen nach Dr. John C. Kois eine Registrierung der Oberkieferposition vorgenommen haben, k\u00f6nnen Sie diese in jedem SAM Artikulator \u00fcbertragen. Mit dem neuen Einsatz (ART 385JK) wird die Position durch den Okklusions-Ebenen-Messtisch genau wiedergegeben, das hei\u00dft basierend auf einem Abstand Schneidekante-Scharnierachse von 100 mm. Durch die anderen Eins\u00e4tze wie die gekr\u00fcmmte ... Read more\" \/>\r\n<meta property=\"og:url\" content=\"https:\/\/www.axioprisa.de\/de\/produkt\/okklusions-ebenen-messtisch-fuer-das-kois-system\/\" \/>\r\n<meta property=\"og:site_name\" content=\"axioprisa\" \/>\r\n<meta property=\"article:publisher\" content=\"https:\/\/www.facebook.com\/AxioPrisa-108822991713111\" \/>\r\n<meta property=\"article:modified_time\" content=\"2025-07-11T06:31:19+00:00\" \/>\r\n<meta name=\"twitter:card\" content=\"summary_large_image\" \/>\r\n<script type=\"application\/ld+json\" class=\"yoast-schema-graph\">{\"@context\":\"https:\/\/schema.org\",\"@graph\":[{\"@type\":\"WebPage\",\"@id\":\"https:\/\/www.axioprisa.de\/de\/produkt\/okklusions-ebenen-messtisch-fuer-das-kois-system\/\",\"url\":\"https:\/\/www.axioprisa.de\/de\/produkt\/okklusions-ebenen-messtisch-fuer-das-kois-system\/\",\"name\":\"Okklusions-Ebenen-Messtisch f\u00fcr das Kois-System - axioprisa\",\"isPartOf\":{\"@id\":\"https:\/\/www.axioprisa.de\/de\/#website\"},\"datePublished\":\"2024-05-29T11:22:13+00:00\",\"dateModified\":\"2025-07-11T06:31:19+00:00\",\"breadcrumb\":{\"@id\":\"https:\/\/www.axioprisa.de\/de\/produkt\/okklusions-ebenen-messtisch-fuer-das-kois-system\/#breadcrumb\"},\"inLanguage\":\"de\",\"potentialAction\":[{\"@type\":\"ReadAction\",\"target\":[\"https:\/\/www.axioprisa.de\/de\/produkt\/okklusions-ebenen-messtisch-fuer-das-kois-system\/\"]}]},{\"@type\":\"BreadcrumbList\",\"@id\":\"https:\/\/www.axioprisa.de\/de\/produkt\/okklusions-ebenen-messtisch-fuer-das-kois-system\/#breadcrumb\",\"itemListElement\":[{\"@type\":\"ListItem\",\"position\":1,\"name\":\"Home\",\"item\":\"https:\/\/www.axioprisa.de\/de\/\"},{\"@type\":\"ListItem\",\"position\":2,\"name\":\"Shop\",\"item\":\"https:\/\/www.axioprisa.de\/de\/shop-2\/\"},{\"@type\":\"ListItem\",\"position\":3,\"name\":\"Okklusions-Ebenen-Messtisch f\u00fcr das Kois-System\"}]},{\"@type\":\"WebSite\",\"@id\":\"https:\/\/www.axioprisa.de\/de\/#website\",\"url\":\"https:\/\/www.axioprisa.de\/de\/\",\"name\":\"axioprisa\",\"description\":\"\",\"publisher\":{\"@id\":\"https:\/\/www.axioprisa.de\/de\/#organization\"},\"potentialAction\":[{\"@type\":\"SearchAction\",\"target\":{\"@type\":\"EntryPoint\",\"urlTemplate\":\"https:\/\/www.axioprisa.de\/de\/?s={search_term_string}\"},\"query-input\":{\"@type\":\"PropertyValueSpecification\",\"valueRequired\":true,\"valueName\":\"search_term_string\"}}],\"inLanguage\":\"de\"},{\"@type\":\"Organization\",\"@id\":\"https:\/\/www.axioprisa.de\/de\/#organization\",\"name\":\"AxioPrisa\",\"url\":\"https:\/\/www.axioprisa.de\/de\/\",\"logo\":{\"@type\":\"ImageObject\",\"inLanguage\":\"de\",\"@id\":\"https:\/\/www.axioprisa.de\/de\/#\/schema\/logo\/image\/\",\"url\":\"https:\/\/www.axioprisa.de\/wp-content\/uploads\/2022\/02\/axp-logo.png\",\"contentUrl\":\"https:\/\/www.axioprisa.de\/wp-content\/uploads\/2022\/02\/axp-logo.png\",\"width\":105,\"height\":105,\"caption\":\"AxioPrisa\"},\"image\":{\"@id\":\"https:\/\/www.axioprisa.de\/de\/#\/schema\/logo\/image\/\"},\"sameAs\":[\"https:\/\/www.facebook.com\/AxioPrisa-108822991713111\",\"https:\/\/www.youtube.com\/channel\/UCFJJU5CN1sKReM0Iz-XJHQw\"]}]}<\/script>\r\n<!-- \/ Yoast SEO plugin. -->","yoast_head_json":{"title":"Okklusions-Ebenen-Messtisch f\u00fcr das Kois-System - axioprisa","robots":{"index":"index","follow":"follow","max-snippet":"max-snippet:-1","max-image-preview":"max-image-preview:large","max-video-preview":"max-video-preview:-1"},"canonical":"https:\/\/www.axioprisa.de\/de\/produkt\/okklusions-ebenen-messtisch-fuer-das-kois-system\/","og_locale":"de_DE","og_type":"article","og_title":"Okklusions-Ebenen-Messtisch f\u00fcr das Kois-System - axioprisa","og_description":"Sofern Sie mit dem Bogen nach Dr. John C. Kois eine Registrierung der Oberkieferposition vorgenommen haben, k\u00f6nnen Sie diese in jedem SAM Artikulator \u00fcbertragen. Mit dem neuen Einsatz (ART 385JK) wird die Position durch den Okklusions-Ebenen-Messtisch genau wiedergegeben, das hei\u00dft basierend auf einem Abstand Schneidekante-Scharnierachse von 100 mm. Durch die anderen Eins\u00e4tze wie die gekr\u00fcmmte ... Read more","og_url":"https:\/\/www.axioprisa.de\/de\/produkt\/okklusions-ebenen-messtisch-fuer-das-kois-system\/","og_site_name":"axioprisa","article_publisher":"https:\/\/www.facebook.com\/AxioPrisa-108822991713111","article_modified_time":"2025-07-11T06:31:19+00:00","twitter_card":"summary_large_image","schema":{"@context":"https:\/\/schema.org","@graph":[{"@type":"WebPage","@id":"https:\/\/www.axioprisa.de\/de\/produkt\/okklusions-ebenen-messtisch-fuer-das-kois-system\/","url":"https:\/\/www.axioprisa.de\/de\/produkt\/okklusions-ebenen-messtisch-fuer-das-kois-system\/","name":"Okklusions-Ebenen-Messtisch f\u00fcr das Kois-System - axioprisa","isPartOf":{"@id":"https:\/\/www.axioprisa.de\/de\/#website"},"datePublished":"2024-05-29T11:22:13+00:00","dateModified":"2025-07-11T06:31:19+00:00","breadcrumb":{"@id":"https:\/\/www.axioprisa.de\/de\/produkt\/okklusions-ebenen-messtisch-fuer-das-kois-system\/#breadcrumb"},"inLanguage":"de","potentialAction":[{"@type":"ReadAction","target":["https:\/\/www.axioprisa.de\/de\/produkt\/okklusions-ebenen-messtisch-fuer-das-kois-system\/"]}]},{"@type":"BreadcrumbList","@id":"https:\/\/www.axioprisa.de\/de\/produkt\/okklusions-ebenen-messtisch-fuer-das-kois-system\/#breadcrumb","itemListElement":[{"@type":"ListItem","position":1,"name":"Home","item":"https:\/\/www.axioprisa.de\/de\/"},{"@type":"ListItem","position":2,"name":"Shop","item":"https:\/\/www.axioprisa.de\/de\/shop-2\/"},{"@type":"ListItem","position":3,"name":"Okklusions-Ebenen-Messtisch f\u00fcr das Kois-System"}]},{"@type":"WebSite","@id":"https:\/\/www.axioprisa.de\/de\/#website","url":"https:\/\/www.axioprisa.de\/de\/","name":"axioprisa","description":"","publisher":{"@id":"https:\/\/www.axioprisa.de\/de\/#organization"},"potentialAction":[{"@type":"SearchAction","target":{"@type":"EntryPoint","urlTemplate":"https:\/\/www.axioprisa.de\/de\/?s={search_term_string}"},"query-input":{"@type":"PropertyValueSpecification","valueRequired":true,"valueName":"search_term_string"}}],"inLanguage":"de"},{"@type":"Organization","@id":"https:\/\/www.axioprisa.de\/de\/#organization","name":"AxioPrisa","url":"https:\/\/www.axioprisa.de\/de\/","logo":{"@type":"ImageObject","inLanguage":"de","@id":"https:\/\/www.axioprisa.de\/de\/#\/schema\/logo\/image\/","url":"https:\/\/www.axioprisa.de\/wp-content\/uploads\/2022\/02\/axp-logo.png","contentUrl":"https:\/\/www.axioprisa.de\/wp-content\/uploads\/2022\/02\/axp-logo.png","width":105,"height":105,"caption":"AxioPrisa"},"image":{"@id":"https:\/\/www.axioprisa.de\/de\/#\/schema\/logo\/image\/"},"sameAs":["https:\/\/www.facebook.com\/AxioPrisa-108822991713111","https:\/\/www.youtube.com\/channel\/UCFJJU5CN1sKReM0Iz-XJHQw"]}]}},"jetpack_sharing_enabled":true,"wcpa_form_fields":null,"_links":{"self":[{"href":"https:\/\/www.axioprisa.de\/de\/wp-json\/wp\/v2\/product\/5570","targetHints":{"allow":["GET"]}}],"collection":[{"href":"https:\/\/www.axioprisa.de\/de\/wp-json\/wp\/v2\/product"}],"about":[{"href":"https:\/\/www.axioprisa.de\/de\/wp-json\/wp\/v2\/types\/product"}],"replies":[{"embeddable":true,"href":"https:\/\/www.axioprisa.de\/de\/wp-json\/wp\/v2\/comments?post=5570"}],"wp:attachment":[{"href":"https:\/\/www.axioprisa.de\/de\/wp-json\/wp\/v2\/media?parent=5570"}],"wp:term":[{"taxonomy":"product_brand","embeddable":true,"href":"https:\/\/www.axioprisa.de\/de\/wp-json\/wp\/v2\/product_brand?post=5570"},{"taxonomy":"product_cat","embeddable":true,"href":"https:\/\/www.axioprisa.de\/de\/wp-json\/wp\/v2\/product_cat?post=5570"},{"taxonomy":"product_tag","embeddable":true,"href":"https:\/\/www.axioprisa.de\/de\/wp-json\/wp\/v2\/product_tag?post=5570"}],"curies":[{"name":"wp","href":"https:\/\/api.w.org\/{rel}","templated":true}]}}