{"id":5564,"date":"2023-04-24T08:58:27","date_gmt":"2023-04-24T06:58:27","guid":{"rendered":"https:\/\/www.axioprisa.de\/product\/sam-block-kit\/"},"modified":"2025-07-11T08:31:14","modified_gmt":"2025-07-11T06:31:14","slug":"sam-block-kit","status":"publish","type":"product","link":"https:\/\/www.axioprisa.de\/de\/produkt\/sam-block-kit\/","title":{"rendered":"SAM-Block-Kit"},"content":{"rendered":"<p>Das Konzept von AxioSnapMount besteht darin, 3D-gedruckte Modelle in SAM-Artikulatoren zu verwenden. Die Abstandshalter k\u00f6nnen mit dem Schraubsystem von SAM oder dem MPS-System montiert werden.<\/p>\n<p>An der Oberseite befindet sich eine Aussparung zur Befestigung normaler oder starker Magnetst\u00f6pfe mit einer Schraube. Mit den Magneten ist es m\u00f6glich, gedruckte Modelle mit ASM-Montageplatten zu befestigen.<\/p>\n<p>Dieses Set besteht aus acht Abstandsbl\u00f6cken in verschiedenen H\u00f6hen. Durch die Flexibilit\u00e4t des Konzepts ist es m\u00f6glich, alle Modelle zeit- und materialsparend zu drucken. In Kombination mit den unterschiedlichen H\u00f6hen der SAM-Montageplatten ist es m\u00f6glich, die Druckh\u00f6he in 2,5 mm Schritten zu minimieren.<\/p>\n<p>&nbsp;<\/p>\n<p>Dieses Set ist mit dem Standard-MPS-System ausgestattet. Enth\u00e4lt keine Magnete. <\/p>\n<p>&nbsp;<\/p>\n<p>Bestehend aus:<br \/>\n4 x Oberkiefer-Abstandhalter<br \/>\npro 1 x ASM 225 \/ ASM 235 \/ ASM 245 \/ ASM 255<br \/>\n4 x Unterkiefer-Abstandhalter<br \/>\npro 1 x ASM 315 \/ ASM 325 \/ ASM 335 \/ ASM 345<br \/>\nohne Magnete<\/p>\n","protected":false},"excerpt":{"rendered":"<p>Das Konzept von AxioSnapMount besteht darin, 3D-gedruckte Modelle in SAM-Artikulatoren zu verwenden. Die Abstandshalter k\u00f6nnen mit dem Schraubsystem von SAM oder dem MPS-System montiert werden. An der Oberseite befindet sich eine Aussparung zur Befestigung normaler oder starker Magnetst\u00f6pfe mit einer Schraube. Mit den Magneten ist es m\u00f6glich, gedruckte Modelle mit ASM-Montageplatten zu befestigen. Dieses Set &#8230; <a title=\"SAM-Block-Kit\" class=\"read-more\" href=\"https:\/\/www.axioprisa.de\/de\/produkt\/sam-block-kit\/\" aria-label=\"Mehr zu SAM-Block-Kit\">Read more<\/a><\/p>\n","protected":false},"featured_media":0,"comment_status":"open","ping_status":"closed","template":"","meta":[],"product_brand":[],"product_cat":[90,89,92,63,97],"product_tag":[],"class_list":{"0":"post-5564","1":"product","2":"type-product","3":"status-publish","5":"product_cat-distanzblocke","6":"product_cat-hardware-de","7":"product_cat-sam-hardware-de","8":"product_cat-kits-de","9":"product_cat-zubehor","11":"first","12":"instock","13":"taxable","14":"shipping-taxable","15":"purchasable","16":"product-type-simple"},"yoast_head":"<!-- This site is optimized with the Yoast SEO plugin v25.4 - https:\/\/yoast.com\/wordpress\/plugins\/seo\/ -->\r\n<title>SAM-Block-Kit - axioprisa<\/title>\r\n<meta name=\"robots\" content=\"index, follow, max-snippet:-1, max-image-preview:large, max-video-preview:-1\" \/>\r\n<link rel=\"canonical\" href=\"https:\/\/www.axioprisa.de\/de\/produkt\/sam-block-kit\/\" \/>\r\n<meta property=\"og:locale\" content=\"de_DE\" \/>\r\n<meta property=\"og:type\" content=\"article\" \/>\r\n<meta property=\"og:title\" content=\"SAM-Block-Kit - axioprisa\" \/>\r\n<meta property=\"og:description\" content=\"Das Konzept von AxioSnapMount besteht darin, 3D-gedruckte Modelle in SAM-Artikulatoren zu verwenden. Die Abstandshalter k\u00f6nnen mit dem Schraubsystem von SAM oder dem MPS-System montiert werden. An der Oberseite befindet sich eine Aussparung zur Befestigung normaler oder starker Magnetst\u00f6pfe mit einer Schraube. Mit den Magneten ist es m\u00f6glich, gedruckte Modelle mit ASM-Montageplatten zu befestigen. Dieses Set ... Read more\" \/>\r\n<meta property=\"og:url\" content=\"https:\/\/www.axioprisa.de\/de\/produkt\/sam-block-kit\/\" \/>\r\n<meta property=\"og:site_name\" content=\"axioprisa\" \/>\r\n<meta property=\"article:publisher\" content=\"https:\/\/www.facebook.com\/AxioPrisa-108822991713111\" \/>\r\n<meta property=\"article:modified_time\" content=\"2025-07-11T06:31:14+00:00\" \/>\r\n<meta name=\"twitter:card\" content=\"summary_large_image\" \/>\r\n<meta name=\"twitter:label1\" content=\"Gesch\u00e4tzte Lesezeit\" \/>\n\t<meta name=\"twitter:data1\" content=\"1\u00a0Minute\" \/>\r\n<script type=\"application\/ld+json\" class=\"yoast-schema-graph\">{\"@context\":\"https:\/\/schema.org\",\"@graph\":[{\"@type\":\"WebPage\",\"@id\":\"https:\/\/www.axioprisa.de\/de\/produkt\/sam-block-kit\/\",\"url\":\"https:\/\/www.axioprisa.de\/de\/produkt\/sam-block-kit\/\",\"name\":\"SAM-Block-Kit - axioprisa\",\"isPartOf\":{\"@id\":\"https:\/\/www.axioprisa.de\/de\/#website\"},\"datePublished\":\"2023-04-24T06:58:27+00:00\",\"dateModified\":\"2025-07-11T06:31:14+00:00\",\"breadcrumb\":{\"@id\":\"https:\/\/www.axioprisa.de\/de\/produkt\/sam-block-kit\/#breadcrumb\"},\"inLanguage\":\"de\",\"potentialAction\":[{\"@type\":\"ReadAction\",\"target\":[\"https:\/\/www.axioprisa.de\/de\/produkt\/sam-block-kit\/\"]}]},{\"@type\":\"BreadcrumbList\",\"@id\":\"https:\/\/www.axioprisa.de\/de\/produkt\/sam-block-kit\/#breadcrumb\",\"itemListElement\":[{\"@type\":\"ListItem\",\"position\":1,\"name\":\"Home\",\"item\":\"https:\/\/www.axioprisa.de\/de\/\"},{\"@type\":\"ListItem\",\"position\":2,\"name\":\"Shop\",\"item\":\"https:\/\/www.axioprisa.de\/de\/shop-2\/\"},{\"@type\":\"ListItem\",\"position\":3,\"name\":\"SAM-Block-Kit\"}]},{\"@type\":\"WebSite\",\"@id\":\"https:\/\/www.axioprisa.de\/de\/#website\",\"url\":\"https:\/\/www.axioprisa.de\/de\/\",\"name\":\"axioprisa\",\"description\":\"\",\"publisher\":{\"@id\":\"https:\/\/www.axioprisa.de\/de\/#organization\"},\"potentialAction\":[{\"@type\":\"SearchAction\",\"target\":{\"@type\":\"EntryPoint\",\"urlTemplate\":\"https:\/\/www.axioprisa.de\/de\/?s={search_term_string}\"},\"query-input\":{\"@type\":\"PropertyValueSpecification\",\"valueRequired\":true,\"valueName\":\"search_term_string\"}}],\"inLanguage\":\"de\"},{\"@type\":\"Organization\",\"@id\":\"https:\/\/www.axioprisa.de\/de\/#organization\",\"name\":\"AxioPrisa\",\"url\":\"https:\/\/www.axioprisa.de\/de\/\",\"logo\":{\"@type\":\"ImageObject\",\"inLanguage\":\"de\",\"@id\":\"https:\/\/www.axioprisa.de\/de\/#\/schema\/logo\/image\/\",\"url\":\"https:\/\/www.axioprisa.de\/wp-content\/uploads\/2022\/02\/axp-logo.png\",\"contentUrl\":\"https:\/\/www.axioprisa.de\/wp-content\/uploads\/2022\/02\/axp-logo.png\",\"width\":105,\"height\":105,\"caption\":\"AxioPrisa\"},\"image\":{\"@id\":\"https:\/\/www.axioprisa.de\/de\/#\/schema\/logo\/image\/\"},\"sameAs\":[\"https:\/\/www.facebook.com\/AxioPrisa-108822991713111\",\"https:\/\/www.youtube.com\/channel\/UCFJJU5CN1sKReM0Iz-XJHQw\"]}]}<\/script>\r\n<!-- \/ Yoast SEO plugin. -->","yoast_head_json":{"title":"SAM-Block-Kit - axioprisa","robots":{"index":"index","follow":"follow","max-snippet":"max-snippet:-1","max-image-preview":"max-image-preview:large","max-video-preview":"max-video-preview:-1"},"canonical":"https:\/\/www.axioprisa.de\/de\/produkt\/sam-block-kit\/","og_locale":"de_DE","og_type":"article","og_title":"SAM-Block-Kit - axioprisa","og_description":"Das Konzept von AxioSnapMount besteht darin, 3D-gedruckte Modelle in SAM-Artikulatoren zu verwenden. Die Abstandshalter k\u00f6nnen mit dem Schraubsystem von SAM oder dem MPS-System montiert werden. An der Oberseite befindet sich eine Aussparung zur Befestigung normaler oder starker Magnetst\u00f6pfe mit einer Schraube. Mit den Magneten ist es m\u00f6glich, gedruckte Modelle mit ASM-Montageplatten zu befestigen. Dieses Set ... Read more","og_url":"https:\/\/www.axioprisa.de\/de\/produkt\/sam-block-kit\/","og_site_name":"axioprisa","article_publisher":"https:\/\/www.facebook.com\/AxioPrisa-108822991713111","article_modified_time":"2025-07-11T06:31:14+00:00","twitter_card":"summary_large_image","twitter_misc":{"Gesch\u00e4tzte Lesezeit":"1\u00a0Minute"},"schema":{"@context":"https:\/\/schema.org","@graph":[{"@type":"WebPage","@id":"https:\/\/www.axioprisa.de\/de\/produkt\/sam-block-kit\/","url":"https:\/\/www.axioprisa.de\/de\/produkt\/sam-block-kit\/","name":"SAM-Block-Kit - axioprisa","isPartOf":{"@id":"https:\/\/www.axioprisa.de\/de\/#website"},"datePublished":"2023-04-24T06:58:27+00:00","dateModified":"2025-07-11T06:31:14+00:00","breadcrumb":{"@id":"https:\/\/www.axioprisa.de\/de\/produkt\/sam-block-kit\/#breadcrumb"},"inLanguage":"de","potentialAction":[{"@type":"ReadAction","target":["https:\/\/www.axioprisa.de\/de\/produkt\/sam-block-kit\/"]}]},{"@type":"BreadcrumbList","@id":"https:\/\/www.axioprisa.de\/de\/produkt\/sam-block-kit\/#breadcrumb","itemListElement":[{"@type":"ListItem","position":1,"name":"Home","item":"https:\/\/www.axioprisa.de\/de\/"},{"@type":"ListItem","position":2,"name":"Shop","item":"https:\/\/www.axioprisa.de\/de\/shop-2\/"},{"@type":"ListItem","position":3,"name":"SAM-Block-Kit"}]},{"@type":"WebSite","@id":"https:\/\/www.axioprisa.de\/de\/#website","url":"https:\/\/www.axioprisa.de\/de\/","name":"axioprisa","description":"","publisher":{"@id":"https:\/\/www.axioprisa.de\/de\/#organization"},"potentialAction":[{"@type":"SearchAction","target":{"@type":"EntryPoint","urlTemplate":"https:\/\/www.axioprisa.de\/de\/?s={search_term_string}"},"query-input":{"@type":"PropertyValueSpecification","valueRequired":true,"valueName":"search_term_string"}}],"inLanguage":"de"},{"@type":"Organization","@id":"https:\/\/www.axioprisa.de\/de\/#organization","name":"AxioPrisa","url":"https:\/\/www.axioprisa.de\/de\/","logo":{"@type":"ImageObject","inLanguage":"de","@id":"https:\/\/www.axioprisa.de\/de\/#\/schema\/logo\/image\/","url":"https:\/\/www.axioprisa.de\/wp-content\/uploads\/2022\/02\/axp-logo.png","contentUrl":"https:\/\/www.axioprisa.de\/wp-content\/uploads\/2022\/02\/axp-logo.png","width":105,"height":105,"caption":"AxioPrisa"},"image":{"@id":"https:\/\/www.axioprisa.de\/de\/#\/schema\/logo\/image\/"},"sameAs":["https:\/\/www.facebook.com\/AxioPrisa-108822991713111","https:\/\/www.youtube.com\/channel\/UCFJJU5CN1sKReM0Iz-XJHQw"]}]}},"jetpack_sharing_enabled":true,"wcpa_form_fields":null,"_links":{"self":[{"href":"https:\/\/www.axioprisa.de\/de\/wp-json\/wp\/v2\/product\/5564","targetHints":{"allow":["GET"]}}],"collection":[{"href":"https:\/\/www.axioprisa.de\/de\/wp-json\/wp\/v2\/product"}],"about":[{"href":"https:\/\/www.axioprisa.de\/de\/wp-json\/wp\/v2\/types\/product"}],"replies":[{"embeddable":true,"href":"https:\/\/www.axioprisa.de\/de\/wp-json\/wp\/v2\/comments?post=5564"}],"wp:attachment":[{"href":"https:\/\/www.axioprisa.de\/de\/wp-json\/wp\/v2\/media?parent=5564"}],"wp:term":[{"taxonomy":"product_brand","embeddable":true,"href":"https:\/\/www.axioprisa.de\/de\/wp-json\/wp\/v2\/product_brand?post=5564"},{"taxonomy":"product_cat","embeddable":true,"href":"https:\/\/www.axioprisa.de\/de\/wp-json\/wp\/v2\/product_cat?post=5564"},{"taxonomy":"product_tag","embeddable":true,"href":"https:\/\/www.axioprisa.de\/de\/wp-json\/wp\/v2\/product_tag?post=5564"}],"curies":[{"name":"wp","href":"https:\/\/api.w.org\/{rel}","templated":true}]}}