{"id":3267,"date":"2023-06-05T14:54:11","date_gmt":"2023-06-05T12:54:11","guid":{"rendered":"https:\/\/www.axioprisa.de\/product\/axp-ausrichtungsservice-asm-digitale-modelle\/"},"modified":"2023-07-04T09:31:53","modified_gmt":"2023-07-04T07:31:53","slug":"axp-alignment-service-asm-digital-mounting-service","status":"publish","type":"product","link":"https:\/\/www.axioprisa.de\/de\/produkt\/axp-alignment-service-asm-digital-mounting-service\/","title":{"rendered":"AXP Ausrichtungsservice + ASM digitale Modelle"},"content":{"rendered":"<p>Der AxioPrisa Alignment Service dient der einmaligen Ausrichtung von Scans. Dar\u00fcber hinaus werden ASM-Modelle erstellt und per Datentransfer versendet.<\/p>\n","protected":false},"excerpt":{"rendered":"<p>Der AxioPrisa Alignment Service dient der einmaligen Ausrichtung von Scans. Dar\u00fcber hinaus werden ASM-Modelle erstellt und per Datentransfer versendet.<\/p>\n","protected":false},"featured_media":3214,"comment_status":"open","ping_status":"closed","template":"","meta":[],"product_brand":[],"product_cat":[95],"product_tag":[],"class_list":{"0":"post-3267","1":"product","2":"type-product","3":"status-publish","4":"has-post-thumbnail","6":"product_cat-service-de","7":"wcpa_has_options","9":"first","10":"instock","11":"virtual","12":"taxable","13":"purchasable","14":"product-type-simple"},"yoast_head":"<!-- This site is optimized with the Yoast SEO plugin v25.4 - https:\/\/yoast.com\/wordpress\/plugins\/seo\/ -->\r\n<title>AXP Ausrichtungsservice + ASM digitale Modelle - axioprisa<\/title>\r\n<meta name=\"robots\" content=\"index, follow, max-snippet:-1, max-image-preview:large, max-video-preview:-1\" \/>\r\n<link rel=\"canonical\" href=\"https:\/\/www.axioprisa.de\/de\/produkt\/axp-alignment-service-asm-digital-mounting-service\/\" \/>\r\n<meta property=\"og:locale\" content=\"de_DE\" \/>\r\n<meta property=\"og:type\" content=\"article\" \/>\r\n<meta property=\"og:title\" content=\"AXP Ausrichtungsservice + ASM digitale Modelle - axioprisa\" \/>\r\n<meta property=\"og:description\" content=\"Der AxioPrisa Alignment Service dient der einmaligen Ausrichtung von Scans. Dar\u00fcber hinaus werden ASM-Modelle erstellt und per Datentransfer versendet.\" \/>\r\n<meta property=\"og:url\" content=\"https:\/\/www.axioprisa.de\/de\/produkt\/axp-alignment-service-asm-digital-mounting-service\/\" \/>\r\n<meta property=\"og:site_name\" content=\"axioprisa\" \/>\r\n<meta property=\"article:publisher\" content=\"https:\/\/www.facebook.com\/AxioPrisa-108822991713111\" \/>\r\n<meta property=\"article:modified_time\" content=\"2023-07-04T07:31:53+00:00\" \/>\r\n<meta property=\"og:image\" content=\"https:\/\/www.axioprisa.de\/wp-content\/uploads\/2023\/06\/Alignment-Service.jpg\" \/>\r\n\t<meta property=\"og:image:width\" content=\"1000\" \/>\r\n\t<meta property=\"og:image:height\" content=\"1000\" \/>\r\n\t<meta property=\"og:image:type\" content=\"image\/jpeg\" \/>\r\n<meta name=\"twitter:card\" content=\"summary_large_image\" \/>\r\n<script type=\"application\/ld+json\" class=\"yoast-schema-graph\">{\"@context\":\"https:\/\/schema.org\",\"@graph\":[{\"@type\":\"WebPage\",\"@id\":\"https:\/\/www.axioprisa.de\/de\/produkt\/axp-alignment-service-asm-digital-mounting-service\/\",\"url\":\"https:\/\/www.axioprisa.de\/de\/produkt\/axp-alignment-service-asm-digital-mounting-service\/\",\"name\":\"AXP Ausrichtungsservice + ASM digitale Modelle - axioprisa\",\"isPartOf\":{\"@id\":\"https:\/\/www.axioprisa.de\/de\/#website\"},\"primaryImageOfPage\":{\"@id\":\"https:\/\/www.axioprisa.de\/de\/produkt\/axp-alignment-service-asm-digital-mounting-service\/#primaryimage\"},\"image\":{\"@id\":\"https:\/\/www.axioprisa.de\/de\/produkt\/axp-alignment-service-asm-digital-mounting-service\/#primaryimage\"},\"thumbnailUrl\":\"https:\/\/www.axioprisa.de\/wp-content\/uploads\/2023\/06\/Alignment-Service.jpg\",\"datePublished\":\"2023-06-05T12:54:11+00:00\",\"dateModified\":\"2023-07-04T07:31:53+00:00\",\"breadcrumb\":{\"@id\":\"https:\/\/www.axioprisa.de\/de\/produkt\/axp-alignment-service-asm-digital-mounting-service\/#breadcrumb\"},\"inLanguage\":\"de\",\"potentialAction\":[{\"@type\":\"ReadAction\",\"target\":[\"https:\/\/www.axioprisa.de\/de\/produkt\/axp-alignment-service-asm-digital-mounting-service\/\"]}]},{\"@type\":\"ImageObject\",\"inLanguage\":\"de\",\"@id\":\"https:\/\/www.axioprisa.de\/de\/produkt\/axp-alignment-service-asm-digital-mounting-service\/#primaryimage\",\"url\":\"https:\/\/www.axioprisa.de\/wp-content\/uploads\/2023\/06\/Alignment-Service.jpg\",\"contentUrl\":\"https:\/\/www.axioprisa.de\/wp-content\/uploads\/2023\/06\/Alignment-Service.jpg\",\"width\":1000,\"height\":1000},{\"@type\":\"BreadcrumbList\",\"@id\":\"https:\/\/www.axioprisa.de\/de\/produkt\/axp-alignment-service-asm-digital-mounting-service\/#breadcrumb\",\"itemListElement\":[{\"@type\":\"ListItem\",\"position\":1,\"name\":\"Home\",\"item\":\"https:\/\/www.axioprisa.de\/de\/\"},{\"@type\":\"ListItem\",\"position\":2,\"name\":\"Shop\",\"item\":\"https:\/\/www.axioprisa.de\/de\/shop-2\/\"},{\"@type\":\"ListItem\",\"position\":3,\"name\":\"AXP Ausrichtungsservice + ASM digitale Modelle\"}]},{\"@type\":\"WebSite\",\"@id\":\"https:\/\/www.axioprisa.de\/de\/#website\",\"url\":\"https:\/\/www.axioprisa.de\/de\/\",\"name\":\"axioprisa\",\"description\":\"\",\"publisher\":{\"@id\":\"https:\/\/www.axioprisa.de\/de\/#organization\"},\"potentialAction\":[{\"@type\":\"SearchAction\",\"target\":{\"@type\":\"EntryPoint\",\"urlTemplate\":\"https:\/\/www.axioprisa.de\/de\/?s={search_term_string}\"},\"query-input\":{\"@type\":\"PropertyValueSpecification\",\"valueRequired\":true,\"valueName\":\"search_term_string\"}}],\"inLanguage\":\"de\"},{\"@type\":\"Organization\",\"@id\":\"https:\/\/www.axioprisa.de\/de\/#organization\",\"name\":\"AxioPrisa\",\"url\":\"https:\/\/www.axioprisa.de\/de\/\",\"logo\":{\"@type\":\"ImageObject\",\"inLanguage\":\"de\",\"@id\":\"https:\/\/www.axioprisa.de\/de\/#\/schema\/logo\/image\/\",\"url\":\"https:\/\/www.axioprisa.de\/wp-content\/uploads\/2022\/02\/axp-logo.png\",\"contentUrl\":\"https:\/\/www.axioprisa.de\/wp-content\/uploads\/2022\/02\/axp-logo.png\",\"width\":105,\"height\":105,\"caption\":\"AxioPrisa\"},\"image\":{\"@id\":\"https:\/\/www.axioprisa.de\/de\/#\/schema\/logo\/image\/\"},\"sameAs\":[\"https:\/\/www.facebook.com\/AxioPrisa-108822991713111\",\"https:\/\/www.youtube.com\/channel\/UCFJJU5CN1sKReM0Iz-XJHQw\"]}]}<\/script>\r\n<!-- \/ Yoast SEO plugin. -->","yoast_head_json":{"title":"AXP Ausrichtungsservice + ASM digitale Modelle - axioprisa","robots":{"index":"index","follow":"follow","max-snippet":"max-snippet:-1","max-image-preview":"max-image-preview:large","max-video-preview":"max-video-preview:-1"},"canonical":"https:\/\/www.axioprisa.de\/de\/produkt\/axp-alignment-service-asm-digital-mounting-service\/","og_locale":"de_DE","og_type":"article","og_title":"AXP Ausrichtungsservice + ASM digitale Modelle - axioprisa","og_description":"Der AxioPrisa Alignment Service dient der einmaligen Ausrichtung von Scans. Dar\u00fcber hinaus werden ASM-Modelle erstellt und per Datentransfer versendet.","og_url":"https:\/\/www.axioprisa.de\/de\/produkt\/axp-alignment-service-asm-digital-mounting-service\/","og_site_name":"axioprisa","article_publisher":"https:\/\/www.facebook.com\/AxioPrisa-108822991713111","article_modified_time":"2023-07-04T07:31:53+00:00","og_image":[{"width":1000,"height":1000,"url":"https:\/\/www.axioprisa.de\/wp-content\/uploads\/2023\/06\/Alignment-Service.jpg","type":"image\/jpeg"}],"twitter_card":"summary_large_image","schema":{"@context":"https:\/\/schema.org","@graph":[{"@type":"WebPage","@id":"https:\/\/www.axioprisa.de\/de\/produkt\/axp-alignment-service-asm-digital-mounting-service\/","url":"https:\/\/www.axioprisa.de\/de\/produkt\/axp-alignment-service-asm-digital-mounting-service\/","name":"AXP Ausrichtungsservice + ASM digitale Modelle - axioprisa","isPartOf":{"@id":"https:\/\/www.axioprisa.de\/de\/#website"},"primaryImageOfPage":{"@id":"https:\/\/www.axioprisa.de\/de\/produkt\/axp-alignment-service-asm-digital-mounting-service\/#primaryimage"},"image":{"@id":"https:\/\/www.axioprisa.de\/de\/produkt\/axp-alignment-service-asm-digital-mounting-service\/#primaryimage"},"thumbnailUrl":"https:\/\/www.axioprisa.de\/wp-content\/uploads\/2023\/06\/Alignment-Service.jpg","datePublished":"2023-06-05T12:54:11+00:00","dateModified":"2023-07-04T07:31:53+00:00","breadcrumb":{"@id":"https:\/\/www.axioprisa.de\/de\/produkt\/axp-alignment-service-asm-digital-mounting-service\/#breadcrumb"},"inLanguage":"de","potentialAction":[{"@type":"ReadAction","target":["https:\/\/www.axioprisa.de\/de\/produkt\/axp-alignment-service-asm-digital-mounting-service\/"]}]},{"@type":"ImageObject","inLanguage":"de","@id":"https:\/\/www.axioprisa.de\/de\/produkt\/axp-alignment-service-asm-digital-mounting-service\/#primaryimage","url":"https:\/\/www.axioprisa.de\/wp-content\/uploads\/2023\/06\/Alignment-Service.jpg","contentUrl":"https:\/\/www.axioprisa.de\/wp-content\/uploads\/2023\/06\/Alignment-Service.jpg","width":1000,"height":1000},{"@type":"BreadcrumbList","@id":"https:\/\/www.axioprisa.de\/de\/produkt\/axp-alignment-service-asm-digital-mounting-service\/#breadcrumb","itemListElement":[{"@type":"ListItem","position":1,"name":"Home","item":"https:\/\/www.axioprisa.de\/de\/"},{"@type":"ListItem","position":2,"name":"Shop","item":"https:\/\/www.axioprisa.de\/de\/shop-2\/"},{"@type":"ListItem","position":3,"name":"AXP Ausrichtungsservice + ASM digitale Modelle"}]},{"@type":"WebSite","@id":"https:\/\/www.axioprisa.de\/de\/#website","url":"https:\/\/www.axioprisa.de\/de\/","name":"axioprisa","description":"","publisher":{"@id":"https:\/\/www.axioprisa.de\/de\/#organization"},"potentialAction":[{"@type":"SearchAction","target":{"@type":"EntryPoint","urlTemplate":"https:\/\/www.axioprisa.de\/de\/?s={search_term_string}"},"query-input":{"@type":"PropertyValueSpecification","valueRequired":true,"valueName":"search_term_string"}}],"inLanguage":"de"},{"@type":"Organization","@id":"https:\/\/www.axioprisa.de\/de\/#organization","name":"AxioPrisa","url":"https:\/\/www.axioprisa.de\/de\/","logo":{"@type":"ImageObject","inLanguage":"de","@id":"https:\/\/www.axioprisa.de\/de\/#\/schema\/logo\/image\/","url":"https:\/\/www.axioprisa.de\/wp-content\/uploads\/2022\/02\/axp-logo.png","contentUrl":"https:\/\/www.axioprisa.de\/wp-content\/uploads\/2022\/02\/axp-logo.png","width":105,"height":105,"caption":"AxioPrisa"},"image":{"@id":"https:\/\/www.axioprisa.de\/de\/#\/schema\/logo\/image\/"},"sameAs":["https:\/\/www.facebook.com\/AxioPrisa-108822991713111","https:\/\/www.youtube.com\/channel\/UCFJJU5CN1sKReM0Iz-XJHQw"]}]}},"jetpack_sharing_enabled":true,"wcpa_form_fields":{"wcpaData":{"product":{"product_price":25,"price_html":"<a href=\"https:\/\/www.axioprisa.de\/de\/my-account\/\">Login to See Prices<\/a>","original_product_price":25,"price_including_tax":25,"price_excluding_tax":25,"product_id":{"parent":3267,"variation":false},"is_variable":false,"stock_status":"instock","stock_quantity":null,"parent_sku":"","product_attributes":[],"custom_fields":[],"is_taxable":true,"product_name":"AXP Ausrichtungsservice + ASM digitale Modelle","hasImage":false},"fields":{"sec_5647de78f1fc1e":{"extra":{"key":"sec_5647de78f1fc1e","section_id":"sec_5647de78f1fc1e","name":"Default","status":1,"toggle":true,"form_id":3211,"form_rules":{"exclude_from_discount":false,"fee_label":"Fee","disp_hide_options_price":false,"disp_show_section_price":false,"disp_show_field_price":"PRODUCT INFORMATION","layout_option":"standard","pric_use_as_fee":false,"process_fee_as":"woo_fee"},"layout_option":"standard"},"fields":[[{"active":true,"col":3,"relations":false,"cl_rule":"show","enableCl":false,"price":"","enablePrice":false,"className":"has-black-color","type":"email","required":true,"elementId":"email_4647de78f1fc2f","label":"Versand-E-Mail Adresse ","name":"email_4647de78f1fc2f","value":"","error":false,"description":"An dieser E-Mail Adresse schicken wir einen Link zum Herunterladen der Daten. Die Daten sind maximal 14 Tage lang verf\u00fcgbar.","gt_translate_keys":["label","description","value"],"price_dependency":false,"cl_dependency":false},{"active":true,"col":3,"relations":false,"cl_rule":"show","enableCl":false,"price":"","enablePrice":false,"className":"has-black-color","type":"text","subtype":"text","required":true,"elementId":"text_5647de78f1fc3c","label":"Patienten-ID (max. 12 Buchstaben)","name":"text_5647de78f1fc3c","value":"","error":false,"maxlength":"12","description":"Die Patienten-ID wird im das Modell gedruckt, um die Modelle dem Patientenfall zuzuordnen. Die ID wird auf die R\u00fcckseite des Models gepr\u00e4gt.","gt_translate_keys":["label","description","value"],"price_dependency":false,"cl_dependency":false}],[{"type":"select","required":true,"elementId":"select_5647de78f1fc43","label":"Welchen Transferbogen \/ Gesichtsbogen verwenden Sie?","className":"has-black-color","name":"select-1685960453305","values":[{"label":"SAM AxioQuick","value":"1","tempId":"aco_195","selected":true,"gt_translate_keys":["label"]}],"active":true,"col":3,"enableCl":false,"error":false,"relations":[],"gt_translate_keys":["label"],"price_dependency":false,"cl_dependency":false,"value":""},{"label":"Welchen Articultor verwenden Sie?","active":true,"required":true,"elementId":"select-6272921549","name":"select-6272921549","className":"has-black-color","enableCl":false,"relations":[],"values":[{"label":"SAM 2\/ 2PX \/3","value":"SAM 2\/ 2PX \/3","tempId":"aco_195","selected":true,"gt_translate_keys":["label"]}],"col":3,"type":"select","error":false,"gt_translate_keys":["label"],"price_dependency":false,"cl_dependency":false,"value":""}],[{"active":true,"col":6,"relations":false,"cl_rule":"show","enableCl":false,"price":"","enablePrice":false,"className":"has-black-color","type":"checkbox-group","required":true,"elementId":"checkbox-group_10647de78f1fc4b","label":"Welche CAD-Software verwenden Sie?","name":"checkbox-group_10647de78f1fc4b","values":[{"label":"SAM","value":"Option - 1","selected":false,"tempId":"aco_789","gt_translate_keys":["label"]},{"label":"exoCAD","value":"Option - 2","selected":false,"tempId":"aco_790","gt_translate_keys":["label"]},{"label":"3Shape","value":"Option - 3","selected":false,"tempId":"aco_791","gt_translate_keys":["label"]}],"error":false,"layOut":"","checkUi":"","gt_translate_keys":["label"],"price_dependency":false,"cl_dependency":false,"value":""}],[{"active":true,"col":3,"relations":false,"cl_rule":"show","enableCl":false,"price":"","enablePrice":false,"className":"","type":"checkbox-group","required":true,"elementId":"checkgroup_5991099212","label":"W\u00e4hlen Sie Ihre Oberkiefer-Distanzblock.","name":"checkgroup_5991099212","values":[{"label":"U25 ASM 225","value":"U25 ASM 225","selected":true,"tempId":"aco_402","gt_translate_keys":["label"]},{"label":"U35 ASM 235","value":"U35 ASM 235","selected":true,"tempId":"aco_403","gt_translate_keys":["label"]},{"label":"U45 ASM 245","value":"U45 ASM 245","selected":true,"tempId":"aco_404","gt_translate_keys":["label"]},{"label":"U55 ASM 255","value":"U55 ASM 255","selected":true,"tempId":"aco_560","gt_translate_keys":["label"]}],"error":false,"gt_translate_keys":["label"],"price_dependency":false,"cl_dependency":false,"value":""},{"active":true,"col":3,"relations":false,"cl_rule":"show","enableCl":false,"price":"","enablePrice":false,"className":"","type":"checkbox-group","required":true,"elementId":"checkgroup_6001625221","label":"W\u00e4hlen Sie Ihre Unterkiefer-Distanzblock.","name":"checkgroup_6001625221","values":[{"label":"L15 ASM 315","value":"L15 ASM 315","selected":true,"tempId":"aco_809","gt_translate_keys":["label"]},{"label":"L25 ASM 325","value":"L25 ASM 325","selected":true,"tempId":"aco_810","gt_translate_keys":["label"]},{"label":"L35 ASM 335","value":"L35 ASM 335","selected":true,"tempId":"aco_811","gt_translate_keys":["label"]},{"label":"L45 ASM 345","value":"L45 ASM 345","selected":true,"tempId":"aco_832","gt_translate_keys":["label"]}],"error":false,"gt_translate_keys":["label"],"price_dependency":false,"cl_dependency":false,"value":""}],[{"label":"W\u00e4hlen Sie Ihre Montageplatten","active":true,"required":true,"elementId":"checkbox-group-6673382648","name":"checkbox-group-6673382648","className":"has-black-color","enableCl":false,"relations":false,"values":[{"label":"+0,0mm","value":"+0,0mm","selected":true,"tempId":"aco_3218","gt_translate_keys":["label"]},{"label":"+2,5mm","value":"+2,5mm","selected":true,"tempId":"aco_3259","gt_translate_keys":["label"]},{"label":"+5,0mm","value":"+5,0mm","selected":true,"tempId":"aco_3265","gt_translate_keys":["label"]},{"label":"+7,5mm","value":"+7,5mm","selected":true,"tempId":"aco_3271","gt_translate_keys":["label"]}],"cl_rule":"show","col":6,"type":"checkbox-group","error":false,"gt_translate_keys":["label"],"price_dependency":false,"cl_dependency":false,"value":""}],[{"label":"Welche F\u00fcllungsstrategie f\u00fcr den Oberkiefer w\u00fcnschen Sie?","active":true,"required":true,"elementId":"checkbox-group-7080551795","name":"checkbox-group-7080551795","className":"has-black-color","enableCl":false,"relations":false,"values":[{"label":"OK massiv","value":"Upper Full","selected":false,"tempId":"aco_789","gt_translate_keys":["label"]},{"label":"OK leicht","value":"Upper Light","selected":false,"tempId":"aco_790","gt_translate_keys":["label"]},{"label":"OK Honigwarben","value":"Upper Honeycomb","selected":false,"tempId":"aco_3490","gt_translate_keys":["label"]}],"cl_rule":"show","col":3,"type":"checkbox-group","error":false,"gt_translate_keys":["label"],"price_dependency":false,"cl_dependency":false,"value":""},{"label":"Welche F\u00fcllungsstrategie f\u00fcr den Unterkiefer w\u00fcnschen Sie?","active":true,"required":true,"elementId":"checkbox-group-0011852430","name":"checkbox-group-0011852430","className":"has-black-color","enableCl":false,"relations":false,"values":[{"label":"UK massiv","value":"Lower Full","selected":false,"tempId":"aco_3478","gt_translate_keys":["label"]},{"label":"UK leicht","value":"Lower Light","selected":false,"tempId":"aco_3484","gt_translate_keys":["label"]},{"label":"UK Honigwarben","value":"Lower Honeycomb","selected":false,"tempId":"aco_3490","gt_translate_keys":["label"]},{"label":"UK Hybrid","value":"Lower Hybrid","selected":false,"tempId":"aco_3496","gt_translate_keys":["label"]}],"cl_rule":"show","col":3,"type":"checkbox-group","error":false,"gt_translate_keys":["label"],"price_dependency":false,"cl_dependency":false,"value":""}],[{"active":true,"col":6,"relations":false,"cl_rule":"show","enableCl":false,"price":"","enablePrice":false,"className":"","label_position":"default","desc_position":"default","type":"file","required":false,"elementId":"file_4577708801","name":"file_4577708801","label":"Laden Sie Ihre Scans hoch.","upload_type":"droppable","file_types":["any"],"error":false,"multiple_upload":true,"allowedFileTypes":"","gt_translate_keys":["label"],"price_dependency":false,"cl_dependency":false,"value":""}],[{"type":"textarea","elementId":"textarea_7647de78f1fc52","label":"Notes","className":"has-black-color","name":"textarea-1685960456880","active":true,"col":6,"error":false,"gt_translate_keys":["label"],"price_dependency":false,"cl_dependency":false,"value":""}]]}},"config":{"price_override":"","enable_recaptcha":false,"bind_quantity":false,"quantity_bind_formula":false,"disp_summ_show_option_price":"PRODUCT INFORMATION","disp_summ_show_product_price":"PRODUCT INFORMATION","disp_summ_show_total_price":"PRODUCT INFORMATION","disp_summ_show_fee":false,"disp_summ_show_discount":false,"summary_title":"","options_total_label":"Options Price","total_label":"Total","options_product_label":"Product Price","fee_label":"Fee","discount_label":"Discount","has_price":true,"has_quantity_formula":false},"mc_unit":1,"tax_rate":1,"tax_rate_real":0,"discount":{"percentage":0,"fixed":0},"design":{"conf":{"LabelPosition":"above","DescPosition":"above","UploadField":"custom_1","QuantityFieldStyle":"default"},"css":{"LeftLabelWidth":"120px"}},"formulas":[],"clones":false,"cartKey":false}},"_links":{"self":[{"href":"https:\/\/www.axioprisa.de\/de\/wp-json\/wp\/v2\/product\/3267","targetHints":{"allow":["GET"]}}],"collection":[{"href":"https:\/\/www.axioprisa.de\/de\/wp-json\/wp\/v2\/product"}],"about":[{"href":"https:\/\/www.axioprisa.de\/de\/wp-json\/wp\/v2\/types\/product"}],"replies":[{"embeddable":true,"href":"https:\/\/www.axioprisa.de\/de\/wp-json\/wp\/v2\/comments?post=3267"}],"wp:featuredmedia":[{"embeddable":true,"href":"https:\/\/www.axioprisa.de\/de\/wp-json\/wp\/v2\/media\/3214"}],"wp:attachment":[{"href":"https:\/\/www.axioprisa.de\/de\/wp-json\/wp\/v2\/media?parent=3267"}],"wp:term":[{"taxonomy":"product_brand","embeddable":true,"href":"https:\/\/www.axioprisa.de\/de\/wp-json\/wp\/v2\/product_brand?post=3267"},{"taxonomy":"product_cat","embeddable":true,"href":"https:\/\/www.axioprisa.de\/de\/wp-json\/wp\/v2\/product_cat?post=3267"},{"taxonomy":"product_tag","embeddable":true,"href":"https:\/\/www.axioprisa.de\/de\/wp-json\/wp\/v2\/product_tag?post=3267"}],"curies":[{"name":"wp","href":"https:\/\/api.w.org\/{rel}","templated":true}]}}