{"id":2687,"date":"2023-02-20T14:08:45","date_gmt":"2023-02-20T13:08:45","guid":{"rendered":"https:\/\/www.axioprisa.de\/?post_type=product&#038;p=2687"},"modified":"2025-07-11T09:17:22","modified_gmt":"2025-07-11T07:17:22","slug":"axioprisa-starter-set-sam-copy","status":"publish","type":"product","link":"https:\/\/www.axioprisa.de\/de\/produkt\/axioprisa-starter-set-sam-copy\/","title":{"rendered":"Axioprisa Starter Set SAM (Linksh\u00e4nder-Version)"},"content":{"rendered":"<p>REF: AXP 100LS<\/p>\n","protected":false},"excerpt":{"rendered":"<p>REF: AXP 100LS<\/p>\n","protected":false},"featured_media":2234,"comment_status":"open","ping_status":"closed","template":"","meta":[],"product_brand":[],"product_cat":[70,74],"product_tag":[],"class_list":{"0":"post-2687","1":"product","2":"type-product","3":"status-publish","4":"has-post-thumbnail","6":"product_cat-bissgabeltraeger","7":"product_cat-sam-de","8":"product_shipping_class-1-de","10":"first","11":"instock","12":"taxable","13":"shipping-taxable","14":"purchasable","15":"product-type-simple"},"yoast_head":"<!-- This site is optimized with the Yoast SEO plugin v25.4 - https:\/\/yoast.com\/wordpress\/plugins\/seo\/ -->\r\n<title>Axioprisa Starter Set SAM (Linksh\u00e4nder-Version) - axioprisa Axioprisa Starter Set<\/title>\r\n<meta name=\"description\" content=\"Der intelligente Weg zur \u00dcbertragung der korrekten anatomischen Position in den digitalen Artikulator Axioprisa Starter Set SAM (Linksh\u00e4nder-Version) - axioprisa\" \/>\r\n<meta name=\"robots\" content=\"index, follow, max-snippet:-1, max-image-preview:large, max-video-preview:-1\" \/>\r\n<link rel=\"canonical\" href=\"https:\/\/www.axioprisa.de\/de\/produkt\/axioprisa-starter-set-sam-copy\/\" \/>\r\n<meta property=\"og:locale\" content=\"de_DE\" \/>\r\n<meta property=\"og:type\" content=\"article\" \/>\r\n<meta property=\"og:title\" content=\"Axioprisa Starter Set SAM (Linksh\u00e4nder-Version) - axioprisa Axioprisa Starter Set\" \/>\r\n<meta property=\"og:description\" content=\"Der intelligente Weg zur \u00dcbertragung der korrekten anatomischen Position in den digitalen Artikulator Axioprisa Starter Set SAM (Linksh\u00e4nder-Version) - axioprisa\" \/>\r\n<meta property=\"og:url\" content=\"https:\/\/www.axioprisa.de\/de\/produkt\/axioprisa-starter-set-sam-copy\/\" \/>\r\n<meta property=\"og:site_name\" content=\"axioprisa\" \/>\r\n<meta property=\"article:publisher\" content=\"https:\/\/www.facebook.com\/AxioPrisa-108822991713111\" \/>\r\n<meta property=\"article:modified_time\" content=\"2025-07-11T07:17:22+00:00\" \/>\r\n<meta property=\"og:image\" content=\"https:\/\/www.axioprisa.de\/wp-content\/uploads\/2022\/03\/AXP100S-01.jpg\" \/>\r\n\t<meta property=\"og:image:width\" content=\"1500\" \/>\r\n\t<meta property=\"og:image:height\" content=\"1500\" \/>\r\n\t<meta property=\"og:image:type\" content=\"image\/jpeg\" \/>\r\n<meta name=\"twitter:card\" content=\"summary_large_image\" \/>\r\n<script type=\"application\/ld+json\" class=\"yoast-schema-graph\">{\"@context\":\"https:\/\/schema.org\",\"@graph\":[{\"@type\":\"WebPage\",\"@id\":\"https:\/\/www.axioprisa.de\/de\/produkt\/axioprisa-starter-set-sam-copy\/\",\"url\":\"https:\/\/www.axioprisa.de\/de\/produkt\/axioprisa-starter-set-sam-copy\/\",\"name\":\"Axioprisa Starter Set SAM (Linksh\u00e4nder-Version) - axioprisa Axioprisa Starter Set\",\"isPartOf\":{\"@id\":\"https:\/\/www.axioprisa.de\/de\/#website\"},\"primaryImageOfPage\":{\"@id\":\"https:\/\/www.axioprisa.de\/de\/produkt\/axioprisa-starter-set-sam-copy\/#primaryimage\"},\"image\":{\"@id\":\"https:\/\/www.axioprisa.de\/de\/produkt\/axioprisa-starter-set-sam-copy\/#primaryimage\"},\"thumbnailUrl\":\"https:\/\/www.axioprisa.de\/wp-content\/uploads\/2022\/03\/AXP100S-01.jpg\",\"datePublished\":\"2023-02-20T13:08:45+00:00\",\"dateModified\":\"2025-07-11T07:17:22+00:00\",\"description\":\"Der intelligente Weg zur \u00dcbertragung der korrekten anatomischen Position in den digitalen Artikulator Axioprisa Starter Set SAM (Linksh\u00e4nder-Version) - axioprisa\",\"breadcrumb\":{\"@id\":\"https:\/\/www.axioprisa.de\/de\/produkt\/axioprisa-starter-set-sam-copy\/#breadcrumb\"},\"inLanguage\":\"de\",\"potentialAction\":[{\"@type\":\"ReadAction\",\"target\":[\"https:\/\/www.axioprisa.de\/de\/produkt\/axioprisa-starter-set-sam-copy\/\"]}]},{\"@type\":\"ImageObject\",\"inLanguage\":\"de\",\"@id\":\"https:\/\/www.axioprisa.de\/de\/produkt\/axioprisa-starter-set-sam-copy\/#primaryimage\",\"url\":\"https:\/\/www.axioprisa.de\/wp-content\/uploads\/2022\/03\/AXP100S-01.jpg\",\"contentUrl\":\"https:\/\/www.axioprisa.de\/wp-content\/uploads\/2022\/03\/AXP100S-01.jpg\",\"width\":1500,\"height\":1500,\"caption\":\"AXP 100S - AXP 110S - AXP 140S - AXP 150S\"},{\"@type\":\"BreadcrumbList\",\"@id\":\"https:\/\/www.axioprisa.de\/de\/produkt\/axioprisa-starter-set-sam-copy\/#breadcrumb\",\"itemListElement\":[{\"@type\":\"ListItem\",\"position\":1,\"name\":\"Home\",\"item\":\"https:\/\/www.axioprisa.de\/de\/\"},{\"@type\":\"ListItem\",\"position\":2,\"name\":\"Shop\",\"item\":\"https:\/\/www.axioprisa.de\/de\/shop-2\/\"},{\"@type\":\"ListItem\",\"position\":3,\"name\":\"Axioprisa Starter Set SAM (Linksh\u00e4nder-Version)\"}]},{\"@type\":\"WebSite\",\"@id\":\"https:\/\/www.axioprisa.de\/de\/#website\",\"url\":\"https:\/\/www.axioprisa.de\/de\/\",\"name\":\"axioprisa\",\"description\":\"\",\"publisher\":{\"@id\":\"https:\/\/www.axioprisa.de\/de\/#organization\"},\"potentialAction\":[{\"@type\":\"SearchAction\",\"target\":{\"@type\":\"EntryPoint\",\"urlTemplate\":\"https:\/\/www.axioprisa.de\/de\/?s={search_term_string}\"},\"query-input\":{\"@type\":\"PropertyValueSpecification\",\"valueRequired\":true,\"valueName\":\"search_term_string\"}}],\"inLanguage\":\"de\"},{\"@type\":\"Organization\",\"@id\":\"https:\/\/www.axioprisa.de\/de\/#organization\",\"name\":\"AxioPrisa\",\"url\":\"https:\/\/www.axioprisa.de\/de\/\",\"logo\":{\"@type\":\"ImageObject\",\"inLanguage\":\"de\",\"@id\":\"https:\/\/www.axioprisa.de\/de\/#\/schema\/logo\/image\/\",\"url\":\"https:\/\/www.axioprisa.de\/wp-content\/uploads\/2022\/02\/axp-logo.png\",\"contentUrl\":\"https:\/\/www.axioprisa.de\/wp-content\/uploads\/2022\/02\/axp-logo.png\",\"width\":105,\"height\":105,\"caption\":\"AxioPrisa\"},\"image\":{\"@id\":\"https:\/\/www.axioprisa.de\/de\/#\/schema\/logo\/image\/\"},\"sameAs\":[\"https:\/\/www.facebook.com\/AxioPrisa-108822991713111\",\"https:\/\/www.youtube.com\/channel\/UCFJJU5CN1sKReM0Iz-XJHQw\"]}]}<\/script>\r\n<!-- \/ Yoast SEO plugin. -->","yoast_head_json":{"title":"Axioprisa Starter Set SAM (Linksh\u00e4nder-Version) - axioprisa Axioprisa Starter Set","description":"Der intelligente Weg zur \u00dcbertragung der korrekten anatomischen Position in den digitalen Artikulator Axioprisa Starter Set SAM (Linksh\u00e4nder-Version) - axioprisa","robots":{"index":"index","follow":"follow","max-snippet":"max-snippet:-1","max-image-preview":"max-image-preview:large","max-video-preview":"max-video-preview:-1"},"canonical":"https:\/\/www.axioprisa.de\/de\/produkt\/axioprisa-starter-set-sam-copy\/","og_locale":"de_DE","og_type":"article","og_title":"Axioprisa Starter Set SAM (Linksh\u00e4nder-Version) - axioprisa Axioprisa Starter Set","og_description":"Der intelligente Weg zur \u00dcbertragung der korrekten anatomischen Position in den digitalen Artikulator Axioprisa Starter Set SAM (Linksh\u00e4nder-Version) - axioprisa","og_url":"https:\/\/www.axioprisa.de\/de\/produkt\/axioprisa-starter-set-sam-copy\/","og_site_name":"axioprisa","article_publisher":"https:\/\/www.facebook.com\/AxioPrisa-108822991713111","article_modified_time":"2025-07-11T07:17:22+00:00","og_image":[{"width":1500,"height":1500,"url":"https:\/\/www.axioprisa.de\/wp-content\/uploads\/2022\/03\/AXP100S-01.jpg","type":"image\/jpeg"}],"twitter_card":"summary_large_image","schema":{"@context":"https:\/\/schema.org","@graph":[{"@type":"WebPage","@id":"https:\/\/www.axioprisa.de\/de\/produkt\/axioprisa-starter-set-sam-copy\/","url":"https:\/\/www.axioprisa.de\/de\/produkt\/axioprisa-starter-set-sam-copy\/","name":"Axioprisa Starter Set SAM (Linksh\u00e4nder-Version) - axioprisa Axioprisa Starter Set","isPartOf":{"@id":"https:\/\/www.axioprisa.de\/de\/#website"},"primaryImageOfPage":{"@id":"https:\/\/www.axioprisa.de\/de\/produkt\/axioprisa-starter-set-sam-copy\/#primaryimage"},"image":{"@id":"https:\/\/www.axioprisa.de\/de\/produkt\/axioprisa-starter-set-sam-copy\/#primaryimage"},"thumbnailUrl":"https:\/\/www.axioprisa.de\/wp-content\/uploads\/2022\/03\/AXP100S-01.jpg","datePublished":"2023-02-20T13:08:45+00:00","dateModified":"2025-07-11T07:17:22+00:00","description":"Der intelligente Weg zur \u00dcbertragung der korrekten anatomischen Position in den digitalen Artikulator Axioprisa Starter Set SAM (Linksh\u00e4nder-Version) - axioprisa","breadcrumb":{"@id":"https:\/\/www.axioprisa.de\/de\/produkt\/axioprisa-starter-set-sam-copy\/#breadcrumb"},"inLanguage":"de","potentialAction":[{"@type":"ReadAction","target":["https:\/\/www.axioprisa.de\/de\/produkt\/axioprisa-starter-set-sam-copy\/"]}]},{"@type":"ImageObject","inLanguage":"de","@id":"https:\/\/www.axioprisa.de\/de\/produkt\/axioprisa-starter-set-sam-copy\/#primaryimage","url":"https:\/\/www.axioprisa.de\/wp-content\/uploads\/2022\/03\/AXP100S-01.jpg","contentUrl":"https:\/\/www.axioprisa.de\/wp-content\/uploads\/2022\/03\/AXP100S-01.jpg","width":1500,"height":1500,"caption":"AXP 100S - AXP 110S - AXP 140S - AXP 150S"},{"@type":"BreadcrumbList","@id":"https:\/\/www.axioprisa.de\/de\/produkt\/axioprisa-starter-set-sam-copy\/#breadcrumb","itemListElement":[{"@type":"ListItem","position":1,"name":"Home","item":"https:\/\/www.axioprisa.de\/de\/"},{"@type":"ListItem","position":2,"name":"Shop","item":"https:\/\/www.axioprisa.de\/de\/shop-2\/"},{"@type":"ListItem","position":3,"name":"Axioprisa Starter Set SAM (Linksh\u00e4nder-Version)"}]},{"@type":"WebSite","@id":"https:\/\/www.axioprisa.de\/de\/#website","url":"https:\/\/www.axioprisa.de\/de\/","name":"axioprisa","description":"","publisher":{"@id":"https:\/\/www.axioprisa.de\/de\/#organization"},"potentialAction":[{"@type":"SearchAction","target":{"@type":"EntryPoint","urlTemplate":"https:\/\/www.axioprisa.de\/de\/?s={search_term_string}"},"query-input":{"@type":"PropertyValueSpecification","valueRequired":true,"valueName":"search_term_string"}}],"inLanguage":"de"},{"@type":"Organization","@id":"https:\/\/www.axioprisa.de\/de\/#organization","name":"AxioPrisa","url":"https:\/\/www.axioprisa.de\/de\/","logo":{"@type":"ImageObject","inLanguage":"de","@id":"https:\/\/www.axioprisa.de\/de\/#\/schema\/logo\/image\/","url":"https:\/\/www.axioprisa.de\/wp-content\/uploads\/2022\/02\/axp-logo.png","contentUrl":"https:\/\/www.axioprisa.de\/wp-content\/uploads\/2022\/02\/axp-logo.png","width":105,"height":105,"caption":"AxioPrisa"},"image":{"@id":"https:\/\/www.axioprisa.de\/de\/#\/schema\/logo\/image\/"},"sameAs":["https:\/\/www.facebook.com\/AxioPrisa-108822991713111","https:\/\/www.youtube.com\/channel\/UCFJJU5CN1sKReM0Iz-XJHQw"]}]}},"jetpack_sharing_enabled":true,"wcpa_form_fields":null,"_links":{"self":[{"href":"https:\/\/www.axioprisa.de\/de\/wp-json\/wp\/v2\/product\/2687","targetHints":{"allow":["GET"]}}],"collection":[{"href":"https:\/\/www.axioprisa.de\/de\/wp-json\/wp\/v2\/product"}],"about":[{"href":"https:\/\/www.axioprisa.de\/de\/wp-json\/wp\/v2\/types\/product"}],"replies":[{"embeddable":true,"href":"https:\/\/www.axioprisa.de\/de\/wp-json\/wp\/v2\/comments?post=2687"}],"wp:featuredmedia":[{"embeddable":true,"href":"https:\/\/www.axioprisa.de\/de\/wp-json\/wp\/v2\/media\/2234"}],"wp:attachment":[{"href":"https:\/\/www.axioprisa.de\/de\/wp-json\/wp\/v2\/media?parent=2687"}],"wp:term":[{"taxonomy":"product_brand","embeddable":true,"href":"https:\/\/www.axioprisa.de\/de\/wp-json\/wp\/v2\/product_brand?post=2687"},{"taxonomy":"product_cat","embeddable":true,"href":"https:\/\/www.axioprisa.de\/de\/wp-json\/wp\/v2\/product_cat?post=2687"},{"taxonomy":"product_tag","embeddable":true,"href":"https:\/\/www.axioprisa.de\/de\/wp-json\/wp\/v2\/product_tag?post=2687"}],"curies":[{"name":"wp","href":"https:\/\/api.w.org\/{rel}","templated":true}]}}