{"id":2318,"date":"2022-02-11T08:35:39","date_gmt":"2022-02-11T07:35:39","guid":{"rendered":"https:\/\/www.axioprisa.de\/garantie\/"},"modified":"2022-09-21T13:32:00","modified_gmt":"2022-09-21T11:32:00","slug":"garantie","status":"publish","type":"page","link":"https:\/\/www.axioprisa.de\/de\/garantie\/","title":{"rendered":"Garantie"},"content":{"rendered":"\n<p class=\"has-text-align-center has-orange-color has-text-color\" style=\"font-size:35px;font-style:normal;font-weight:500\">GARANTIE<\/p>\n\n<div style=\"height:50px\" aria-hidden=\"true\" class=\"wp-block-spacer\"><\/div>\n\n<div class=\"wp-block-columns mb-0 is-layout-flex wp-container-core-columns-is-layout-1 wp-block-columns-is-layout-flex\">\n<div class=\"wp-block-column mb-0 is-layout-flow wp-block-column-is-layout-flow\" style=\"flex-basis:10%\"><\/div>\n\n\n\n<div class=\"wp-block-column is-layout-flow wp-block-column-is-layout-flow\" style=\"flex-basis:80%\">\n<div class=\"wp-block-group\"><div class=\"wp-block-group__inner-container is-layout-flow wp-block-group-is-layout-flow\">\n<p class=\"has-text-align-center has-medium-font-size\" style=\"font-style:normal;font-weight:300\">Als neues Unternehmen ist es uns wichtig, dass Sie mit unseren Produkten zufrieden sind und lange mit ihnen arbeiten k\u00f6nnen. Aus diesem Grund versuchen wir, die Qualit\u00e4tssicherung an die erste Stelle zu setzen.<\/p>\n\n\n\n<div style=\"height:50px\" aria-hidden=\"true\" class=\"wp-block-spacer\"><\/div>\n\n\n\n<p class=\"has-text-align-center has-medium-font-size\" style=\"font-style:normal;font-weight:300\"> Unsere Produkte sind so konzipiert, dass sie hohen Belastungen standhalten und die Vorteile f\u00fcr die t\u00e4gliche Arbeit erhalten bleiben. Selbstverst\u00e4ndlich erf\u00fcllen wir die gesetzlichen Anforderungen an Gew\u00e4hrleistung und Garantie. Dar\u00fcber hinaus garantieren wir, dass wir Ihnen in jeder Situation und bei L\u00f6sung Ihres Problems behilflich sein werden. <\/p>\n\n\n\n<div style=\"height:50px\" aria-hidden=\"true\" class=\"wp-block-spacer\"><\/div>\n\n\n\n<p class=\"has-text-align-center has-medium-font-size\" style=\"font-style:normal;font-weight:300\">Kundenzufriedenheit ist f\u00fcr uns ein wichtiger Aspekt und kann nicht ignoriert werden. Wenn Sie also ein Problem mit einem unserer Produkte haben, werden wir Ihnen helfen und versuchen, die beste und schnellste L\u00f6sung f\u00fcr Sie zu finden. <\/p>\n\n\n\n<div style=\"height:50px\" aria-hidden=\"true\" class=\"wp-block-spacer\"><\/div>\n\n\n\n<p class=\"has-text-align-center has-medium-font-size\" style=\"font-style:normal;font-weight:300\">Im Moment ist es am besten, wenn Sie uns eine E-Mail schicken an <\/p>\n\n\n\n<p class=\"has-text-align-center has-orange-color has-text-color has-medium-font-size\" style=\"font-style:normal;font-weight:600\">Info@smart-dental.de<\/p>\n<\/div><\/div>\n<\/div>\n\n\n\n<div class=\"wp-block-column mb-0 is-layout-flow wp-block-column-is-layout-flow\" style=\"flex-basis:10%\"><\/div>\n<\/div>\n","protected":false},"excerpt":{"rendered":"<p>GARANTIE Als neues Unternehmen ist es uns wichtig, dass Sie mit unseren Produkten zufrieden sind und lange mit ihnen arbeiten k\u00f6nnen. Aus diesem Grund versuchen wir, die Qualit\u00e4tssicherung an die erste Stelle zu setzen. Unsere Produkte sind so konzipiert, dass sie hohen Belastungen standhalten und die Vorteile f\u00fcr die t\u00e4gliche Arbeit erhalten bleiben. Selbstverst\u00e4ndlich erf\u00fcllen&hellip;<\/p>\n","protected":false},"author":1,"featured_media":0,"parent":0,"menu_order":0,"comment_status":"closed","ping_status":"closed","template":"","meta":{"footnotes":""},"class_list":["post-2318","page","type-page","status-publish"],"yoast_head":"<!-- This site is optimized with the Yoast SEO plugin v25.4 - https:\/\/yoast.com\/wordpress\/plugins\/seo\/ -->\r\n<title>Garantie - axioprisa<\/title>\r\n<meta name=\"robots\" content=\"index, follow, max-snippet:-1, max-image-preview:large, max-video-preview:-1\" \/>\r\n<link rel=\"canonical\" href=\"https:\/\/www.axioprisa.de\/de\/garantie\/\" \/>\r\n<meta property=\"og:locale\" content=\"de_DE\" \/>\r\n<meta property=\"og:type\" content=\"article\" \/>\r\n<meta property=\"og:title\" content=\"Garantie - axioprisa\" \/>\r\n<meta property=\"og:description\" content=\"GARANTIE Als neues Unternehmen ist es uns wichtig, dass Sie mit unseren Produkten zufrieden sind und lange mit ihnen arbeiten k\u00f6nnen. Aus diesem Grund versuchen wir, die Qualit\u00e4tssicherung an die erste Stelle zu setzen. Unsere Produkte sind so konzipiert, dass sie hohen Belastungen standhalten und die Vorteile f\u00fcr die t\u00e4gliche Arbeit erhalten bleiben. Selbstverst\u00e4ndlich erf\u00fcllen&hellip;\" \/>\r\n<meta property=\"og:url\" content=\"https:\/\/www.axioprisa.de\/de\/garantie\/\" \/>\r\n<meta property=\"og:site_name\" content=\"axioprisa\" \/>\r\n<meta property=\"article:publisher\" content=\"https:\/\/www.facebook.com\/AxioPrisa-108822991713111\" \/>\r\n<meta property=\"article:modified_time\" content=\"2022-09-21T11:32:00+00:00\" \/>\r\n<meta name=\"twitter:card\" content=\"summary_large_image\" \/>\r\n<meta name=\"twitter:label1\" content=\"Gesch\u00e4tzte Lesezeit\" \/>\n\t<meta name=\"twitter:data1\" content=\"1\u00a0Minute\" \/>\r\n<script type=\"application\/ld+json\" class=\"yoast-schema-graph\">{\"@context\":\"https:\/\/schema.org\",\"@graph\":[{\"@type\":\"WebPage\",\"@id\":\"https:\/\/www.axioprisa.de\/de\/garantie\/\",\"url\":\"https:\/\/www.axioprisa.de\/de\/garantie\/\",\"name\":\"Garantie - axioprisa\",\"isPartOf\":{\"@id\":\"https:\/\/www.axioprisa.de\/de\/#website\"},\"datePublished\":\"2022-02-11T07:35:39+00:00\",\"dateModified\":\"2022-09-21T11:32:00+00:00\",\"breadcrumb\":{\"@id\":\"https:\/\/www.axioprisa.de\/de\/garantie\/#breadcrumb\"},\"inLanguage\":\"de\",\"potentialAction\":[{\"@type\":\"ReadAction\",\"target\":[\"https:\/\/www.axioprisa.de\/de\/garantie\/\"]}]},{\"@type\":\"BreadcrumbList\",\"@id\":\"https:\/\/www.axioprisa.de\/de\/garantie\/#breadcrumb\",\"itemListElement\":[{\"@type\":\"ListItem\",\"position\":1,\"name\":\"Home\",\"item\":\"https:\/\/www.axioprisa.de\/de\/\"},{\"@type\":\"ListItem\",\"position\":2,\"name\":\"Garantie\"}]},{\"@type\":\"WebSite\",\"@id\":\"https:\/\/www.axioprisa.de\/de\/#website\",\"url\":\"https:\/\/www.axioprisa.de\/de\/\",\"name\":\"axioprisa\",\"description\":\"\",\"publisher\":{\"@id\":\"https:\/\/www.axioprisa.de\/de\/#organization\"},\"potentialAction\":[{\"@type\":\"SearchAction\",\"target\":{\"@type\":\"EntryPoint\",\"urlTemplate\":\"https:\/\/www.axioprisa.de\/de\/?s={search_term_string}\"},\"query-input\":{\"@type\":\"PropertyValueSpecification\",\"valueRequired\":true,\"valueName\":\"search_term_string\"}}],\"inLanguage\":\"de\"},{\"@type\":\"Organization\",\"@id\":\"https:\/\/www.axioprisa.de\/de\/#organization\",\"name\":\"AxioPrisa\",\"url\":\"https:\/\/www.axioprisa.de\/de\/\",\"logo\":{\"@type\":\"ImageObject\",\"inLanguage\":\"de\",\"@id\":\"https:\/\/www.axioprisa.de\/de\/#\/schema\/logo\/image\/\",\"url\":\"https:\/\/www.axioprisa.de\/wp-content\/uploads\/2022\/02\/axp-logo.png\",\"contentUrl\":\"https:\/\/www.axioprisa.de\/wp-content\/uploads\/2022\/02\/axp-logo.png\",\"width\":105,\"height\":105,\"caption\":\"AxioPrisa\"},\"image\":{\"@id\":\"https:\/\/www.axioprisa.de\/de\/#\/schema\/logo\/image\/\"},\"sameAs\":[\"https:\/\/www.facebook.com\/AxioPrisa-108822991713111\",\"https:\/\/www.youtube.com\/channel\/UCFJJU5CN1sKReM0Iz-XJHQw\"]}]}<\/script>\r\n<!-- \/ Yoast SEO plugin. -->","yoast_head_json":{"title":"Garantie - axioprisa","robots":{"index":"index","follow":"follow","max-snippet":"max-snippet:-1","max-image-preview":"max-image-preview:large","max-video-preview":"max-video-preview:-1"},"canonical":"https:\/\/www.axioprisa.de\/de\/garantie\/","og_locale":"de_DE","og_type":"article","og_title":"Garantie - axioprisa","og_description":"GARANTIE Als neues Unternehmen ist es uns wichtig, dass Sie mit unseren Produkten zufrieden sind und lange mit ihnen arbeiten k\u00f6nnen. Aus diesem Grund versuchen wir, die Qualit\u00e4tssicherung an die erste Stelle zu setzen. Unsere Produkte sind so konzipiert, dass sie hohen Belastungen standhalten und die Vorteile f\u00fcr die t\u00e4gliche Arbeit erhalten bleiben. Selbstverst\u00e4ndlich erf\u00fcllen&hellip;","og_url":"https:\/\/www.axioprisa.de\/de\/garantie\/","og_site_name":"axioprisa","article_publisher":"https:\/\/www.facebook.com\/AxioPrisa-108822991713111","article_modified_time":"2022-09-21T11:32:00+00:00","twitter_card":"summary_large_image","twitter_misc":{"Gesch\u00e4tzte Lesezeit":"1\u00a0Minute"},"schema":{"@context":"https:\/\/schema.org","@graph":[{"@type":"WebPage","@id":"https:\/\/www.axioprisa.de\/de\/garantie\/","url":"https:\/\/www.axioprisa.de\/de\/garantie\/","name":"Garantie - axioprisa","isPartOf":{"@id":"https:\/\/www.axioprisa.de\/de\/#website"},"datePublished":"2022-02-11T07:35:39+00:00","dateModified":"2022-09-21T11:32:00+00:00","breadcrumb":{"@id":"https:\/\/www.axioprisa.de\/de\/garantie\/#breadcrumb"},"inLanguage":"de","potentialAction":[{"@type":"ReadAction","target":["https:\/\/www.axioprisa.de\/de\/garantie\/"]}]},{"@type":"BreadcrumbList","@id":"https:\/\/www.axioprisa.de\/de\/garantie\/#breadcrumb","itemListElement":[{"@type":"ListItem","position":1,"name":"Home","item":"https:\/\/www.axioprisa.de\/de\/"},{"@type":"ListItem","position":2,"name":"Garantie"}]},{"@type":"WebSite","@id":"https:\/\/www.axioprisa.de\/de\/#website","url":"https:\/\/www.axioprisa.de\/de\/","name":"axioprisa","description":"","publisher":{"@id":"https:\/\/www.axioprisa.de\/de\/#organization"},"potentialAction":[{"@type":"SearchAction","target":{"@type":"EntryPoint","urlTemplate":"https:\/\/www.axioprisa.de\/de\/?s={search_term_string}"},"query-input":{"@type":"PropertyValueSpecification","valueRequired":true,"valueName":"search_term_string"}}],"inLanguage":"de"},{"@type":"Organization","@id":"https:\/\/www.axioprisa.de\/de\/#organization","name":"AxioPrisa","url":"https:\/\/www.axioprisa.de\/de\/","logo":{"@type":"ImageObject","inLanguage":"de","@id":"https:\/\/www.axioprisa.de\/de\/#\/schema\/logo\/image\/","url":"https:\/\/www.axioprisa.de\/wp-content\/uploads\/2022\/02\/axp-logo.png","contentUrl":"https:\/\/www.axioprisa.de\/wp-content\/uploads\/2022\/02\/axp-logo.png","width":105,"height":105,"caption":"AxioPrisa"},"image":{"@id":"https:\/\/www.axioprisa.de\/de\/#\/schema\/logo\/image\/"},"sameAs":["https:\/\/www.facebook.com\/AxioPrisa-108822991713111","https:\/\/www.youtube.com\/channel\/UCFJJU5CN1sKReM0Iz-XJHQw"]}]}},"jetpack_sharing_enabled":true,"_links":{"self":[{"href":"https:\/\/www.axioprisa.de\/de\/wp-json\/wp\/v2\/pages\/2318","targetHints":{"allow":["GET"]}}],"collection":[{"href":"https:\/\/www.axioprisa.de\/de\/wp-json\/wp\/v2\/pages"}],"about":[{"href":"https:\/\/www.axioprisa.de\/de\/wp-json\/wp\/v2\/types\/page"}],"author":[{"embeddable":true,"href":"https:\/\/www.axioprisa.de\/de\/wp-json\/wp\/v2\/users\/1"}],"replies":[{"embeddable":true,"href":"https:\/\/www.axioprisa.de\/de\/wp-json\/wp\/v2\/comments?post=2318"}],"version-history":[{"count":6,"href":"https:\/\/www.axioprisa.de\/de\/wp-json\/wp\/v2\/pages\/2318\/revisions"}],"predecessor-version":[{"id":2483,"href":"https:\/\/www.axioprisa.de\/de\/wp-json\/wp\/v2\/pages\/2318\/revisions\/2483"}],"wp:attachment":[{"href":"https:\/\/www.axioprisa.de\/de\/wp-json\/wp\/v2\/media?parent=2318"}],"curies":[{"name":"wp","href":"https:\/\/api.w.org\/{rel}","templated":true}]}}