{"id":2308,"date":"2022-02-17T15:30:07","date_gmt":"2022-02-17T14:30:07","guid":{"rendered":"https:\/\/www.axioprisa.de\/zertifizierte-haendler\/"},"modified":"2023-03-21T11:48:03","modified_gmt":"2023-03-21T10:48:03","slug":"zertifizierte-haendler","status":"publish","type":"page","link":"https:\/\/www.axioprisa.de\/de\/zertifizierte-haendler\/","title":{"rendered":"Zertifizierte H\u00e4ndler"},"content":{"rendered":"\n<p class=\"has-text-align-center has-orange-color has-text-color\" style=\"font-size:35px;font-style:normal;font-weight:500\">ZERTIFIZIERTE H\u00c4NDLER<\/p>\n\n<div style=\"height:50px\" aria-hidden=\"true\" class=\"wp-block-spacer\"><\/div>\n\n<div class=\"wp-block-columns mb-0 is-layout-flex wp-container-core-columns-is-layout-1 wp-block-columns-is-layout-flex\">\n<div class=\"wp-block-column mb-0 is-layout-flow wp-block-column-is-layout-flow\" style=\"flex-basis:10%\"><\/div>\n\n\n\n<div class=\"wp-block-column is-layout-flow wp-block-column-is-layout-flow\" style=\"flex-basis:80%\">\n<div class=\"wp-block-group\"><div class=\"wp-block-group__inner-container is-layout-flow wp-block-group-is-layout-flow\">\n<p class=\"has-text-align-center has-medium-font-size\" style=\"font-style:normal;font-weight:300\">Wir arbeiten weltweit und hand in hand mit zertifizierten H\u00e4ndler. Falls du direkten Kontakt zu einem unserer H\u00e4ndler suchst, schau in unsere Liste.<\/p>\n\n\n\n<div style=\"height:50px\" aria-hidden=\"true\" class=\"wp-block-spacer\"><\/div>\n\n\n\n<p>EU<\/p>\n\n\n\n<div style=\"height:10px\" aria-hidden=\"true\" class=\"wp-block-spacer\"><\/div>\n\n\n\n<p>TEAMZIEREIS GmbH<\/p>\n\n\n\n<p>Gewerbepark 11<\/p>\n\n\n\n<p>75331 Engelsbrand Germany<\/p>\n\n\n\n<p>+49 7082 792670<\/p>\n\n\n\n<p><a rel=\"noreferrer noopener\" href=\"https:\/\/www.figma.com\/exit?url=https%3A%2F%2Fteamziereis.de\" target=\"_blank\">https:\/\/teamziereis.de<\/a><\/p>\n\n\n\n<div style=\"height:20px\" aria-hidden=\"true\" class=\"wp-block-spacer\"><\/div>\n\n\n\n<p>USA<\/p>\n\n\n\n<div style=\"height:10px\" aria-hidden=\"true\" class=\"wp-block-spacer\"><\/div>\n\n\n\n<p>Great Lakes Dental Technologies<\/p>\n\n\n\n<p>200 Cooper Avenue<\/p>\n\n\n\n<p>Tonawanda<\/p>\n\n\n\n<p>NY 14150<\/p>\n\n\n\n<p>USA<\/p>\n\n\n\n<p>Phone: +1 716-871-1161<\/p>\n\n\n\n<p><a rel=\"noreferrer noopener\" href=\"https:\/\/www.figma.com\/exit?url=https%3A%2F%2Fwww.greatlakesdentaltech.com%2F\" target=\"_blank\">https:\/\/www.greatlakesdentaltech.com\/<\/a><\/p>\n\n\n\n<p><\/p>\n\n\n\n<p><\/p>\n\n\n\n<div style=\"height:20px\" aria-hidden=\"true\" class=\"wp-block-spacer\"><\/div>\n\n\n\n<p><\/p>\n\n\n\n<p><\/p>\n\n\n\n<p><\/p>\n<\/div><\/div>\n<\/div>\n\n\n\n<div class=\"wp-block-column mb-0 is-layout-flow wp-block-column-is-layout-flow\" style=\"flex-basis:10%\"><\/div>\n<\/div>\n","protected":false},"excerpt":{"rendered":"<p>ZERTIFIZIERTE H\u00c4NDLER Wir arbeiten weltweit und hand in hand mit zertifizierten H\u00e4ndler. Falls du direkten Kontakt zu einem unserer H\u00e4ndler suchst, schau in unsere Liste. EU TEAMZIEREIS GmbH Gewerbepark 11 75331 Engelsbrand Germany +49 7082 792670 https:\/\/teamziereis.de USA Great Lakes Dental Technologies 200 Cooper Avenue Tonawanda NY 14150 USA Phone: +1 716-871-1161 https:\/\/www.greatlakesdentaltech.com\/<\/p>\n","protected":false},"author":1,"featured_media":0,"parent":0,"menu_order":0,"comment_status":"closed","ping_status":"closed","template":"","meta":{"footnotes":""},"class_list":["post-2308","page","type-page","status-publish"],"yoast_head":"<!-- This site is optimized with the Yoast SEO plugin v25.4 - https:\/\/yoast.com\/wordpress\/plugins\/seo\/ -->\r\n<title>Zertifizierte H\u00e4ndler - axioprisa<\/title>\r\n<meta name=\"robots\" content=\"index, follow, max-snippet:-1, max-image-preview:large, max-video-preview:-1\" \/>\r\n<link rel=\"canonical\" href=\"https:\/\/www.axioprisa.de\/de\/zertifizierte-haendler\/\" \/>\r\n<meta property=\"og:locale\" content=\"de_DE\" \/>\r\n<meta property=\"og:type\" content=\"article\" \/>\r\n<meta property=\"og:title\" content=\"Zertifizierte H\u00e4ndler - axioprisa\" \/>\r\n<meta property=\"og:description\" content=\"ZERTIFIZIERTE H\u00c4NDLER Wir arbeiten weltweit und hand in hand mit zertifizierten H\u00e4ndler. Falls du direkten Kontakt zu einem unserer H\u00e4ndler suchst, schau in unsere Liste. EU TEAMZIEREIS GmbH Gewerbepark 11 75331 Engelsbrand Germany +49 7082 792670 https:\/\/teamziereis.de USA Great Lakes Dental Technologies 200 Cooper Avenue Tonawanda NY 14150 USA Phone: +1 716-871-1161 https:\/\/www.greatlakesdentaltech.com\/\" \/>\r\n<meta property=\"og:url\" content=\"https:\/\/www.axioprisa.de\/de\/zertifizierte-haendler\/\" \/>\r\n<meta property=\"og:site_name\" content=\"axioprisa\" \/>\r\n<meta property=\"article:publisher\" content=\"https:\/\/www.facebook.com\/AxioPrisa-108822991713111\" \/>\r\n<meta property=\"article:modified_time\" content=\"2023-03-21T10:48:03+00:00\" \/>\r\n<meta name=\"twitter:card\" content=\"summary_large_image\" \/>\r\n<script type=\"application\/ld+json\" class=\"yoast-schema-graph\">{\"@context\":\"https:\/\/schema.org\",\"@graph\":[{\"@type\":\"WebPage\",\"@id\":\"https:\/\/www.axioprisa.de\/de\/zertifizierte-haendler\/\",\"url\":\"https:\/\/www.axioprisa.de\/de\/zertifizierte-haendler\/\",\"name\":\"Zertifizierte H\u00e4ndler - axioprisa\",\"isPartOf\":{\"@id\":\"https:\/\/www.axioprisa.de\/de\/#website\"},\"datePublished\":\"2022-02-17T14:30:07+00:00\",\"dateModified\":\"2023-03-21T10:48:03+00:00\",\"breadcrumb\":{\"@id\":\"https:\/\/www.axioprisa.de\/de\/zertifizierte-haendler\/#breadcrumb\"},\"inLanguage\":\"de\",\"potentialAction\":[{\"@type\":\"ReadAction\",\"target\":[\"https:\/\/www.axioprisa.de\/de\/zertifizierte-haendler\/\"]}]},{\"@type\":\"BreadcrumbList\",\"@id\":\"https:\/\/www.axioprisa.de\/de\/zertifizierte-haendler\/#breadcrumb\",\"itemListElement\":[{\"@type\":\"ListItem\",\"position\":1,\"name\":\"Home\",\"item\":\"https:\/\/www.axioprisa.de\/de\/\"},{\"@type\":\"ListItem\",\"position\":2,\"name\":\"Zertifizierte H\u00e4ndler\"}]},{\"@type\":\"WebSite\",\"@id\":\"https:\/\/www.axioprisa.de\/de\/#website\",\"url\":\"https:\/\/www.axioprisa.de\/de\/\",\"name\":\"axioprisa\",\"description\":\"\",\"publisher\":{\"@id\":\"https:\/\/www.axioprisa.de\/de\/#organization\"},\"potentialAction\":[{\"@type\":\"SearchAction\",\"target\":{\"@type\":\"EntryPoint\",\"urlTemplate\":\"https:\/\/www.axioprisa.de\/de\/?s={search_term_string}\"},\"query-input\":{\"@type\":\"PropertyValueSpecification\",\"valueRequired\":true,\"valueName\":\"search_term_string\"}}],\"inLanguage\":\"de\"},{\"@type\":\"Organization\",\"@id\":\"https:\/\/www.axioprisa.de\/de\/#organization\",\"name\":\"AxioPrisa\",\"url\":\"https:\/\/www.axioprisa.de\/de\/\",\"logo\":{\"@type\":\"ImageObject\",\"inLanguage\":\"de\",\"@id\":\"https:\/\/www.axioprisa.de\/de\/#\/schema\/logo\/image\/\",\"url\":\"https:\/\/www.axioprisa.de\/wp-content\/uploads\/2022\/02\/axp-logo.png\",\"contentUrl\":\"https:\/\/www.axioprisa.de\/wp-content\/uploads\/2022\/02\/axp-logo.png\",\"width\":105,\"height\":105,\"caption\":\"AxioPrisa\"},\"image\":{\"@id\":\"https:\/\/www.axioprisa.de\/de\/#\/schema\/logo\/image\/\"},\"sameAs\":[\"https:\/\/www.facebook.com\/AxioPrisa-108822991713111\",\"https:\/\/www.youtube.com\/channel\/UCFJJU5CN1sKReM0Iz-XJHQw\"]}]}<\/script>\r\n<!-- \/ Yoast SEO plugin. -->","yoast_head_json":{"title":"Zertifizierte H\u00e4ndler - axioprisa","robots":{"index":"index","follow":"follow","max-snippet":"max-snippet:-1","max-image-preview":"max-image-preview:large","max-video-preview":"max-video-preview:-1"},"canonical":"https:\/\/www.axioprisa.de\/de\/zertifizierte-haendler\/","og_locale":"de_DE","og_type":"article","og_title":"Zertifizierte H\u00e4ndler - axioprisa","og_description":"ZERTIFIZIERTE H\u00c4NDLER Wir arbeiten weltweit und hand in hand mit zertifizierten H\u00e4ndler. Falls du direkten Kontakt zu einem unserer H\u00e4ndler suchst, schau in unsere Liste. EU TEAMZIEREIS GmbH Gewerbepark 11 75331 Engelsbrand Germany +49 7082 792670 https:\/\/teamziereis.de USA Great Lakes Dental Technologies 200 Cooper Avenue Tonawanda NY 14150 USA Phone: +1 716-871-1161 https:\/\/www.greatlakesdentaltech.com\/","og_url":"https:\/\/www.axioprisa.de\/de\/zertifizierte-haendler\/","og_site_name":"axioprisa","article_publisher":"https:\/\/www.facebook.com\/AxioPrisa-108822991713111","article_modified_time":"2023-03-21T10:48:03+00:00","twitter_card":"summary_large_image","schema":{"@context":"https:\/\/schema.org","@graph":[{"@type":"WebPage","@id":"https:\/\/www.axioprisa.de\/de\/zertifizierte-haendler\/","url":"https:\/\/www.axioprisa.de\/de\/zertifizierte-haendler\/","name":"Zertifizierte H\u00e4ndler - axioprisa","isPartOf":{"@id":"https:\/\/www.axioprisa.de\/de\/#website"},"datePublished":"2022-02-17T14:30:07+00:00","dateModified":"2023-03-21T10:48:03+00:00","breadcrumb":{"@id":"https:\/\/www.axioprisa.de\/de\/zertifizierte-haendler\/#breadcrumb"},"inLanguage":"de","potentialAction":[{"@type":"ReadAction","target":["https:\/\/www.axioprisa.de\/de\/zertifizierte-haendler\/"]}]},{"@type":"BreadcrumbList","@id":"https:\/\/www.axioprisa.de\/de\/zertifizierte-haendler\/#breadcrumb","itemListElement":[{"@type":"ListItem","position":1,"name":"Home","item":"https:\/\/www.axioprisa.de\/de\/"},{"@type":"ListItem","position":2,"name":"Zertifizierte H\u00e4ndler"}]},{"@type":"WebSite","@id":"https:\/\/www.axioprisa.de\/de\/#website","url":"https:\/\/www.axioprisa.de\/de\/","name":"axioprisa","description":"","publisher":{"@id":"https:\/\/www.axioprisa.de\/de\/#organization"},"potentialAction":[{"@type":"SearchAction","target":{"@type":"EntryPoint","urlTemplate":"https:\/\/www.axioprisa.de\/de\/?s={search_term_string}"},"query-input":{"@type":"PropertyValueSpecification","valueRequired":true,"valueName":"search_term_string"}}],"inLanguage":"de"},{"@type":"Organization","@id":"https:\/\/www.axioprisa.de\/de\/#organization","name":"AxioPrisa","url":"https:\/\/www.axioprisa.de\/de\/","logo":{"@type":"ImageObject","inLanguage":"de","@id":"https:\/\/www.axioprisa.de\/de\/#\/schema\/logo\/image\/","url":"https:\/\/www.axioprisa.de\/wp-content\/uploads\/2022\/02\/axp-logo.png","contentUrl":"https:\/\/www.axioprisa.de\/wp-content\/uploads\/2022\/02\/axp-logo.png","width":105,"height":105,"caption":"AxioPrisa"},"image":{"@id":"https:\/\/www.axioprisa.de\/de\/#\/schema\/logo\/image\/"},"sameAs":["https:\/\/www.facebook.com\/AxioPrisa-108822991713111","https:\/\/www.youtube.com\/channel\/UCFJJU5CN1sKReM0Iz-XJHQw"]}]}},"jetpack_sharing_enabled":true,"_links":{"self":[{"href":"https:\/\/www.axioprisa.de\/de\/wp-json\/wp\/v2\/pages\/2308","targetHints":{"allow":["GET"]}}],"collection":[{"href":"https:\/\/www.axioprisa.de\/de\/wp-json\/wp\/v2\/pages"}],"about":[{"href":"https:\/\/www.axioprisa.de\/de\/wp-json\/wp\/v2\/types\/page"}],"author":[{"embeddable":true,"href":"https:\/\/www.axioprisa.de\/de\/wp-json\/wp\/v2\/users\/1"}],"replies":[{"embeddable":true,"href":"https:\/\/www.axioprisa.de\/de\/wp-json\/wp\/v2\/comments?post=2308"}],"version-history":[{"count":2,"href":"https:\/\/www.axioprisa.de\/de\/wp-json\/wp\/v2\/pages\/2308\/revisions"}],"predecessor-version":[{"id":2898,"href":"https:\/\/www.axioprisa.de\/de\/wp-json\/wp\/v2\/pages\/2308\/revisions\/2898"}],"wp:attachment":[{"href":"https:\/\/www.axioprisa.de\/de\/wp-json\/wp\/v2\/media?parent=2308"}],"curies":[{"name":"wp","href":"https:\/\/api.w.org\/{rel}","templated":true}]}}