{"id":2304,"date":"2022-02-11T08:35:15","date_gmt":"2022-02-11T07:35:15","guid":{"rendered":"https:\/\/www.axioprisa.de\/ueber-uns\/"},"modified":"2022-09-20T14:00:13","modified_gmt":"2022-09-20T12:00:13","slug":"ueber-uns","status":"publish","type":"page","link":"https:\/\/www.axioprisa.de\/de\/ueber-uns\/","title":{"rendered":"\u00dcBER UNS"},"content":{"rendered":"\n<p class=\"has-text-align-center has-orange-color has-text-color\" style=\"font-size:35px;font-style:normal;font-weight:500\">\u00dcBER UNS<\/p>\n\n\n\n<div style=\"height:50px\" aria-hidden=\"true\" class=\"wp-block-spacer\"><\/div>\n\n\n\n<div class=\"wp-block-columns mb-0 is-layout-flex wp-container-core-columns-is-layout-1 wp-block-columns-is-layout-flex\">\n<div class=\"wp-block-column is-layout-flow wp-block-column-is-layout-flow\" style=\"flex-basis:10%\"><\/div>\n\n\n\n<div class=\"wp-block-column is-layout-flow wp-block-column-is-layout-flow\" style=\"flex-basis:80%\">\n<div class=\"wp-block-group\"><div class=\"wp-block-group__inner-container is-layout-flow wp-block-group-is-layout-flow\">\n<p class=\"has-text-align-center has-medium-font-size\" style=\"font-style:normal;font-weight:300\">Wir sind ein junges Unternehmen, das sich auf digitale L\u00f6sungen f\u00fcr analoge Probleme in der Zahntechnik spezialisiert hat. Unser Hauptaugenmerk liegt auf der exakten \u00dcbertragung digital erfasster Daten, die bisher analog reproduziert und neu digitalisiert wurden.<\/p>\n\n\n\n<div style=\"height:50px\" aria-hidden=\"true\" class=\"wp-block-spacer\"><\/div>\n\n\n\n<p class=\"has-text-align-center has-medium-font-size\" style=\"font-style:normal;font-weight:300\">Schnelle und einfache Wege der Datenverarbeitung sind heutzutage unumg\u00e4nglich geworden. Die medizinische Welt ver\u00e4ndert sich seit Jahren rasant, und in dieser unbest\u00e4ndigen Welt ist es sehr viel komplexer geworden auf dem neusten Stand zu bleiben und mit den sich schnell ver\u00e4ndernden Technologien Schritt zu halten.<\/p>\n\n\n\n<div style=\"height:50px\" aria-hidden=\"true\" class=\"wp-block-spacer\"><\/div>\n\n\n\n<p style=\"font-style:normal;font-weight:300\"><\/p>\n\n\n\n<p class=\"has-text-align-center has-medium-font-size\" style=\"font-style:normal;font-weight:300\">Jeden Tag werden neue Entdeckungen gemacht, und es wird stetig geforscht und ver\u00f6ffentlicht. Wir versuchen hier alle Erkenntnisse zusammen zufassen, die wichtigsten Ergebnisse zu sammeln und f\u00fcr jeden nutzbar zu machen. Unser junges Team schl\u00e4gt die Br\u00fccke zwischen der alten Kunst der Zahnmedizin und moderner Medizintechnik.<\/p>\n<\/div><\/div>\n<\/div>\n\n\n\n<div class=\"wp-block-column mb-0 is-layout-flow wp-block-column-is-layout-flow\" style=\"flex-basis:10%\"><\/div>\n<\/div>\n\n\n\n<p><\/p>\n","protected":false},"excerpt":{"rendered":"<p>\u00dcBER UNS Wir sind ein junges Unternehmen, das sich auf digitale L\u00f6sungen f\u00fcr analoge Probleme in der Zahntechnik spezialisiert hat. Unser Hauptaugenmerk liegt auf der exakten \u00dcbertragung digital erfasster Daten, die bisher analog reproduziert und neu digitalisiert wurden. Schnelle und einfache Wege der Datenverarbeitung sind heutzutage unumg\u00e4nglich geworden. Die medizinische Welt ver\u00e4ndert sich seit Jahren&hellip;<\/p>\n","protected":false},"author":1,"featured_media":0,"parent":0,"menu_order":0,"comment_status":"closed","ping_status":"closed","template":"","meta":{"footnotes":""},"class_list":["post-2304","page","type-page","status-publish"],"yoast_head":"<!-- This site is optimized with the Yoast SEO plugin v25.4 - https:\/\/yoast.com\/wordpress\/plugins\/seo\/ -->\r\n<title>\u00dcBER UNS - axioprisa<\/title>\r\n<meta name=\"robots\" content=\"index, follow, max-snippet:-1, max-image-preview:large, max-video-preview:-1\" \/>\r\n<link rel=\"canonical\" href=\"https:\/\/www.axioprisa.de\/de\/ueber-uns\/\" \/>\r\n<meta property=\"og:locale\" content=\"de_DE\" \/>\r\n<meta property=\"og:type\" content=\"article\" \/>\r\n<meta property=\"og:title\" content=\"\u00dcBER UNS - axioprisa\" \/>\r\n<meta property=\"og:description\" content=\"\u00dcBER UNS Wir sind ein junges Unternehmen, das sich auf digitale L\u00f6sungen f\u00fcr analoge Probleme in der Zahntechnik spezialisiert hat. Unser Hauptaugenmerk liegt auf der exakten \u00dcbertragung digital erfasster Daten, die bisher analog reproduziert und neu digitalisiert wurden. Schnelle und einfache Wege der Datenverarbeitung sind heutzutage unumg\u00e4nglich geworden. Die medizinische Welt ver\u00e4ndert sich seit Jahren&hellip;\" \/>\r\n<meta property=\"og:url\" content=\"https:\/\/www.axioprisa.de\/de\/ueber-uns\/\" \/>\r\n<meta property=\"og:site_name\" content=\"axioprisa\" \/>\r\n<meta property=\"article:publisher\" content=\"https:\/\/www.facebook.com\/AxioPrisa-108822991713111\" \/>\r\n<meta property=\"article:modified_time\" content=\"2022-09-20T12:00:13+00:00\" \/>\r\n<meta name=\"twitter:card\" content=\"summary_large_image\" \/>\r\n<meta name=\"twitter:label1\" content=\"Gesch\u00e4tzte Lesezeit\" \/>\n\t<meta name=\"twitter:data1\" content=\"1\u00a0Minute\" \/>\r\n<script type=\"application\/ld+json\" class=\"yoast-schema-graph\">{\"@context\":\"https:\/\/schema.org\",\"@graph\":[{\"@type\":\"WebPage\",\"@id\":\"https:\/\/www.axioprisa.de\/de\/ueber-uns\/\",\"url\":\"https:\/\/www.axioprisa.de\/de\/ueber-uns\/\",\"name\":\"\u00dcBER UNS - axioprisa\",\"isPartOf\":{\"@id\":\"https:\/\/www.axioprisa.de\/de\/#website\"},\"datePublished\":\"2022-02-11T07:35:15+00:00\",\"dateModified\":\"2022-09-20T12:00:13+00:00\",\"breadcrumb\":{\"@id\":\"https:\/\/www.axioprisa.de\/de\/ueber-uns\/#breadcrumb\"},\"inLanguage\":\"de\",\"potentialAction\":[{\"@type\":\"ReadAction\",\"target\":[\"https:\/\/www.axioprisa.de\/de\/ueber-uns\/\"]}]},{\"@type\":\"BreadcrumbList\",\"@id\":\"https:\/\/www.axioprisa.de\/de\/ueber-uns\/#breadcrumb\",\"itemListElement\":[{\"@type\":\"ListItem\",\"position\":1,\"name\":\"Home\",\"item\":\"https:\/\/www.axioprisa.de\/de\/\"},{\"@type\":\"ListItem\",\"position\":2,\"name\":\"\u00dcBER UNS\"}]},{\"@type\":\"WebSite\",\"@id\":\"https:\/\/www.axioprisa.de\/de\/#website\",\"url\":\"https:\/\/www.axioprisa.de\/de\/\",\"name\":\"axioprisa\",\"description\":\"\",\"publisher\":{\"@id\":\"https:\/\/www.axioprisa.de\/de\/#organization\"},\"potentialAction\":[{\"@type\":\"SearchAction\",\"target\":{\"@type\":\"EntryPoint\",\"urlTemplate\":\"https:\/\/www.axioprisa.de\/de\/?s={search_term_string}\"},\"query-input\":{\"@type\":\"PropertyValueSpecification\",\"valueRequired\":true,\"valueName\":\"search_term_string\"}}],\"inLanguage\":\"de\"},{\"@type\":\"Organization\",\"@id\":\"https:\/\/www.axioprisa.de\/de\/#organization\",\"name\":\"AxioPrisa\",\"url\":\"https:\/\/www.axioprisa.de\/de\/\",\"logo\":{\"@type\":\"ImageObject\",\"inLanguage\":\"de\",\"@id\":\"https:\/\/www.axioprisa.de\/de\/#\/schema\/logo\/image\/\",\"url\":\"https:\/\/www.axioprisa.de\/wp-content\/uploads\/2022\/02\/axp-logo.png\",\"contentUrl\":\"https:\/\/www.axioprisa.de\/wp-content\/uploads\/2022\/02\/axp-logo.png\",\"width\":105,\"height\":105,\"caption\":\"AxioPrisa\"},\"image\":{\"@id\":\"https:\/\/www.axioprisa.de\/de\/#\/schema\/logo\/image\/\"},\"sameAs\":[\"https:\/\/www.facebook.com\/AxioPrisa-108822991713111\",\"https:\/\/www.youtube.com\/channel\/UCFJJU5CN1sKReM0Iz-XJHQw\"]}]}<\/script>\r\n<!-- \/ Yoast SEO plugin. -->","yoast_head_json":{"title":"\u00dcBER UNS - axioprisa","robots":{"index":"index","follow":"follow","max-snippet":"max-snippet:-1","max-image-preview":"max-image-preview:large","max-video-preview":"max-video-preview:-1"},"canonical":"https:\/\/www.axioprisa.de\/de\/ueber-uns\/","og_locale":"de_DE","og_type":"article","og_title":"\u00dcBER UNS - axioprisa","og_description":"\u00dcBER UNS Wir sind ein junges Unternehmen, das sich auf digitale L\u00f6sungen f\u00fcr analoge Probleme in der Zahntechnik spezialisiert hat. Unser Hauptaugenmerk liegt auf der exakten \u00dcbertragung digital erfasster Daten, die bisher analog reproduziert und neu digitalisiert wurden. Schnelle und einfache Wege der Datenverarbeitung sind heutzutage unumg\u00e4nglich geworden. Die medizinische Welt ver\u00e4ndert sich seit Jahren&hellip;","og_url":"https:\/\/www.axioprisa.de\/de\/ueber-uns\/","og_site_name":"axioprisa","article_publisher":"https:\/\/www.facebook.com\/AxioPrisa-108822991713111","article_modified_time":"2022-09-20T12:00:13+00:00","twitter_card":"summary_large_image","twitter_misc":{"Gesch\u00e4tzte Lesezeit":"1\u00a0Minute"},"schema":{"@context":"https:\/\/schema.org","@graph":[{"@type":"WebPage","@id":"https:\/\/www.axioprisa.de\/de\/ueber-uns\/","url":"https:\/\/www.axioprisa.de\/de\/ueber-uns\/","name":"\u00dcBER UNS - axioprisa","isPartOf":{"@id":"https:\/\/www.axioprisa.de\/de\/#website"},"datePublished":"2022-02-11T07:35:15+00:00","dateModified":"2022-09-20T12:00:13+00:00","breadcrumb":{"@id":"https:\/\/www.axioprisa.de\/de\/ueber-uns\/#breadcrumb"},"inLanguage":"de","potentialAction":[{"@type":"ReadAction","target":["https:\/\/www.axioprisa.de\/de\/ueber-uns\/"]}]},{"@type":"BreadcrumbList","@id":"https:\/\/www.axioprisa.de\/de\/ueber-uns\/#breadcrumb","itemListElement":[{"@type":"ListItem","position":1,"name":"Home","item":"https:\/\/www.axioprisa.de\/de\/"},{"@type":"ListItem","position":2,"name":"\u00dcBER UNS"}]},{"@type":"WebSite","@id":"https:\/\/www.axioprisa.de\/de\/#website","url":"https:\/\/www.axioprisa.de\/de\/","name":"axioprisa","description":"","publisher":{"@id":"https:\/\/www.axioprisa.de\/de\/#organization"},"potentialAction":[{"@type":"SearchAction","target":{"@type":"EntryPoint","urlTemplate":"https:\/\/www.axioprisa.de\/de\/?s={search_term_string}"},"query-input":{"@type":"PropertyValueSpecification","valueRequired":true,"valueName":"search_term_string"}}],"inLanguage":"de"},{"@type":"Organization","@id":"https:\/\/www.axioprisa.de\/de\/#organization","name":"AxioPrisa","url":"https:\/\/www.axioprisa.de\/de\/","logo":{"@type":"ImageObject","inLanguage":"de","@id":"https:\/\/www.axioprisa.de\/de\/#\/schema\/logo\/image\/","url":"https:\/\/www.axioprisa.de\/wp-content\/uploads\/2022\/02\/axp-logo.png","contentUrl":"https:\/\/www.axioprisa.de\/wp-content\/uploads\/2022\/02\/axp-logo.png","width":105,"height":105,"caption":"AxioPrisa"},"image":{"@id":"https:\/\/www.axioprisa.de\/de\/#\/schema\/logo\/image\/"},"sameAs":["https:\/\/www.facebook.com\/AxioPrisa-108822991713111","https:\/\/www.youtube.com\/channel\/UCFJJU5CN1sKReM0Iz-XJHQw"]}]}},"jetpack_sharing_enabled":true,"_links":{"self":[{"href":"https:\/\/www.axioprisa.de\/de\/wp-json\/wp\/v2\/pages\/2304","targetHints":{"allow":["GET"]}}],"collection":[{"href":"https:\/\/www.axioprisa.de\/de\/wp-json\/wp\/v2\/pages"}],"about":[{"href":"https:\/\/www.axioprisa.de\/de\/wp-json\/wp\/v2\/types\/page"}],"author":[{"embeddable":true,"href":"https:\/\/www.axioprisa.de\/de\/wp-json\/wp\/v2\/users\/1"}],"replies":[{"embeddable":true,"href":"https:\/\/www.axioprisa.de\/de\/wp-json\/wp\/v2\/comments?post=2304"}],"version-history":[{"count":2,"href":"https:\/\/www.axioprisa.de\/de\/wp-json\/wp\/v2\/pages\/2304\/revisions"}],"predecessor-version":[{"id":2456,"href":"https:\/\/www.axioprisa.de\/de\/wp-json\/wp\/v2\/pages\/2304\/revisions\/2456"}],"wp:attachment":[{"href":"https:\/\/www.axioprisa.de\/de\/wp-json\/wp\/v2\/media?parent=2304"}],"curies":[{"name":"wp","href":"https:\/\/api.w.org\/{rel}","templated":true}]}}