{"id":2302,"date":"2022-02-08T22:23:49","date_gmt":"2022-02-08T21:23:49","guid":{"rendered":"https:\/\/www.axioprisa.de\/axioprisa\/"},"modified":"2026-04-23T09:04:39","modified_gmt":"2026-04-23T07:04:39","slug":"axioprisa","status":"publish","type":"page","link":"https:\/\/www.axioprisa.de\/de\/axioprisa\/","title":{"rendered":"AxioPrisa"},"content":{"rendered":"\n<div class=\"wp-block-columns is-layout-flex wp-container-core-columns-is-layout-1 wp-block-columns-is-layout-flex\">\n<div class=\"wp-block-column is-vertically-aligned-top is-layout-flow wp-block-column-is-layout-flow\" style=\"flex-basis:66.66%\">\n<p style=\"font-size:35px;font-style:normal;font-weight:200;\">Unsere <span class=\"has-orange-color has-text-color\" style=\"font-weight:600px;\">einfache L\u00f6sung<\/span> statt eines teuren<br\/> und umst\u00e4ndlichen Weges.<\/p>\n\n\n\n<div style=\"height:30px\" aria-hidden=\"true\" class=\"wp-block-spacer\"><\/div>\n<\/div>\n\n\n\n<div class=\"wp-block-column is-vertically-aligned-bottom mb-0 is-layout-flow wp-block-column-is-layout-flow\" style=\"flex-basis:33.33%\"><div class=\"wp-block-image\">\n<figure class=\"aligncenter size-full\"><img loading=\"lazy\" decoding=\"async\" width=\"227\" height=\"154\" src=\"https:\/\/www.axioprisa.de\/wp-content\/uploads\/2022\/02\/Frame4.png\" alt=\"\" class=\"wp-image-49\"\/><\/figure><\/div><\/div>\n<\/div>\n\n\n\n<p style=\"font-size:35px; font-style:normal;font-weight:200\">Das einzigartige <strong>digitale Transferbogensystem.<\/strong><br\/> Eine Kombination aus Hardware und Software, die in Verbindung mit einem <br\/> klassischen Transferbogen genutzt wird, schlie\u00dft die L\u00fccke und <br\/> finalisiert den <strong>digitalen Workflow.<\/strong><\/p>\n\n\n\n<div class=\"wp-block-group alignfull relative axioprisa-slidere-group\"><div class=\"wp-block-group__inner-container is-layout-flow wp-block-group-is-layout-flow\">\n\n\n\n<div style=\"height:380px\" aria-hidden=\"true\" class=\"wp-block-spacer background-row black absolute\"><\/div>\n<\/div><\/div>\n\n\n\n<div class=\"wp-block-group alignfull gray-gradient-high\"><div class=\"wp-block-group__inner-container is-layout-flow wp-block-group-is-layout-flow\">\n<p class=\"has-text-align-center\" style=\"font-size:48px;font-style:normal;font-weight:500;text-transform:uppercase\">Was ist <span class=\"orange\">AXP?<\/span><\/p>\n\n\n\n<p class=\"has-text-align-center has-orange-color has-text-color\" style=\"font-size:22px;font-style:normal;font-weight:600\">The missing link<\/p>\n\n\n\n<div style=\"height:34px\" aria-hidden=\"true\" class=\"wp-block-spacer\"><\/div>\n\n\n\n<p class=\"has-text-align-center has-medium-font-size\">Die erste Br\u00fccke zwischen Patienten und dem digitalen Scan, ohne DVT, Facesan oder Modellscan. <br>Ein weiterer Intraoralscans reicht aus, um alle Scans in die anatomische Position zu bringen und sie in jeder CAD\/CAM-Software zu verwenden.<\/p>\n\n\n\n<div style=\"height:140px\" aria-hidden=\"true\" class=\"wp-block-spacer\"><\/div>\n\n\n\n<div class=\"wp-block-columns col-reverse is-layout-flex wp-container-core-columns-is-layout-2 wp-block-columns-is-layout-flex\">\n<div class=\"wp-block-column is-layout-flow wp-block-column-is-layout-flow\">\n<figure class=\"wp-block-image size-full is-resized on-mobile-2e2e2e\"><img loading=\"lazy\" decoding=\"async\" width=\"635\" height=\"424\" src=\"https:\/\/www.axioprisa.de\/wp-content\/uploads\/2022\/02\/peter-olexa-pL7IreX9AGY-unsplash-10.png\" alt=\"\" class=\"wp-image-300\" style=\"width:635px;height:424px\" srcset=\"https:\/\/www.axioprisa.de\/wp-content\/uploads\/2022\/02\/peter-olexa-pL7IreX9AGY-unsplash-10.png 635w, https:\/\/www.axioprisa.de\/wp-content\/uploads\/2022\/02\/peter-olexa-pL7IreX9AGY-unsplash-10-300x200.png 300w\" sizes=\"auto, (max-width: 635px) 100vw, 635px\" \/><\/figure>\n<\/div>\n\n\n\n<div class=\"wp-block-column right-on-mobile is-layout-flow wp-block-column-is-layout-flow\">\n<p class=\"has-orange-color has-text-color\" style=\"font-size:60px;font-style:normal;font-weight:700\">SCAN<\/p>\n\n\n\n<p class=\"has-medium-font-size\">Der Scanvorgang ist ein bekanntes Verfahren. Sie m\u00fcssen nur noch einen weiteren Schritt machen: einen zus\u00e4tzlichen Oberkieferscan. <br>Am Ende m\u00fcssen nur noch die *.stl oder *.ply Dateien der Kiefer gespeichert werden.<\/p>\n<\/div>\n<\/div>\n\n\n\n<div class=\"wp-block-columns is-layout-flex wp-container-core-columns-is-layout-3 wp-block-columns-is-layout-flex\">\n<div class=\"wp-block-column left-on-mobile is-layout-flow wp-block-column-is-layout-flow\">\n<p class=\"has-orange-color has-text-color\" style=\"font-size:60px;font-style:normal;font-weight:700\">POSITION<\/p>\n\n\n\n<p class=\"has-medium-font-size\">Verwenden Sie den herk\u00f6mmlichen Transferbogen, befestigen Sie den AxioPrisa und positionieren Sie ihn am Patienten.<\/p>\n\n\n\n<p>Nach den drei herk\u00f6mmlichen Scans machen Sie Ihr AXP-Scan. Daf\u00fcr scannen Sie die Okklusalfl\u00e4che, den sagittalen Stab und die quadratische Referenzfl\u00e4che.<br>Das Muster der Bissgabel wird von der Software verwendet, um die Beziehungen zwischen der Oberkieferposition des Patienten und der Referenzebene abzugleichen.<br>Die Einweg-Transfergabel (Axiojig) ist aus einem FDA-gepr\u00fcften und CE-zertifizierten Material hergestellt.<\/p>\n<\/div>\n\n\n\n<div class=\"wp-block-column is-layout-flow wp-block-column-is-layout-flow\">\n<figure class=\"wp-block-image size-full on-mobile-2e2e2e\"><img loading=\"lazy\" decoding=\"async\" width=\"641\" height=\"429\" src=\"https:\/\/www.axioprisa.de\/wp-content\/uploads\/2022\/02\/peter-olexa-pL7IreX9AGY-unsplash-101.png\" alt=\"\" class=\"wp-image-301\" srcset=\"https:\/\/www.axioprisa.de\/wp-content\/uploads\/2022\/02\/peter-olexa-pL7IreX9AGY-unsplash-101.png 641w, https:\/\/www.axioprisa.de\/wp-content\/uploads\/2022\/02\/peter-olexa-pL7IreX9AGY-unsplash-101-300x201.png 300w\" sizes=\"auto, (max-width: 641px) 100vw, 641px\" \/><\/figure>\n<\/div>\n<\/div>\n\n\n\n<div class=\"wp-block-columns col-reverse is-layout-flex wp-container-core-columns-is-layout-4 wp-block-columns-is-layout-flex\">\n<div class=\"wp-block-column is-layout-flow wp-block-column-is-layout-flow\">\n<figure class=\"wp-block-image size-full on-mobile-2e2e2e\"><img loading=\"lazy\" decoding=\"async\" width=\"641\" height=\"429\" src=\"https:\/\/www.axioprisa.de\/wp-content\/uploads\/2022\/02\/Group-516.png\" alt=\"\" class=\"wp-image-303\" srcset=\"https:\/\/www.axioprisa.de\/wp-content\/uploads\/2022\/02\/Group-516.png 641w, https:\/\/www.axioprisa.de\/wp-content\/uploads\/2022\/02\/Group-516-300x201.png 300w\" sizes=\"auto, (max-width: 641px) 100vw, 641px\" \/><\/figure>\n<\/div>\n\n\n\n<div class=\"wp-block-column right-on-mobile is-layout-flow wp-block-column-is-layout-flow\">\n<p class=\"has-orange-color has-text-color\" style=\"font-size:60px;font-style:normal;font-weight:700\">MATCH<\/p>\n\n\n\n<p>Alle Dateien werden in die AxioPrisa-Software importiert und zusammen gef\u00fcgt. <br>Dadurch werden Ober- und Unterkiefer in der korrekten anatomischen Position im digitalen Artikulator positioniert. <br>Eine Priorit\u00e4t unserer Software war ein selbsterkl\u00e4render und simpler gef\u00fchrter Workflow f\u00fcr den t\u00e4glichen Einsatz.<\/p>\n<\/div>\n<\/div>\n\n\n\n<div class=\"wp-block-columns is-layout-flex wp-container-core-columns-is-layout-5 wp-block-columns-is-layout-flex\">\n<div class=\"wp-block-column left-on-mobile is-layout-flow wp-block-column-is-layout-flow\">\n<p class=\"has-orange-color has-text-color\" style=\"font-size:60px;font-style:normal;font-weight:700\">MOUNT<\/p>\n\n\n\n<p class=\"has-medium-font-size\">Optional: This is the final step. <br\/>Mount digitally your models for analogue use in the articulator. The <a href=\"https:\/\/www.axiosnapmount.de\" target=\"_blank\" rel=\"noreferrer noopener\">Axiosnapmount system <\/a> allows you to generate small printed models which can be attached to the articulator with a combination of mounting plate and distance block.<\/p>\n<\/div>\n\n\n\n<div class=\"wp-block-column is-layout-flow wp-block-column-is-layout-flow\">\n<figure class=\"wp-block-image size-full on-mobile-2e2e2e\"><img loading=\"lazy\" decoding=\"async\" width=\"642\" height=\"430\" src=\"https:\/\/www.axioprisa.de\/wp-content\/uploads\/2022\/02\/peter-olexa-pL7IreX9AGY-unsplash-102.png\" alt=\"\" class=\"wp-image-304\" srcset=\"https:\/\/www.axioprisa.de\/wp-content\/uploads\/2022\/02\/peter-olexa-pL7IreX9AGY-unsplash-102.png 642w, https:\/\/www.axioprisa.de\/wp-content\/uploads\/2022\/02\/peter-olexa-pL7IreX9AGY-unsplash-102-300x201.png 300w\" sizes=\"auto, (max-width: 642px) 100vw, 642px\" \/><\/figure>\n<\/div>\n<\/div>\n\n\n\n<p class=\"has-text-align-center\" id=\"download\" style=\"font-size:40px; font-weight:500;\">Erh\u00e4ltlich f\u00fcr<\/p>\n\n\n\n<div style=\"height:40px\" aria-hidden=\"true\" class=\"wp-block-spacer\"><\/div>\n\n\n\n<div class=\"wp-block-image\" style=\"padding-top: 50px\"><figure class=\"has-text-align-center size-medium is-resized\"><img loading=\"lazy\" decoding=\"async\" src=\"https:\/\/www.axioprisa.de\/wp-content\/uploads\/2022\/02\/Windows-logo-3-300x98.png\" alt=\"\" class=\"wp-image-1087\" width=\"225\" height=\"74\" srcset=\"https:\/\/www.axioprisa.de\/wp-content\/uploads\/2022\/02\/Windows-logo-3-300x98.png 300w, https:\/\/www.axioprisa.de\/wp-content\/uploads\/2022\/02\/Windows-logo-3.png 348w\" sizes=\"auto, (max-width: 225px) 100vw, 225px\" \/><\/figure><\/div>\n\n\n\n<div class=\"wp-block-buttons fixed-width displayblock is-content-justification-center is-layout-flex wp-container-core-buttons-is-layout-1 wp-block-buttons-is-layout-flex\">\n<div class=\"wp-block-button white\"><a class=\"wp-block-button__link has-base-3-color has-black-background-color has-text-color has-background has-text-align-center wp-element-button\" href=\"https:\/\/repos.axiocomp.de\/repos\/1\/InstallAxioprisa_v2025.exe\" style=\"border-radius:0px\" target=\"_blank\" rel=\"noreferrer noopener\">DOWNLOAD F\u00dcR WIN<\/a><\/div>\n<\/div>\n\n\n\n<div class=\"wp-block-image\" style=\"padding-top: 50px;\"><figure class=\"has-text-align-center size-medium is-resized\"><img loading=\"lazy\" decoding=\"async\" src=\"https:\/\/www.axioprisa.de\/wp-content\/uploads\/2022\/02\/Apple-logo-3-300x110.png\" alt=\"\" class=\"wp-image-1091\" width=\"225\" height=\"83\" srcset=\"https:\/\/www.axioprisa.de\/wp-content\/uploads\/2022\/02\/Apple-logo-3-300x110.png 300w, https:\/\/www.axioprisa.de\/wp-content\/uploads\/2022\/02\/Apple-logo-3.png 348w\" sizes=\"auto, (max-width: 225px) 100vw, 225px\" \/><\/figure><\/div>\n\n\n\n<div class=\"wp-block-buttons fixed-width displayblock is-content-justification-center is-layout-flex wp-container-core-buttons-is-layout-2 wp-block-buttons-is-layout-flex\">\n<div class=\"wp-block-button\"><a class=\"wp-block-button__link has-contrast-color has-orange-background-color has-text-color has-background has-text-align-center wp-element-button\" style=\"border-radius:0px\">OSX COMMING SOON<\/a><\/div>\n<\/div>\n\n\n\n<div class=\"wp-block-columns is-layout-flex wp-container-core-columns-is-layout-6 wp-block-columns-is-layout-flex\">\n<div class=\"wp-block-column is-layout-flow wp-block-column-is-layout-flow\"><\/div>\n<\/div>\n\n\n\n<div class=\"wp-block-buttons fixed-width displayblock is-content-justification-center is-layout-flex wp-container-core-buttons-is-layout-3 wp-block-buttons-is-layout-flex\">\n<div class=\"wp-block-button\"><a class=\"wp-block-button__link has-contrast-color has-orange-background-color has-text-color has-background has-text-align-center wp-element-button\" href=\"https:\/\/www.axioprisa.de\/de\/produkt\/axioprisa-test-files\/\" style=\"border-radius:0px\">HOL DIR JETZT DIE AXP TESTDATEN<\/a><\/div>\n<\/div>\n<\/div><\/div>\n\n\n\n<div class=\"wp-block-group alignfull relative has-black-background-color has-background\" id=\"get-your-axp\"><div class=\"wp-block-group__inner-container is-layout-flow wp-block-group-is-layout-flow\">\n<div class=\"wp-block-columns mb-0 col-reverse is-layout-flex wp-container-core-columns-is-layout-7 wp-block-columns-is-layout-flex\">\n<div class=\"wp-block-column is-vertically-aligned-center is-layout-flow wp-block-column-is-layout-flow\">\n<div style=\"height:34px\" aria-hidden=\"true\" class=\"wp-block-spacer\"><\/div>\n\n\n\n<p style=\"font-size:40px; font-weight:200;\">Holen Sie sich jetzt Ihr <span class=\"orange\" style=\"font-weight:500;\">AXP<\/span>!<\/p>\n\n\n\n<p class=\"has-text-align-left has-medium-font-size\">Werfen Sie einen Blick in unseren Shop!<\/p>\n\n\n\n<div style=\"height:34px\" aria-hidden=\"true\" class=\"wp-block-spacer\"><\/div>\n\n\n\n<p class=\"has-text-align-left has-medium-font-size\">Fangen Sie sofort an, Zeit und Geld zu sparen, indem Sie AxioPrisa in Ihren digitalen Workflow integrieren. <br\/>AXP-Adapter f\u00fcr verschiedene Gesichtsbogenmarken sind in Arbeit.<\/p>\n\n\n\n<p>Informieren Sie sich \u00fcber unsere laufenden Erfindungen und Aktionen.<\/p>\n\n\n\n<div class=\"wp-block-buttons center-on-mobile is-content-justification-right is-layout-flex wp-container-core-buttons-is-layout-4 wp-block-buttons-is-layout-flex\">\n<div class=\"wp-block-button has-custom-font-size center-on-mobile\" style=\"font-size:28px\"><a class=\"wp-block-button__link has-black-color has-orange-background-color has-text-color has-background\" href=\"https:\/\/www.axioprisa.de\/de\/shop\/\" style=\"border-radius:0px\" target=\"_blank\" rel=\"noreferrer noopener\">SHOP<\/a><\/div>\n<\/div>\n<\/div>\n\n\n\n<div class=\"wp-block-column is-vertically-aligned-center is-layout-flow wp-block-column-is-layout-flow\">\n<figure class=\"wp-block-image size-full absolute\"><img loading=\"lazy\" decoding=\"async\" width=\"969\" height=\"545\" src=\"https:\/\/www.axioprisa.de\/wp-content\/uploads\/2022\/02\/Group-23761.png\" alt=\"\" class=\"wp-image-108\" srcset=\"https:\/\/www.axioprisa.de\/wp-content\/uploads\/2022\/02\/Group-23761.png 969w, https:\/\/www.axioprisa.de\/wp-content\/uploads\/2022\/02\/Group-23761-300x169.png 300w, https:\/\/www.axioprisa.de\/wp-content\/uploads\/2022\/02\/Group-23761-768x432.png 768w\" sizes=\"auto, (max-width: 969px) 100vw, 969px\" \/><\/figure>\n<\/div>\n<\/div>\n<\/div><\/div>\n\n\n\n<div style=\"height:200px\" aria-hidden=\"true\" class=\"wp-block-spacer\"><\/div>\n","protected":false},"excerpt":{"rendered":"<p>Unsere einfache L\u00f6sung statt eines teuren und umst\u00e4ndlichen Weges. Das einzigartige digitale Transferbogensystem. Eine Kombination aus Hardware und Software, die in Verbindung mit einem klassischen Transferbogen genutzt wird, schlie\u00dft die L\u00fccke und finalisiert den digitalen Workflow. Was ist AXP? The missing link Die erste Br\u00fccke zwischen Patienten und dem digitalen Scan, ohne DVT, Facesan oder&hellip;<\/p>\n","protected":false},"author":1,"featured_media":0,"parent":0,"menu_order":0,"comment_status":"closed","ping_status":"closed","template":"","meta":{"footnotes":""},"class_list":["post-2302","page","type-page","status-publish"],"yoast_head":"<!-- This site is optimized with the Yoast SEO plugin v25.4 - https:\/\/yoast.com\/wordpress\/plugins\/seo\/ -->\r\n<title>AxioPrisa - axioprisa<\/title>\r\n<meta name=\"robots\" content=\"index, follow, max-snippet:-1, max-image-preview:large, max-video-preview:-1\" \/>\r\n<link rel=\"canonical\" href=\"https:\/\/www.axioprisa.de\/de\/axioprisa\/\" \/>\r\n<meta property=\"og:locale\" content=\"de_DE\" \/>\r\n<meta property=\"og:type\" content=\"article\" \/>\r\n<meta property=\"og:title\" content=\"AxioPrisa\" \/>\r\n<meta property=\"og:description\" content=\"https:\/\/www.facebook.com\/profile.php?id=100077868281820\" \/>\r\n<meta property=\"og:url\" content=\"https:\/\/www.axioprisa.de\/de\/axioprisa\/\" \/>\r\n<meta property=\"og:site_name\" content=\"axioprisa\" \/>\r\n<meta property=\"article:publisher\" content=\"https:\/\/www.facebook.com\/AxioPrisa-108822991713111\" \/>\r\n<meta property=\"article:modified_time\" content=\"2026-04-23T07:04:39+00:00\" \/>\r\n<meta property=\"og:image\" content=\"https:\/\/www.axioprisa.de\/wp-content\/uploads\/2022\/02\/favicon_axp-300x300.png\" \/>\r\n<meta name=\"twitter:card\" content=\"summary_large_image\" \/>\r\n<meta name=\"twitter:label1\" content=\"Gesch\u00e4tzte Lesezeit\" \/>\n\t<meta name=\"twitter:data1\" content=\"3\u00a0Minuten\" \/>\r\n<script type=\"application\/ld+json\" class=\"yoast-schema-graph\">{\"@context\":\"https:\/\/schema.org\",\"@graph\":[{\"@type\":\"WebPage\",\"@id\":\"https:\/\/www.axioprisa.de\/de\/axioprisa\/\",\"url\":\"https:\/\/www.axioprisa.de\/de\/axioprisa\/\",\"name\":\"AxioPrisa - axioprisa\",\"isPartOf\":{\"@id\":\"https:\/\/www.axioprisa.de\/de\/#website\"},\"primaryImageOfPage\":{\"@id\":\"https:\/\/www.axioprisa.de\/de\/axioprisa\/#primaryimage\"},\"image\":{\"@id\":\"https:\/\/www.axioprisa.de\/de\/axioprisa\/#primaryimage\"},\"thumbnailUrl\":\"https:\/\/www.axioprisa.de\/wp-content\/uploads\/2022\/02\/Frame4.png\",\"datePublished\":\"2022-02-08T21:23:49+00:00\",\"dateModified\":\"2026-04-23T07:04:39+00:00\",\"breadcrumb\":{\"@id\":\"https:\/\/www.axioprisa.de\/de\/axioprisa\/#breadcrumb\"},\"inLanguage\":\"de\",\"potentialAction\":[{\"@type\":\"ReadAction\",\"target\":[\"https:\/\/www.axioprisa.de\/de\/axioprisa\/\"]}]},{\"@type\":\"ImageObject\",\"inLanguage\":\"de\",\"@id\":\"https:\/\/www.axioprisa.de\/de\/axioprisa\/#primaryimage\",\"url\":\"https:\/\/www.axioprisa.de\/wp-content\/uploads\/2022\/02\/Frame4.png\",\"contentUrl\":\"https:\/\/www.axioprisa.de\/wp-content\/uploads\/2022\/02\/Frame4.png\"},{\"@type\":\"BreadcrumbList\",\"@id\":\"https:\/\/www.axioprisa.de\/de\/axioprisa\/#breadcrumb\",\"itemListElement\":[{\"@type\":\"ListItem\",\"position\":1,\"name\":\"Home\",\"item\":\"https:\/\/www.axioprisa.de\/de\/\"},{\"@type\":\"ListItem\",\"position\":2,\"name\":\"AxioPrisa\"}]},{\"@type\":\"WebSite\",\"@id\":\"https:\/\/www.axioprisa.de\/de\/#website\",\"url\":\"https:\/\/www.axioprisa.de\/de\/\",\"name\":\"axioprisa\",\"description\":\"\",\"publisher\":{\"@id\":\"https:\/\/www.axioprisa.de\/de\/#organization\"},\"potentialAction\":[{\"@type\":\"SearchAction\",\"target\":{\"@type\":\"EntryPoint\",\"urlTemplate\":\"https:\/\/www.axioprisa.de\/de\/?s={search_term_string}\"},\"query-input\":{\"@type\":\"PropertyValueSpecification\",\"valueRequired\":true,\"valueName\":\"search_term_string\"}}],\"inLanguage\":\"de\"},{\"@type\":\"Organization\",\"@id\":\"https:\/\/www.axioprisa.de\/de\/#organization\",\"name\":\"AxioPrisa\",\"url\":\"https:\/\/www.axioprisa.de\/de\/\",\"logo\":{\"@type\":\"ImageObject\",\"inLanguage\":\"de\",\"@id\":\"https:\/\/www.axioprisa.de\/de\/#\/schema\/logo\/image\/\",\"url\":\"https:\/\/www.axioprisa.de\/wp-content\/uploads\/2022\/02\/axp-logo.png\",\"contentUrl\":\"https:\/\/www.axioprisa.de\/wp-content\/uploads\/2022\/02\/axp-logo.png\",\"width\":105,\"height\":105,\"caption\":\"AxioPrisa\"},\"image\":{\"@id\":\"https:\/\/www.axioprisa.de\/de\/#\/schema\/logo\/image\/\"},\"sameAs\":[\"https:\/\/www.facebook.com\/AxioPrisa-108822991713111\",\"https:\/\/www.youtube.com\/channel\/UCFJJU5CN1sKReM0Iz-XJHQw\"]}]}<\/script>\r\n<!-- \/ Yoast SEO plugin. -->","yoast_head_json":{"title":"AxioPrisa - axioprisa","robots":{"index":"index","follow":"follow","max-snippet":"max-snippet:-1","max-image-preview":"max-image-preview:large","max-video-preview":"max-video-preview:-1"},"canonical":"https:\/\/www.axioprisa.de\/de\/axioprisa\/","og_locale":"de_DE","og_type":"article","og_title":"AxioPrisa","og_description":"https:\/\/www.facebook.com\/profile.php?id=100077868281820","og_url":"https:\/\/www.axioprisa.de\/de\/axioprisa\/","og_site_name":"axioprisa","article_publisher":"https:\/\/www.facebook.com\/AxioPrisa-108822991713111","article_modified_time":"2026-04-23T07:04:39+00:00","og_image":[{"url":"https:\/\/www.axioprisa.de\/wp-content\/uploads\/2022\/02\/favicon_axp-300x300.png","type":"","width":"","height":""}],"twitter_card":"summary_large_image","twitter_misc":{"Gesch\u00e4tzte Lesezeit":"3\u00a0Minuten"},"schema":{"@context":"https:\/\/schema.org","@graph":[{"@type":"WebPage","@id":"https:\/\/www.axioprisa.de\/de\/axioprisa\/","url":"https:\/\/www.axioprisa.de\/de\/axioprisa\/","name":"AxioPrisa - axioprisa","isPartOf":{"@id":"https:\/\/www.axioprisa.de\/de\/#website"},"primaryImageOfPage":{"@id":"https:\/\/www.axioprisa.de\/de\/axioprisa\/#primaryimage"},"image":{"@id":"https:\/\/www.axioprisa.de\/de\/axioprisa\/#primaryimage"},"thumbnailUrl":"https:\/\/www.axioprisa.de\/wp-content\/uploads\/2022\/02\/Frame4.png","datePublished":"2022-02-08T21:23:49+00:00","dateModified":"2026-04-23T07:04:39+00:00","breadcrumb":{"@id":"https:\/\/www.axioprisa.de\/de\/axioprisa\/#breadcrumb"},"inLanguage":"de","potentialAction":[{"@type":"ReadAction","target":["https:\/\/www.axioprisa.de\/de\/axioprisa\/"]}]},{"@type":"ImageObject","inLanguage":"de","@id":"https:\/\/www.axioprisa.de\/de\/axioprisa\/#primaryimage","url":"https:\/\/www.axioprisa.de\/wp-content\/uploads\/2022\/02\/Frame4.png","contentUrl":"https:\/\/www.axioprisa.de\/wp-content\/uploads\/2022\/02\/Frame4.png"},{"@type":"BreadcrumbList","@id":"https:\/\/www.axioprisa.de\/de\/axioprisa\/#breadcrumb","itemListElement":[{"@type":"ListItem","position":1,"name":"Home","item":"https:\/\/www.axioprisa.de\/de\/"},{"@type":"ListItem","position":2,"name":"AxioPrisa"}]},{"@type":"WebSite","@id":"https:\/\/www.axioprisa.de\/de\/#website","url":"https:\/\/www.axioprisa.de\/de\/","name":"axioprisa","description":"","publisher":{"@id":"https:\/\/www.axioprisa.de\/de\/#organization"},"potentialAction":[{"@type":"SearchAction","target":{"@type":"EntryPoint","urlTemplate":"https:\/\/www.axioprisa.de\/de\/?s={search_term_string}"},"query-input":{"@type":"PropertyValueSpecification","valueRequired":true,"valueName":"search_term_string"}}],"inLanguage":"de"},{"@type":"Organization","@id":"https:\/\/www.axioprisa.de\/de\/#organization","name":"AxioPrisa","url":"https:\/\/www.axioprisa.de\/de\/","logo":{"@type":"ImageObject","inLanguage":"de","@id":"https:\/\/www.axioprisa.de\/de\/#\/schema\/logo\/image\/","url":"https:\/\/www.axioprisa.de\/wp-content\/uploads\/2022\/02\/axp-logo.png","contentUrl":"https:\/\/www.axioprisa.de\/wp-content\/uploads\/2022\/02\/axp-logo.png","width":105,"height":105,"caption":"AxioPrisa"},"image":{"@id":"https:\/\/www.axioprisa.de\/de\/#\/schema\/logo\/image\/"},"sameAs":["https:\/\/www.facebook.com\/AxioPrisa-108822991713111","https:\/\/www.youtube.com\/channel\/UCFJJU5CN1sKReM0Iz-XJHQw"]}]}},"jetpack_sharing_enabled":true,"_links":{"self":[{"href":"https:\/\/www.axioprisa.de\/de\/wp-json\/wp\/v2\/pages\/2302","targetHints":{"allow":["GET"]}}],"collection":[{"href":"https:\/\/www.axioprisa.de\/de\/wp-json\/wp\/v2\/pages"}],"about":[{"href":"https:\/\/www.axioprisa.de\/de\/wp-json\/wp\/v2\/types\/page"}],"author":[{"embeddable":true,"href":"https:\/\/www.axioprisa.de\/de\/wp-json\/wp\/v2\/users\/1"}],"replies":[{"embeddable":true,"href":"https:\/\/www.axioprisa.de\/de\/wp-json\/wp\/v2\/comments?post=2302"}],"version-history":[{"count":33,"href":"https:\/\/www.axioprisa.de\/de\/wp-json\/wp\/v2\/pages\/2302\/revisions"}],"predecessor-version":[{"id":6641,"href":"https:\/\/www.axioprisa.de\/de\/wp-json\/wp\/v2\/pages\/2302\/revisions\/6641"}],"wp:attachment":[{"href":"https:\/\/www.axioprisa.de\/de\/wp-json\/wp\/v2\/media?parent=2302"}],"curies":[{"name":"wp","href":"https:\/\/api.w.org\/{rel}","templated":true}]}}